{"id":11358,"date":"2025-12-05T22:09:53","date_gmt":"2025-12-05T22:09:53","guid":{"rendered":"https:\/\/senzorika.ajvonidol.si\/?post_type=product&#038;p=11358"},"modified":"2025-12-27T19:46:54","modified_gmt":"2025-12-27T19:46:54","slug":"magnetni-barvni-labirint","status":"publish","type":"product","link":"https:\/\/senzorika-varga.si\/en\/product\/magnetni-barvni-labirint\/","title":{"rendered":"Magnetni barvni labirint"},"content":{"rendered":"<p>Labirint je namenjen otrokom, ki morajo poleg zabave izbolj\u0161ati tudi koordinacijo rok in o\u010di ter zaznavnost. Cilj igre je z magnetnim pisalom poganjati jekleno kroglico v labirintu. Premi\u010dni drsniki lahko olaj\u0161ajo ali ote\u017eijo doseganje ciljnih barvnih utorov.<br \/>\nDimenzije: 30 x 30 x 1,6 cm; materiali: les, magnet, pleksi steklo; starost 3+<\/p>","protected":false},"excerpt":{"rendered":"<p>Labirint je namenjen otrokom, ki morajo poleg zabave izbolj\u0161ati tudi koordinacijo rok in o\u010di ter zaznavnost. Cilj igre je z magnetnim pisalom poganjati jekleno kroglico v labirintu. Premi\u010dni drsniki lahko olaj\u0161ajo ali ote\u017eijo doseganje ciljnih barvnih utorov.<br \/>\nDimenzije: 30 x 30 x 1,6 cm; materiali: les, magnet, pleksi steklo; starost 3+<\/p>","protected":false},"featured_media":12901,"menu_order":0,"comment_status":"open","ping_status":"closed","template":"","meta":[],"product_brand":[],"product_cat":[102],"product_tag":[],"class_list":{"0":"post-11358","1":"product","2":"type-product","3":"status-publish","4":"has-post-thumbnail","6":"product_cat-fina-motorika","8":"first","9":"instock","10":"taxable","11":"shipping-taxable","12":"purchasable","13":"product-type-simple"},"jetpack_sharing_enabled":true,"_links":{"self":[{"href":"https:\/\/senzorika-varga.si\/en\/wp-json\/wp\/v2\/product\/11358","targetHints":{"allow":["GET"]}}],"collection":[{"href":"https:\/\/senzorika-varga.si\/en\/wp-json\/wp\/v2\/product"}],"about":[{"href":"https:\/\/senzorika-varga.si\/en\/wp-json\/wp\/v2\/types\/product"}],"replies":[{"embeddable":true,"href":"https:\/\/senzorika-varga.si\/en\/wp-json\/wp\/v2\/comments?post=11358"}],"version-history":[{"count":1,"href":"https:\/\/senzorika-varga.si\/en\/wp-json\/wp\/v2\/product\/11358\/revisions"}],"predecessor-version":[{"id":11359,"href":"https:\/\/senzorika-varga.si\/en\/wp-json\/wp\/v2\/product\/11358\/revisions\/11359"}],"wp:featuredmedia":[{"embeddable":true,"href":"https:\/\/senzorika-varga.si\/en\/wp-json\/wp\/v2\/media\/12901"}],"wp:attachment":[{"href":"https:\/\/senzorika-varga.si\/en\/wp-json\/wp\/v2\/media?parent=11358"}],"wp:term":[{"taxonomy":"product_brand","embeddable":true,"href":"https:\/\/senzorika-varga.si\/en\/wp-json\/wp\/v2\/product_brand?post=11358"},{"taxonomy":"product_cat","embeddable":true,"href":"https:\/\/senzorika-varga.si\/en\/wp-json\/wp\/v2\/product_cat?post=11358"},{"taxonomy":"product_tag","embeddable":true,"href":"https:\/\/senzorika-varga.si\/en\/wp-json\/wp\/v2\/product_tag?post=11358"}],"curies":[{"name":"wp","href":"https:\/\/api.w.org\/{rel}","templated":true}]}}