{"id":11356,"date":"2025-12-05T22:09:53","date_gmt":"2025-12-05T22:09:53","guid":{"rendered":"https:\/\/senzorika.ajvonidol.si\/?post_type=product&#038;p=11356"},"modified":"2025-12-27T19:46:54","modified_gmt":"2025-12-27T19:46:54","slug":"magnetni-labirint-oblik","status":"publish","type":"product","link":"https:\/\/senzorika-varga.si\/en\/product\/magnetni-labirint-oblik\/","title":{"rendered":"Magnetni labirint oblik"},"content":{"rendered":"<p>Igra\u010da, s katero otrok vadi razlo\u010devanje in povezovanje oblik glede na vzorce v delovnih listih. Magnetna palica pomaga premikati kocke na prava mesta. Igra\u010da razvija domi\u0161ljijo, koordinacijo in natan\u010dnost gibov.<br \/>\nDimenzije: 29,5 x 19 x 1,8 cm; vklju\u010duje 8 delovnih listov; materiali: les, magnet, pleksi steklo, plastika; starost 3+<\/p>","protected":false},"excerpt":{"rendered":"<p>Igra\u010da, s katero otrok vadi razlo\u010devanje in povezovanje oblik glede na vzorce v delovnih listih. Magnetna palica pomaga premikati kocke na prava mesta. Igra\u010da razvija domi\u0161ljijo, koordinacijo in natan\u010dnost gibov.<br \/>\nDimenzije: 29,5 x 19 x 1,8 cm; vklju\u010duje 8 delovnih listov; materiali: les, magnet, pleksi steklo, plastika; starost 3+<\/p>","protected":false},"featured_media":12900,"menu_order":0,"comment_status":"open","ping_status":"closed","template":"","meta":[],"product_brand":[],"product_cat":[102],"product_tag":[],"class_list":{"0":"post-11356","1":"product","2":"type-product","3":"status-publish","4":"has-post-thumbnail","6":"product_cat-fina-motorika","8":"first","9":"instock","10":"taxable","11":"shipping-taxable","12":"purchasable","13":"product-type-simple"},"jetpack_sharing_enabled":true,"_links":{"self":[{"href":"https:\/\/senzorika-varga.si\/en\/wp-json\/wp\/v2\/product\/11356","targetHints":{"allow":["GET"]}}],"collection":[{"href":"https:\/\/senzorika-varga.si\/en\/wp-json\/wp\/v2\/product"}],"about":[{"href":"https:\/\/senzorika-varga.si\/en\/wp-json\/wp\/v2\/types\/product"}],"replies":[{"embeddable":true,"href":"https:\/\/senzorika-varga.si\/en\/wp-json\/wp\/v2\/comments?post=11356"}],"version-history":[{"count":1,"href":"https:\/\/senzorika-varga.si\/en\/wp-json\/wp\/v2\/product\/11356\/revisions"}],"predecessor-version":[{"id":11357,"href":"https:\/\/senzorika-varga.si\/en\/wp-json\/wp\/v2\/product\/11356\/revisions\/11357"}],"wp:featuredmedia":[{"embeddable":true,"href":"https:\/\/senzorika-varga.si\/en\/wp-json\/wp\/v2\/media\/12900"}],"wp:attachment":[{"href":"https:\/\/senzorika-varga.si\/en\/wp-json\/wp\/v2\/media?parent=11356"}],"wp:term":[{"taxonomy":"product_brand","embeddable":true,"href":"https:\/\/senzorika-varga.si\/en\/wp-json\/wp\/v2\/product_brand?post=11356"},{"taxonomy":"product_cat","embeddable":true,"href":"https:\/\/senzorika-varga.si\/en\/wp-json\/wp\/v2\/product_cat?post=11356"},{"taxonomy":"product_tag","embeddable":true,"href":"https:\/\/senzorika-varga.si\/en\/wp-json\/wp\/v2\/product_tag?post=11356"}],"curies":[{"name":"wp","href":"https:\/\/api.w.org\/{rel}","templated":true}]}}