{"id":11352,"date":"2025-12-05T22:09:52","date_gmt":"2025-12-05T22:09:52","guid":{"rendered":"https:\/\/senzorika.ajvonidol.si\/?post_type=product&#038;p=11352"},"modified":"2025-12-27T19:46:54","modified_gmt":"2025-12-27T19:46:54","slug":"namizne-table-glasbene-note","status":"publish","type":"product","link":"https:\/\/senzorika-varga.si\/en\/product\/namizne-table-glasbene-note\/","title":{"rendered":"Namizna grafomotori\u010dna tabla Glasbene note"},"content":{"rendered":"<p>Pripomo\u010dek za izbolj\u0161anje motorike rok, natan\u010dnosti gibov in vizualno-motori\u010dne koordinacije. 40 x 35 cm.<\/p>","protected":false},"excerpt":{"rendered":"<p>Pripomo\u010dek za izbolj\u0161anje motorike rok, natan\u010dnosti gibov in vizualno-motori\u010dne koordinacije. 40 x 35 cm.<\/p>","protected":false},"featured_media":12898,"menu_order":0,"comment_status":"open","ping_status":"closed","template":"","meta":[],"product_brand":[],"product_cat":[102],"product_tag":[],"class_list":{"0":"post-11352","1":"product","2":"type-product","3":"status-publish","4":"has-post-thumbnail","6":"product_cat-fina-motorika","8":"first","9":"instock","10":"taxable","11":"shipping-taxable","12":"purchasable","13":"product-type-simple"},"jetpack_sharing_enabled":true,"_links":{"self":[{"href":"https:\/\/senzorika-varga.si\/en\/wp-json\/wp\/v2\/product\/11352","targetHints":{"allow":["GET"]}}],"collection":[{"href":"https:\/\/senzorika-varga.si\/en\/wp-json\/wp\/v2\/product"}],"about":[{"href":"https:\/\/senzorika-varga.si\/en\/wp-json\/wp\/v2\/types\/product"}],"replies":[{"embeddable":true,"href":"https:\/\/senzorika-varga.si\/en\/wp-json\/wp\/v2\/comments?post=11352"}],"version-history":[{"count":2,"href":"https:\/\/senzorika-varga.si\/en\/wp-json\/wp\/v2\/product\/11352\/revisions"}],"predecessor-version":[{"id":13122,"href":"https:\/\/senzorika-varga.si\/en\/wp-json\/wp\/v2\/product\/11352\/revisions\/13122"}],"wp:featuredmedia":[{"embeddable":true,"href":"https:\/\/senzorika-varga.si\/en\/wp-json\/wp\/v2\/media\/12898"}],"wp:attachment":[{"href":"https:\/\/senzorika-varga.si\/en\/wp-json\/wp\/v2\/media?parent=11352"}],"wp:term":[{"taxonomy":"product_brand","embeddable":true,"href":"https:\/\/senzorika-varga.si\/en\/wp-json\/wp\/v2\/product_brand?post=11352"},{"taxonomy":"product_cat","embeddable":true,"href":"https:\/\/senzorika-varga.si\/en\/wp-json\/wp\/v2\/product_cat?post=11352"},{"taxonomy":"product_tag","embeddable":true,"href":"https:\/\/senzorika-varga.si\/en\/wp-json\/wp\/v2\/product_tag?post=11352"}],"curies":[{"name":"wp","href":"https:\/\/api.w.org\/{rel}","templated":true}]}}