{"id":1135,"date":"2025-11-03T21:51:01","date_gmt":"2025-11-03T21:51:01","guid":{"rendered":"https:\/\/senzorika.ajvonidol.si\/?post_type=product&#038;p=1135"},"modified":"2025-12-31T08:34:09","modified_gmt":"2025-12-31T08:34:09","slug":"dvojni-okvir-z-en1176-certifikatom","status":"publish","type":"product","link":"https:\/\/senzorika-varga.si\/en\/product\/dvojni-okvir-z-en1176-certifikatom\/","title":{"rendered":"Dvojni okvir s EN1176 certifikatom"},"content":{"rendered":"<div><!--block-->EN1176 certifikat<br \/>Idealna za uporabo v \u0161olah, bolni\u0161nicah, domovih za ostarele in drugih institucionalnih okoljih. Ker gugalnice ne vzdr\u017eijo vandalizma, je pri uporabi na javnih igri\u0161\u010dih potrebno poskrbeti za varovanjem pred po\u0161kodbami vandalizma.<\/p>\n<p>Izdelan iz trpe\u017enega jekla. Za razliko od barvanih gugalnic se na\u0161 premaz proti rjavenju ne odkru\u0161i ali lu\u0161\u010di.&nbsp; Vklju\u010duje 4 nastavljive nosilce gugalnice za pritrditev va\u0161e najljub\u0161e gugalnice. Prednost pred lesenim okvirom je v samem vzdr\u017eevanju, kovina ima ve\u010dletno \u017eivljenjsko dobo kot les.<\/p>\n<p>Najve\u010dja omejitev nihajne te\u017ee je 225 kg, porazdeljena \u010dez zgornjo palico.<\/p>\n<p>Zahtevana monta\u017ea.<\/p>\n<p>Ni priporo\u010dljivo za na\u0161o gugalnico na plo\u0161\u010dadi za invalidske vozi\u010dke ali za na\u0161 gugalnik za odrasle \u2013 poskusite enojno gugalnico.<\/p>\n<p>Gugalnik ni prilo\u017een.<\/p>\n<p>Izdelano v Angliji<\/p>\n<p>OPOMBA Gugalnice niso prilo\u017eene &#8211; prosimo, kontaktirajte nas za namige in nasvete!<\/p><\/div>","protected":false},"excerpt":{"rendered":"<p>Dvojni okvir s EN1176 certifikatom<\/p>","protected":false},"featured_media":8224,"menu_order":0,"comment_status":"open","ping_status":"closed","template":"","meta":[],"product_brand":[],"product_cat":[106,76,101,78,125,105,75,77],"product_tag":[],"class_list":{"0":"post-1135","1":"product","2":"type-product","3":"status-publish","4":"has-post-thumbnail","6":"product_cat-gibanje","7":"product_cat-gugalnice","8":"product_cat-motorika","9":"product_cat-senzorna-integracija","10":"product_cat-snoezelen","11":"product_cat-terapija","12":"product_cat-vestibularni-pripomocki","13":"product_cat-vzmetenje","15":"first","16":"instock","17":"taxable","18":"shipping-taxable","19":"purchasable","20":"product-type-simple"},"jetpack_sharing_enabled":true,"_links":{"self":[{"href":"https:\/\/senzorika-varga.si\/en\/wp-json\/wp\/v2\/product\/1135","targetHints":{"allow":["GET"]}}],"collection":[{"href":"https:\/\/senzorika-varga.si\/en\/wp-json\/wp\/v2\/product"}],"about":[{"href":"https:\/\/senzorika-varga.si\/en\/wp-json\/wp\/v2\/types\/product"}],"replies":[{"embeddable":true,"href":"https:\/\/senzorika-varga.si\/en\/wp-json\/wp\/v2\/comments?post=1135"}],"version-history":[{"count":1,"href":"https:\/\/senzorika-varga.si\/en\/wp-json\/wp\/v2\/product\/1135\/revisions"}],"predecessor-version":[{"id":1136,"href":"https:\/\/senzorika-varga.si\/en\/wp-json\/wp\/v2\/product\/1135\/revisions\/1136"}],"wp:featuredmedia":[{"embeddable":true,"href":"https:\/\/senzorika-varga.si\/en\/wp-json\/wp\/v2\/media\/8224"}],"wp:attachment":[{"href":"https:\/\/senzorika-varga.si\/en\/wp-json\/wp\/v2\/media?parent=1135"}],"wp:term":[{"taxonomy":"product_brand","embeddable":true,"href":"https:\/\/senzorika-varga.si\/en\/wp-json\/wp\/v2\/product_brand?post=1135"},{"taxonomy":"product_cat","embeddable":true,"href":"https:\/\/senzorika-varga.si\/en\/wp-json\/wp\/v2\/product_cat?post=1135"},{"taxonomy":"product_tag","embeddable":true,"href":"https:\/\/senzorika-varga.si\/en\/wp-json\/wp\/v2\/product_tag?post=1135"}],"curies":[{"name":"wp","href":"https:\/\/api.w.org\/{rel}","templated":true}]}}