{"id":11342,"date":"2025-12-05T22:09:51","date_gmt":"2025-12-05T22:09:51","guid":{"rendered":"https:\/\/senzorika.ajvonidol.si\/?post_type=product&#038;p=11342"},"modified":"2025-12-27T19:46:50","modified_gmt":"2025-12-27T19:46:50","slug":"dvorocna-grafomotoricna-tabla-zmaji","status":"publish","type":"product","link":"https:\/\/senzorika-varga.si\/en\/product\/dvorocna-grafomotoricna-tabla-zmaji\/","title":{"rendered":"Dvoro\u010dna grafomotori\u010dna tabla Zmaji"},"content":{"rendered":"<p>Z vodenjem lesenega svin\u010dnika po vzorcu otrok razvija koordinacijo in pripravlja roko na u\u010denje pisanja \u010drk. Primerno za otroke z izrazito desni\u010darsko ali levi\u010darsko orientacijo (npr. pribli\u017eno 5 let). Izdelano iz MDF-ja. 30 x 21 cm.<\/p>","protected":false},"excerpt":{"rendered":"<p>Z vodenjem lesenega svin\u010dnika po vzorcu otrok razvija koordinacijo in pripravlja roko na u\u010denje pisanja \u010drk. Primerno za otroke z izrazito desni\u010darsko ali levi\u010darsko orientacijo (npr. pribli\u017eno 5 let). Izdelano iz MDF-ja. 30 x 21 cm.<\/p>","protected":false},"featured_media":12892,"menu_order":0,"comment_status":"open","ping_status":"closed","template":"","meta":[],"product_brand":[],"product_cat":[102],"product_tag":[],"class_list":{"0":"post-11342","1":"product","2":"type-product","3":"status-publish","4":"has-post-thumbnail","6":"product_cat-fina-motorika","8":"first","9":"instock","10":"taxable","11":"shipping-taxable","12":"purchasable","13":"product-type-simple"},"jetpack_sharing_enabled":true,"_links":{"self":[{"href":"https:\/\/senzorika-varga.si\/en\/wp-json\/wp\/v2\/product\/11342","targetHints":{"allow":["GET"]}}],"collection":[{"href":"https:\/\/senzorika-varga.si\/en\/wp-json\/wp\/v2\/product"}],"about":[{"href":"https:\/\/senzorika-varga.si\/en\/wp-json\/wp\/v2\/types\/product"}],"replies":[{"embeddable":true,"href":"https:\/\/senzorika-varga.si\/en\/wp-json\/wp\/v2\/comments?post=11342"}],"version-history":[{"count":1,"href":"https:\/\/senzorika-varga.si\/en\/wp-json\/wp\/v2\/product\/11342\/revisions"}],"predecessor-version":[{"id":11343,"href":"https:\/\/senzorika-varga.si\/en\/wp-json\/wp\/v2\/product\/11342\/revisions\/11343"}],"wp:featuredmedia":[{"embeddable":true,"href":"https:\/\/senzorika-varga.si\/en\/wp-json\/wp\/v2\/media\/12892"}],"wp:attachment":[{"href":"https:\/\/senzorika-varga.si\/en\/wp-json\/wp\/v2\/media?parent=11342"}],"wp:term":[{"taxonomy":"product_brand","embeddable":true,"href":"https:\/\/senzorika-varga.si\/en\/wp-json\/wp\/v2\/product_brand?post=11342"},{"taxonomy":"product_cat","embeddable":true,"href":"https:\/\/senzorika-varga.si\/en\/wp-json\/wp\/v2\/product_cat?post=11342"},{"taxonomy":"product_tag","embeddable":true,"href":"https:\/\/senzorika-varga.si\/en\/wp-json\/wp\/v2\/product_tag?post=11342"}],"curies":[{"name":"wp","href":"https:\/\/api.w.org\/{rel}","templated":true}]}}