{"id":11336,"date":"2025-12-05T22:09:51","date_gmt":"2025-12-05T22:09:51","guid":{"rendered":"https:\/\/senzorika.ajvonidol.si\/?post_type=product&#038;p=11336"},"modified":"2025-12-27T19:46:50","modified_gmt":"2025-12-27T19:46:50","slug":"tabla-za-sledenje-malckom-1","status":"publish","type":"product","link":"https:\/\/senzorika-varga.si\/en\/product\/tabla-za-sledenje-malckom-1\/","title":{"rendered":"Tabla za razvoj finomotori\u010dne sposobnosti mal\u010dkov 1"},"content":{"rendered":"<p>Lesena plo\u0161\u010da, velikost: 30 X 30 X 2 cm, Starost: +2<\/p>","protected":false},"excerpt":{"rendered":"<p>Lesena plo\u0161\u010da, velikost: 30 X 30 X 2 cm, Starost: +2<\/p>","protected":false},"featured_media":12889,"menu_order":0,"comment_status":"open","ping_status":"closed","template":"","meta":[],"product_brand":[],"product_cat":[102],"product_tag":[],"class_list":{"0":"post-11336","1":"product","2":"type-product","3":"status-publish","4":"has-post-thumbnail","6":"product_cat-fina-motorika","8":"first","9":"instock","10":"taxable","11":"shipping-taxable","12":"purchasable","13":"product-type-simple"},"jetpack_sharing_enabled":true,"_links":{"self":[{"href":"https:\/\/senzorika-varga.si\/en\/wp-json\/wp\/v2\/product\/11336","targetHints":{"allow":["GET"]}}],"collection":[{"href":"https:\/\/senzorika-varga.si\/en\/wp-json\/wp\/v2\/product"}],"about":[{"href":"https:\/\/senzorika-varga.si\/en\/wp-json\/wp\/v2\/types\/product"}],"replies":[{"embeddable":true,"href":"https:\/\/senzorika-varga.si\/en\/wp-json\/wp\/v2\/comments?post=11336"}],"version-history":[{"count":2,"href":"https:\/\/senzorika-varga.si\/en\/wp-json\/wp\/v2\/product\/11336\/revisions"}],"predecessor-version":[{"id":13119,"href":"https:\/\/senzorika-varga.si\/en\/wp-json\/wp\/v2\/product\/11336\/revisions\/13119"}],"wp:featuredmedia":[{"embeddable":true,"href":"https:\/\/senzorika-varga.si\/en\/wp-json\/wp\/v2\/media\/12889"}],"wp:attachment":[{"href":"https:\/\/senzorika-varga.si\/en\/wp-json\/wp\/v2\/media?parent=11336"}],"wp:term":[{"taxonomy":"product_brand","embeddable":true,"href":"https:\/\/senzorika-varga.si\/en\/wp-json\/wp\/v2\/product_brand?post=11336"},{"taxonomy":"product_cat","embeddable":true,"href":"https:\/\/senzorika-varga.si\/en\/wp-json\/wp\/v2\/product_cat?post=11336"},{"taxonomy":"product_tag","embeddable":true,"href":"https:\/\/senzorika-varga.si\/en\/wp-json\/wp\/v2\/product_tag?post=11336"}],"curies":[{"name":"wp","href":"https:\/\/api.w.org\/{rel}","templated":true}]}}