{"id":11330,"date":"2025-12-05T22:09:50","date_gmt":"2025-12-05T22:09:50","guid":{"rendered":"https:\/\/senzorika.ajvonidol.si\/?post_type=product&#038;p=11330"},"modified":"2025-12-27T19:46:47","modified_gmt":"2025-12-27T19:46:47","slug":"grafomotoricne-plosce-tabla-3","status":"publish","type":"product","link":"https:\/\/senzorika-varga.si\/en\/product\/grafomotoricne-plosce-tabla-3\/","title":{"rendered":"Grafomotori\u010dna tabla 3"},"content":{"rendered":"<p>Manipulativne MDF plo\u0161\u010de. 30 x 21 cm<\/p>","protected":false},"excerpt":{"rendered":"<p>Manipulativne MDF plo\u0161\u010de. 30 x 21 cm<\/p>","protected":false},"featured_media":12886,"menu_order":0,"comment_status":"open","ping_status":"closed","template":"","meta":[],"product_brand":[],"product_cat":[102],"product_tag":[],"class_list":{"0":"post-11330","1":"product","2":"type-product","3":"status-publish","4":"has-post-thumbnail","6":"product_cat-fina-motorika","8":"first","9":"instock","10":"taxable","11":"shipping-taxable","12":"purchasable","13":"product-type-simple"},"jetpack_sharing_enabled":true,"_links":{"self":[{"href":"https:\/\/senzorika-varga.si\/en\/wp-json\/wp\/v2\/product\/11330","targetHints":{"allow":["GET"]}}],"collection":[{"href":"https:\/\/senzorika-varga.si\/en\/wp-json\/wp\/v2\/product"}],"about":[{"href":"https:\/\/senzorika-varga.si\/en\/wp-json\/wp\/v2\/types\/product"}],"replies":[{"embeddable":true,"href":"https:\/\/senzorika-varga.si\/en\/wp-json\/wp\/v2\/comments?post=11330"}],"version-history":[{"count":2,"href":"https:\/\/senzorika-varga.si\/en\/wp-json\/wp\/v2\/product\/11330\/revisions"}],"predecessor-version":[{"id":13116,"href":"https:\/\/senzorika-varga.si\/en\/wp-json\/wp\/v2\/product\/11330\/revisions\/13116"}],"wp:featuredmedia":[{"embeddable":true,"href":"https:\/\/senzorika-varga.si\/en\/wp-json\/wp\/v2\/media\/12886"}],"wp:attachment":[{"href":"https:\/\/senzorika-varga.si\/en\/wp-json\/wp\/v2\/media?parent=11330"}],"wp:term":[{"taxonomy":"product_brand","embeddable":true,"href":"https:\/\/senzorika-varga.si\/en\/wp-json\/wp\/v2\/product_brand?post=11330"},{"taxonomy":"product_cat","embeddable":true,"href":"https:\/\/senzorika-varga.si\/en\/wp-json\/wp\/v2\/product_cat?post=11330"},{"taxonomy":"product_tag","embeddable":true,"href":"https:\/\/senzorika-varga.si\/en\/wp-json\/wp\/v2\/product_tag?post=11330"}],"curies":[{"name":"wp","href":"https:\/\/api.w.org\/{rel}","templated":true}]}}