{"id":11326,"date":"2025-12-05T22:09:50","date_gmt":"2025-12-05T22:09:50","guid":{"rendered":"https:\/\/senzorika.ajvonidol.si\/?post_type=product&#038;p=11326"},"modified":"2026-01-04T11:48:50","modified_gmt":"2026-01-04T11:48:50","slug":"table-za-grafomotor-robovi-z-vzorcem-podobnim-crkam","status":"publish","type":"product","link":"https:\/\/senzorika-varga.si\/en\/product\/table-za-grafomotor-robovi-z-vzorcem-podobnim-crkam\/","title":{"rendered":"Tabla za grafomotoriko motiv robovi z vzorcem, podobnim \u010drkam"},"content":{"rendered":"<p>&nbsp;<\/p>\n<p class=\"text-justify\"><span dir=\"auto\">Oran\u017ena grafomotori\u010dna tabla je zasnovana za podporo otrokom pri u\u010denju pisanja in razvijanju ro\u010dnih spretnosti. Zahvaljujo\u010d razli\u010dnim \u010drtam na povr\u0161ini plo\u0161\u010de lahko uporabniki vadijo premikanje svin\u010dnika v razli\u010dne smeri, kar pomaga izbolj\u0161ati koordinacijo med rokami in o\u010dmi. Marker se lahko razlikuje.<\/span><\/p>\n<p><span dir=\"auto\">Dimenzije: 26,5 x 22 cm<\/span><\/p>\n<p><span dir=\"auto\">Material: MDF plo\u0161\u010da debeline 1,2 cm<\/span><\/p>\n<p><span dir=\"auto\">Starost: 2+<\/span><\/p>\n<p><span dir=\"auto\">Te\u017ea: 1,00 kg<\/span><\/p>","protected":false},"excerpt":{"rendered":"<p><span dir=\"auto\">Dimenzije: 26,5 x 22 cm<\/span><\/p>","protected":false},"featured_media":13335,"menu_order":0,"comment_status":"open","ping_status":"closed","template":"","meta":[],"product_brand":[],"product_cat":[102],"product_tag":[],"class_list":{"0":"post-11326","1":"product","2":"type-product","3":"status-publish","4":"has-post-thumbnail","6":"product_cat-fina-motorika","8":"first","9":"instock","10":"taxable","11":"shipping-taxable","12":"purchasable","13":"product-type-simple"},"jetpack_sharing_enabled":true,"_links":{"self":[{"href":"https:\/\/senzorika-varga.si\/en\/wp-json\/wp\/v2\/product\/11326","targetHints":{"allow":["GET"]}}],"collection":[{"href":"https:\/\/senzorika-varga.si\/en\/wp-json\/wp\/v2\/product"}],"about":[{"href":"https:\/\/senzorika-varga.si\/en\/wp-json\/wp\/v2\/types\/product"}],"replies":[{"embeddable":true,"href":"https:\/\/senzorika-varga.si\/en\/wp-json\/wp\/v2\/comments?post=11326"}],"version-history":[{"count":5,"href":"https:\/\/senzorika-varga.si\/en\/wp-json\/wp\/v2\/product\/11326\/revisions"}],"predecessor-version":[{"id":13336,"href":"https:\/\/senzorika-varga.si\/en\/wp-json\/wp\/v2\/product\/11326\/revisions\/13336"}],"wp:featuredmedia":[{"embeddable":true,"href":"https:\/\/senzorika-varga.si\/en\/wp-json\/wp\/v2\/media\/13335"}],"wp:attachment":[{"href":"https:\/\/senzorika-varga.si\/en\/wp-json\/wp\/v2\/media?parent=11326"}],"wp:term":[{"taxonomy":"product_brand","embeddable":true,"href":"https:\/\/senzorika-varga.si\/en\/wp-json\/wp\/v2\/product_brand?post=11326"},{"taxonomy":"product_cat","embeddable":true,"href":"https:\/\/senzorika-varga.si\/en\/wp-json\/wp\/v2\/product_cat?post=11326"},{"taxonomy":"product_tag","embeddable":true,"href":"https:\/\/senzorika-varga.si\/en\/wp-json\/wp\/v2\/product_tag?post=11326"}],"curies":[{"name":"wp","href":"https:\/\/api.w.org\/{rel}","templated":true}]}}