{"id":11308,"date":"2025-12-05T22:09:48","date_gmt":"2025-12-05T22:09:48","guid":{"rendered":"https:\/\/senzorika.ajvonidol.si\/?post_type=product&#038;p=11308"},"modified":"2025-12-27T19:46:40","modified_gmt":"2025-12-27T19:46:40","slug":"grafomotoricne-ploscice-komplet-2-modre","status":"publish","type":"product","link":"https:\/\/senzorika-varga.si\/en\/product\/grafomotoricne-ploscice-komplet-2-modre\/","title":{"rendered":"Grafomotori\u010dne plo\u0161\u010dice komplet 2 \u2013 modre"},"content":{"rendered":"<p>Komplet grafi\u010dnih okvirjev za podporo vaj za spro\u0161\u010danje rok; dopolnjen z magneti; Tri stopnje te\u017eavnosti (ozna\u010dene z barvo in razdaljami med \u010drtami v okvirju). Vsak komplet vsebuje 4 plasti\u010dne table za pisanje, ki se jih da brisati na suho. 98 x 17 cm<\/p>","protected":false},"excerpt":{"rendered":"<p>Komplet grafi\u010dnih okvirjev za podporo vaj za spro\u0161\u010danje rok; dopolnjen z magneti; Tri stopnje te\u017eavnosti (ozna\u010dene z barvo in razdaljami med \u010drtami v okvirju). Vsak komplet vsebuje 4 plasti\u010dne table za pisanje, ki se jih da brisati na suho. 98 x 17 cm<\/p>","protected":false},"featured_media":12873,"menu_order":0,"comment_status":"open","ping_status":"closed","template":"","meta":[],"product_brand":[],"product_cat":[102],"product_tag":[],"class_list":{"0":"post-11308","1":"product","2":"type-product","3":"status-publish","4":"has-post-thumbnail","6":"product_cat-fina-motorika","8":"first","9":"instock","10":"taxable","11":"shipping-taxable","12":"purchasable","13":"product-type-simple"},"jetpack_sharing_enabled":true,"_links":{"self":[{"href":"https:\/\/senzorika-varga.si\/en\/wp-json\/wp\/v2\/product\/11308","targetHints":{"allow":["GET"]}}],"collection":[{"href":"https:\/\/senzorika-varga.si\/en\/wp-json\/wp\/v2\/product"}],"about":[{"href":"https:\/\/senzorika-varga.si\/en\/wp-json\/wp\/v2\/types\/product"}],"replies":[{"embeddable":true,"href":"https:\/\/senzorika-varga.si\/en\/wp-json\/wp\/v2\/comments?post=11308"}],"version-history":[{"count":1,"href":"https:\/\/senzorika-varga.si\/en\/wp-json\/wp\/v2\/product\/11308\/revisions"}],"predecessor-version":[{"id":11309,"href":"https:\/\/senzorika-varga.si\/en\/wp-json\/wp\/v2\/product\/11308\/revisions\/11309"}],"wp:featuredmedia":[{"embeddable":true,"href":"https:\/\/senzorika-varga.si\/en\/wp-json\/wp\/v2\/media\/12873"}],"wp:attachment":[{"href":"https:\/\/senzorika-varga.si\/en\/wp-json\/wp\/v2\/media?parent=11308"}],"wp:term":[{"taxonomy":"product_brand","embeddable":true,"href":"https:\/\/senzorika-varga.si\/en\/wp-json\/wp\/v2\/product_brand?post=11308"},{"taxonomy":"product_cat","embeddable":true,"href":"https:\/\/senzorika-varga.si\/en\/wp-json\/wp\/v2\/product_cat?post=11308"},{"taxonomy":"product_tag","embeddable":true,"href":"https:\/\/senzorika-varga.si\/en\/wp-json\/wp\/v2\/product_tag?post=11308"}],"curies":[{"name":"wp","href":"https:\/\/api.w.org\/{rel}","templated":true}]}}