{"id":11306,"date":"2025-12-05T22:09:48","date_gmt":"2025-12-05T22:09:48","guid":{"rendered":"https:\/\/senzorika.ajvonidol.si\/?post_type=product&#038;p=11306"},"modified":"2025-12-27T19:46:40","modified_gmt":"2025-12-27T19:46:40","slug":"prve-cackarice-grafomotoricna-tabla-z-markerjem","status":"publish","type":"product","link":"https:\/\/senzorika-varga.si\/en\/product\/prve-cackarice-grafomotoricna-tabla-z-markerjem\/","title":{"rendered":"Didakti\u010dna grafomotori\u010dna tabla \u2013 trening potez in sledenja"},"content":{"rendered":"<p>Tablica za vadbo pisanja je zasnovana kot pomo\u010d pri prvih korakih u\u010denja pisanja. Ne\u017ene vdolbine na povr\u0161ini tablice omogo\u010dajo gladko sledenje \u0161tirim vzorcem s prilo\u017eenim lesenim peresom. Ponavljajo\u010de se vaje gibov rok in prstov razvijajo fino motoriko, koordinacijo med rokami in o\u010dmi ter mi\u0161i\u010dni spomin. Ohlapno leseno pero pomaga pri u\u010denju pravilnega prijema in gibanja, kar zagotavlja udobje in svobodo gibanja med vajo.<\/p>\n<p>Dimenzije tablice: 30 x 0,9 x 22,5 cm<\/p>\n<p>Dimenzije peresa: 1 x 1 x 10 cm<\/p>\n<p>Material: MDF<\/p>\n<p>Starost: 3+<\/p>","protected":false},"excerpt":{"rendered":"<p>Tablica za vadbo pisanja je zasnovana kot pomo\u010d pri prvih korakih u\u010denja pisanja. Ne\u017ene vdolbine na povr\u0161ini tablice omogo\u010dajo gladko sledenje \u0161tirim vzorcem s prilo\u017eenim lesenim peresom. Ponavljajo\u010de se vaje gibov rok in prstov razvijajo fino motoriko, koordinacijo med rokami in o\u010dmi ter mi\u0161i\u010dni spomin. Ohlapno leseno pero pomaga pri u\u010denju pravilnega prijema in gibanja, kar zagotavlja udobje in svobodo gibanja med vajo.<\/p>\n<p>Dimenzije tablice: 30 x 0,9 x 22,5 cm<\/p>\n<p>Dimenzije peresa: 1 x 1 x 10 cm<\/p>\n<p>Material: MDF<\/p>\n<p>Starost: 3+<\/p>","protected":false},"featured_media":12871,"menu_order":0,"comment_status":"open","ping_status":"closed","template":"","meta":[],"product_brand":[],"product_cat":[102],"product_tag":[],"class_list":{"0":"post-11306","1":"product","2":"type-product","3":"status-publish","4":"has-post-thumbnail","6":"product_cat-fina-motorika","8":"first","9":"instock","10":"taxable","11":"shipping-taxable","12":"purchasable","13":"product-type-simple"},"jetpack_sharing_enabled":true,"_links":{"self":[{"href":"https:\/\/senzorika-varga.si\/en\/wp-json\/wp\/v2\/product\/11306","targetHints":{"allow":["GET"]}}],"collection":[{"href":"https:\/\/senzorika-varga.si\/en\/wp-json\/wp\/v2\/product"}],"about":[{"href":"https:\/\/senzorika-varga.si\/en\/wp-json\/wp\/v2\/types\/product"}],"replies":[{"embeddable":true,"href":"https:\/\/senzorika-varga.si\/en\/wp-json\/wp\/v2\/comments?post=11306"}],"version-history":[{"count":2,"href":"https:\/\/senzorika-varga.si\/en\/wp-json\/wp\/v2\/product\/11306\/revisions"}],"predecessor-version":[{"id":13107,"href":"https:\/\/senzorika-varga.si\/en\/wp-json\/wp\/v2\/product\/11306\/revisions\/13107"}],"wp:featuredmedia":[{"embeddable":true,"href":"https:\/\/senzorika-varga.si\/en\/wp-json\/wp\/v2\/media\/12871"}],"wp:attachment":[{"href":"https:\/\/senzorika-varga.si\/en\/wp-json\/wp\/v2\/media?parent=11306"}],"wp:term":[{"taxonomy":"product_brand","embeddable":true,"href":"https:\/\/senzorika-varga.si\/en\/wp-json\/wp\/v2\/product_brand?post=11306"},{"taxonomy":"product_cat","embeddable":true,"href":"https:\/\/senzorika-varga.si\/en\/wp-json\/wp\/v2\/product_cat?post=11306"},{"taxonomy":"product_tag","embeddable":true,"href":"https:\/\/senzorika-varga.si\/en\/wp-json\/wp\/v2\/product_tag?post=11306"}],"curies":[{"name":"wp","href":"https:\/\/api.w.org\/{rel}","templated":true}]}}