{"id":11304,"date":"2025-12-05T22:09:46","date_gmt":"2025-12-05T22:09:46","guid":{"rendered":"https:\/\/senzorika.ajvonidol.si\/?post_type=product&#038;p=11304"},"modified":"2025-12-27T19:46:40","modified_gmt":"2025-12-27T19:46:40","slug":"lesene-predloge-za-pisanje","status":"publish","type":"product","link":"https:\/\/senzorika-varga.si\/en\/product\/lesene-predloge-za-pisanje\/","title":{"rendered":"Lesene predloge za pisanje"},"content":{"rendered":"<p>Lesene \u0161ablone so zasnovane tako, da otrokom pomagajo pri u\u010denju pisanja ter razvoju motori\u010dnih in grafomotori\u010dnih spretnosti. Komplet vsebuje \u0161ablone z vzorci, ki pomagajo pri vadbi natan\u010dnosti in koordinacije med rokami in o\u010dmi. Izdelane so iz visokokakovostnega lesa, zato so trpe\u017ene in varne za uporabo.<\/p>\n<p>Dimenzije: 21 x 0,6 x 15 cm<\/p>\n<p>Starost: 3+<\/p>","protected":false},"excerpt":{"rendered":"<p>Lesene \u0161ablone so zasnovane tako, da otrokom pomagajo pri u\u010denju pisanja ter razvoju motori\u010dnih in grafomotori\u010dnih spretnosti. Komplet vsebuje \u0161ablone z vzorci, ki pomagajo pri vadbi natan\u010dnosti in koordinacije med rokami in o\u010dmi. Izdelane so iz visokokakovostnega lesa, zato so trpe\u017ene in varne za uporabo.<\/p>\n<p>Dimenzije: 21 x 0,6 x 15 cm<\/p>\n<p>Starost: 3+<\/p>","protected":false},"featured_media":12866,"menu_order":0,"comment_status":"open","ping_status":"closed","template":"","meta":[],"product_brand":[],"product_cat":[102],"product_tag":[],"class_list":{"0":"post-11304","1":"product","2":"type-product","3":"status-publish","4":"has-post-thumbnail","6":"product_cat-fina-motorika","8":"first","9":"instock","10":"taxable","11":"shipping-taxable","12":"purchasable","13":"product-type-simple"},"jetpack_sharing_enabled":true,"_links":{"self":[{"href":"https:\/\/senzorika-varga.si\/en\/wp-json\/wp\/v2\/product\/11304","targetHints":{"allow":["GET"]}}],"collection":[{"href":"https:\/\/senzorika-varga.si\/en\/wp-json\/wp\/v2\/product"}],"about":[{"href":"https:\/\/senzorika-varga.si\/en\/wp-json\/wp\/v2\/types\/product"}],"replies":[{"embeddable":true,"href":"https:\/\/senzorika-varga.si\/en\/wp-json\/wp\/v2\/comments?post=11304"}],"version-history":[{"count":1,"href":"https:\/\/senzorika-varga.si\/en\/wp-json\/wp\/v2\/product\/11304\/revisions"}],"predecessor-version":[{"id":11305,"href":"https:\/\/senzorika-varga.si\/en\/wp-json\/wp\/v2\/product\/11304\/revisions\/11305"}],"wp:featuredmedia":[{"embeddable":true,"href":"https:\/\/senzorika-varga.si\/en\/wp-json\/wp\/v2\/media\/12866"}],"wp:attachment":[{"href":"https:\/\/senzorika-varga.si\/en\/wp-json\/wp\/v2\/media?parent=11304"}],"wp:term":[{"taxonomy":"product_brand","embeddable":true,"href":"https:\/\/senzorika-varga.si\/en\/wp-json\/wp\/v2\/product_brand?post=11304"},{"taxonomy":"product_cat","embeddable":true,"href":"https:\/\/senzorika-varga.si\/en\/wp-json\/wp\/v2\/product_cat?post=11304"},{"taxonomy":"product_tag","embeddable":true,"href":"https:\/\/senzorika-varga.si\/en\/wp-json\/wp\/v2\/product_tag?post=11304"}],"curies":[{"name":"wp","href":"https:\/\/api.w.org\/{rel}","templated":true}]}}