{"id":11298,"date":"2025-12-05T22:09:45","date_gmt":"2025-12-05T22:09:45","guid":{"rendered":"https:\/\/senzorika.ajvonidol.si\/?post_type=product&#038;p=11298"},"modified":"2025-12-27T19:46:22","modified_gmt":"2025-12-27T19:46:22","slug":"magnetna-stenska-tabla-grad","status":"publish","type":"product","link":"https:\/\/senzorika-varga.si\/en\/product\/magnetna-stenska-tabla-grad\/","title":{"rendered":"Magnetna stenska tabla &#8211; Grad"},"content":{"rendered":"<p>Stenska tabla s povr\u0161ino, ki se lahko suho bri\u0161e in je magnetna. Zaradi teh lastnosti lahko otroci na tablo postavljajo magnetne kocke, \u010drke, \u0161tevilke ali sestavljanke (naprodaj posebej). Vse dodatne elemente lahko shranite na prakti\u010dni leseni polici. Za pisanje po povr\u0161ini so primerni flomastri, ki se lahko suho bri\u0161ejo (naprodaj posebej). 4 magnetne plo\u0161\u010de, ki se lahko suho bri\u0161ejo, 4 lesene police za dodatke, 4 leseni okraski, 33 vijakov, 33 razteznih vijakov; dimenzije po sestavljanju: 154 x 9 x 60 cm; material: les, kovina; starost: 3+<\/p>","protected":false},"excerpt":{"rendered":"<p>Stenska tabla s povr\u0161ino, ki se lahko suho bri\u0161e in je magnetna. Zaradi teh lastnosti lahko otroci na tablo postavljajo magnetne kocke, \u010drke, \u0161tevilke ali sestavljanke (naprodaj posebej). Vse dodatne elemente lahko shranite na prakti\u010dni leseni polici. Za pisanje po povr\u0161ini so primerni flomastri, ki se lahko suho bri\u0161ejo (naprodaj posebej). 4 magnetne plo\u0161\u010de, ki se lahko suho bri\u0161ejo, 4 lesene police za dodatke, 4 leseni okraski, 33 vijakov, 33 razteznih vijakov; dimenzije po sestavljanju: 154 x 9 x 60 cm; material: les, kovina; starost: 3+<\/p>","protected":false},"featured_media":12865,"menu_order":0,"comment_status":"open","ping_status":"closed","template":"","meta":[],"product_brand":[],"product_cat":[110],"product_tag":[],"class_list":{"0":"post-11298","1":"product","2":"type-product","3":"status-publish","4":"has-post-thumbnail","6":"product_cat-puzle","8":"first","9":"instock","10":"taxable","11":"shipping-taxable","12":"purchasable","13":"product-type-simple"},"jetpack_sharing_enabled":true,"_links":{"self":[{"href":"https:\/\/senzorika-varga.si\/en\/wp-json\/wp\/v2\/product\/11298","targetHints":{"allow":["GET"]}}],"collection":[{"href":"https:\/\/senzorika-varga.si\/en\/wp-json\/wp\/v2\/product"}],"about":[{"href":"https:\/\/senzorika-varga.si\/en\/wp-json\/wp\/v2\/types\/product"}],"replies":[{"embeddable":true,"href":"https:\/\/senzorika-varga.si\/en\/wp-json\/wp\/v2\/comments?post=11298"}],"version-history":[{"count":1,"href":"https:\/\/senzorika-varga.si\/en\/wp-json\/wp\/v2\/product\/11298\/revisions"}],"predecessor-version":[{"id":11299,"href":"https:\/\/senzorika-varga.si\/en\/wp-json\/wp\/v2\/product\/11298\/revisions\/11299"}],"wp:featuredmedia":[{"embeddable":true,"href":"https:\/\/senzorika-varga.si\/en\/wp-json\/wp\/v2\/media\/12865"}],"wp:attachment":[{"href":"https:\/\/senzorika-varga.si\/en\/wp-json\/wp\/v2\/media?parent=11298"}],"wp:term":[{"taxonomy":"product_brand","embeddable":true,"href":"https:\/\/senzorika-varga.si\/en\/wp-json\/wp\/v2\/product_brand?post=11298"},{"taxonomy":"product_cat","embeddable":true,"href":"https:\/\/senzorika-varga.si\/en\/wp-json\/wp\/v2\/product_cat?post=11298"},{"taxonomy":"product_tag","embeddable":true,"href":"https:\/\/senzorika-varga.si\/en\/wp-json\/wp\/v2\/product_tag?post=11298"}],"curies":[{"name":"wp","href":"https:\/\/api.w.org\/{rel}","templated":true}]}}