{"id":11288,"date":"2025-12-05T22:09:45","date_gmt":"2025-12-05T22:09:45","guid":{"rendered":"https:\/\/senzorika.ajvonidol.si\/?post_type=product&#038;p=11288"},"modified":"2025-12-27T19:46:18","modified_gmt":"2025-12-27T19:46:18","slug":"magneti-za-magnetne-table-za-suho-brisanje-sadje-in-zelenjava","status":"publish","type":"product","link":"https:\/\/senzorika-varga.si\/en\/product\/magneti-za-magnetne-table-za-suho-brisanje-sadje-in-zelenjava\/","title":{"rendered":"Magneti za magnetne table za suho brisanje. Sadje in zelenjava"},"content":{"rendered":"<p>Bogati kompleti magnetnih sestavljank, ki ob razporeditvi tvorijo barvite upodobitve sadja, zelenjave, \u017eivali ali vozil. Vsak izdelek je sestavljen iz 8 \u0161tiridelnih sestavljank. Njihova dodatna prednost je mo\u017enost razporeditve sestavljank na katero koli magnetno povr\u0161ino. Te sestavljanke so odli\u010den na\u010din za izbolj\u0161anje koncentracije, logi\u010dnega mi\u0161ljenja in motori\u010dnih sposobnosti. Vsak komplet vsebuje bomba\u017eno vre\u010dko za shranjevanje sestavljank.<br \/>\nSpecifikacija izdelka: 32 kosov; 8 \u0161tiridelnih sestavljank: banane, jagoda, jabolko, grozdje, paprika, jaj\u010devec, korenje, brokoli; dimenzije: 4 x 1 x 4 cm; material: les, magnet: bomba\u017ena vre\u010dka; starost: 18 mesecev +<\/p>","protected":false},"excerpt":{"rendered":"<p>Bogati kompleti magnetnih sestavljank, ki ob razporeditvi tvorijo barvite upodobitve sadja, zelenjave, \u017eivali ali vozil. Vsak izdelek je sestavljen iz 8 \u0161tiridelnih sestavljank. Njihova dodatna prednost je mo\u017enost razporeditve sestavljank na katero koli magnetno povr\u0161ino. Te sestavljanke so odli\u010den na\u010din za izbolj\u0161anje koncentracije, logi\u010dnega mi\u0161ljenja in motori\u010dnih sposobnosti. Vsak komplet vsebuje bomba\u017eno vre\u010dko za shranjevanje sestavljank.<br \/>\nSpecifikacija izdelka: 32 kosov; 8 \u0161tiridelnih sestavljank: banane, jagoda, jabolko, grozdje, paprika, jaj\u010devec, korenje, brokoli; dimenzije: 4 x 1 x 4 cm; material: les, magnet: bomba\u017ena vre\u010dka; starost: 18 mesecev +<\/p>","protected":false},"featured_media":12854,"menu_order":0,"comment_status":"open","ping_status":"closed","template":"","meta":[],"product_brand":[],"product_cat":[110],"product_tag":[],"class_list":{"0":"post-11288","1":"product","2":"type-product","3":"status-publish","4":"has-post-thumbnail","6":"product_cat-puzle","8":"first","9":"instock","10":"taxable","11":"shipping-taxable","12":"purchasable","13":"product-type-simple"},"jetpack_sharing_enabled":true,"_links":{"self":[{"href":"https:\/\/senzorika-varga.si\/en\/wp-json\/wp\/v2\/product\/11288","targetHints":{"allow":["GET"]}}],"collection":[{"href":"https:\/\/senzorika-varga.si\/en\/wp-json\/wp\/v2\/product"}],"about":[{"href":"https:\/\/senzorika-varga.si\/en\/wp-json\/wp\/v2\/types\/product"}],"replies":[{"embeddable":true,"href":"https:\/\/senzorika-varga.si\/en\/wp-json\/wp\/v2\/comments?post=11288"}],"version-history":[{"count":1,"href":"https:\/\/senzorika-varga.si\/en\/wp-json\/wp\/v2\/product\/11288\/revisions"}],"predecessor-version":[{"id":11289,"href":"https:\/\/senzorika-varga.si\/en\/wp-json\/wp\/v2\/product\/11288\/revisions\/11289"}],"wp:featuredmedia":[{"embeddable":true,"href":"https:\/\/senzorika-varga.si\/en\/wp-json\/wp\/v2\/media\/12854"}],"wp:attachment":[{"href":"https:\/\/senzorika-varga.si\/en\/wp-json\/wp\/v2\/media?parent=11288"}],"wp:term":[{"taxonomy":"product_brand","embeddable":true,"href":"https:\/\/senzorika-varga.si\/en\/wp-json\/wp\/v2\/product_brand?post=11288"},{"taxonomy":"product_cat","embeddable":true,"href":"https:\/\/senzorika-varga.si\/en\/wp-json\/wp\/v2\/product_cat?post=11288"},{"taxonomy":"product_tag","embeddable":true,"href":"https:\/\/senzorika-varga.si\/en\/wp-json\/wp\/v2\/product_tag?post=11288"}],"curies":[{"name":"wp","href":"https:\/\/api.w.org\/{rel}","templated":true}]}}