{"id":11286,"date":"2025-12-05T22:09:45","date_gmt":"2025-12-05T22:09:45","guid":{"rendered":"https:\/\/senzorika.ajvonidol.si\/?post_type=product&#038;p=11286"},"modified":"2025-12-27T19:46:18","modified_gmt":"2025-12-27T19:46:18","slug":"magneti-za-magnetne-table-za-suho-brisanje-simetricne-kocke-z-delovnimi-listi","status":"publish","type":"product","link":"https:\/\/senzorika-varga.si\/en\/product\/magneti-za-magnetne-table-za-suho-brisanje-simetricne-kocke-z-delovnimi-listi\/","title":{"rendered":"Magneti za magnetne table za suho brisanje. Simetri\u010dne kocke z delovnimi listi"},"content":{"rendered":"<p>Magnetne kocke, idealne za zabavne igre na plo\u0161\u010di. Zahvaljujo\u010d 20 plo\u0161\u010dam s 40 slikami mo\u017enih razporeditev kock lahko otroci izbolj\u0161ajo svoje sposobnosti re\u0161evanja problemov, kriti\u010dno mi\u0161ljenje in ustvarjalnost. Komplet je shranjen v bomba\u017eni vre\u010dki, da se elementi ne izgubijo ali po\u0161kodujejo. Starost: 3+<\/p>","protected":false},"excerpt":{"rendered":"<p>Magnetne kocke, idealne za zabavne igre na plo\u0161\u010di. Zahvaljujo\u010d 20 plo\u0161\u010dam s 40 slikami mo\u017enih razporeditev kock lahko otroci izbolj\u0161ajo svoje sposobnosti re\u0161evanja problemov, kriti\u010dno mi\u0161ljenje in ustvarjalnost. Komplet je shranjen v bomba\u017eni vre\u010dki, da se elementi ne izgubijo ali po\u0161kodujejo. Starost: 3+<\/p>","protected":false},"featured_media":12853,"menu_order":0,"comment_status":"open","ping_status":"closed","template":"","meta":[],"product_brand":[],"product_cat":[110],"product_tag":[],"class_list":{"0":"post-11286","1":"product","2":"type-product","3":"status-publish","4":"has-post-thumbnail","6":"product_cat-puzle","8":"first","9":"instock","10":"taxable","11":"shipping-taxable","12":"purchasable","13":"product-type-simple"},"jetpack_sharing_enabled":true,"_links":{"self":[{"href":"https:\/\/senzorika-varga.si\/en\/wp-json\/wp\/v2\/product\/11286","targetHints":{"allow":["GET"]}}],"collection":[{"href":"https:\/\/senzorika-varga.si\/en\/wp-json\/wp\/v2\/product"}],"about":[{"href":"https:\/\/senzorika-varga.si\/en\/wp-json\/wp\/v2\/types\/product"}],"replies":[{"embeddable":true,"href":"https:\/\/senzorika-varga.si\/en\/wp-json\/wp\/v2\/comments?post=11286"}],"version-history":[{"count":1,"href":"https:\/\/senzorika-varga.si\/en\/wp-json\/wp\/v2\/product\/11286\/revisions"}],"predecessor-version":[{"id":11287,"href":"https:\/\/senzorika-varga.si\/en\/wp-json\/wp\/v2\/product\/11286\/revisions\/11287"}],"wp:featuredmedia":[{"embeddable":true,"href":"https:\/\/senzorika-varga.si\/en\/wp-json\/wp\/v2\/media\/12853"}],"wp:attachment":[{"href":"https:\/\/senzorika-varga.si\/en\/wp-json\/wp\/v2\/media?parent=11286"}],"wp:term":[{"taxonomy":"product_brand","embeddable":true,"href":"https:\/\/senzorika-varga.si\/en\/wp-json\/wp\/v2\/product_brand?post=11286"},{"taxonomy":"product_cat","embeddable":true,"href":"https:\/\/senzorika-varga.si\/en\/wp-json\/wp\/v2\/product_cat?post=11286"},{"taxonomy":"product_tag","embeddable":true,"href":"https:\/\/senzorika-varga.si\/en\/wp-json\/wp\/v2\/product_tag?post=11286"}],"curies":[{"name":"wp","href":"https:\/\/api.w.org\/{rel}","templated":true}]}}