{"id":11282,"date":"2025-12-05T22:09:43","date_gmt":"2025-12-05T22:09:43","guid":{"rendered":"https:\/\/senzorika.ajvonidol.si\/?post_type=product&#038;p=11282"},"modified":"2025-12-27T19:46:18","modified_gmt":"2025-12-27T19:46:18","slug":"labirint-za-stopala","status":"publish","type":"product","link":"https:\/\/senzorika-varga.si\/en\/product\/labirint-za-stopala\/","title":{"rendered":"Labirint za stopala"},"content":{"rendered":"<p>Stenski labirint za igro in vadbo stopal. Dejavnost s plo\u0161\u010do spodbuja motori\u010dni razvoj in pomaga krepiti mi\u0161ice nog, kolen in stopal. Izdelek je treba pritrditi na steno. dimenzije: 30 x 80 x 3,5 cm; barva: siva, material: siva MDF plo\u0161\u010da, potrebna samostojna monta\u017ea; pritrditev stopal z je\u017ekom; starost: 3+<\/p>","protected":false},"excerpt":{"rendered":"<p>Stenski labirint za igro in vadbo stopal. Dejavnost s plo\u0161\u010do spodbuja motori\u010dni razvoj in pomaga krepiti mi\u0161ice nog, kolen in stopal. Izdelek je treba pritrditi na steno. dimenzije: 30 x 80 x 3,5 cm; barva: siva, material: siva MDF plo\u0161\u010da, potrebna samostojna monta\u017ea; pritrditev stopal z je\u017ekom; starost: 3+<\/p>","protected":false},"featured_media":12849,"menu_order":0,"comment_status":"open","ping_status":"closed","template":"","meta":[],"product_brand":[],"product_cat":[85],"product_tag":[],"class_list":{"0":"post-11282","1":"product","2":"type-product","3":"status-publish","4":"has-post-thumbnail","6":"product_cat-taktilne-stene","8":"first","9":"instock","10":"taxable","11":"shipping-taxable","12":"purchasable","13":"product-type-simple"},"jetpack_sharing_enabled":true,"_links":{"self":[{"href":"https:\/\/senzorika-varga.si\/en\/wp-json\/wp\/v2\/product\/11282","targetHints":{"allow":["GET"]}}],"collection":[{"href":"https:\/\/senzorika-varga.si\/en\/wp-json\/wp\/v2\/product"}],"about":[{"href":"https:\/\/senzorika-varga.si\/en\/wp-json\/wp\/v2\/types\/product"}],"replies":[{"embeddable":true,"href":"https:\/\/senzorika-varga.si\/en\/wp-json\/wp\/v2\/comments?post=11282"}],"version-history":[{"count":1,"href":"https:\/\/senzorika-varga.si\/en\/wp-json\/wp\/v2\/product\/11282\/revisions"}],"predecessor-version":[{"id":11283,"href":"https:\/\/senzorika-varga.si\/en\/wp-json\/wp\/v2\/product\/11282\/revisions\/11283"}],"wp:featuredmedia":[{"embeddable":true,"href":"https:\/\/senzorika-varga.si\/en\/wp-json\/wp\/v2\/media\/12849"}],"wp:attachment":[{"href":"https:\/\/senzorika-varga.si\/en\/wp-json\/wp\/v2\/media?parent=11282"}],"wp:term":[{"taxonomy":"product_brand","embeddable":true,"href":"https:\/\/senzorika-varga.si\/en\/wp-json\/wp\/v2\/product_brand?post=11282"},{"taxonomy":"product_cat","embeddable":true,"href":"https:\/\/senzorika-varga.si\/en\/wp-json\/wp\/v2\/product_cat?post=11282"},{"taxonomy":"product_tag","embeddable":true,"href":"https:\/\/senzorika-varga.si\/en\/wp-json\/wp\/v2\/product_tag?post=11282"}],"curies":[{"name":"wp","href":"https:\/\/api.w.org\/{rel}","templated":true}]}}