{"id":11280,"date":"2025-12-05T22:09:43","date_gmt":"2025-12-05T22:09:43","guid":{"rendered":"https:\/\/senzorika.ajvonidol.si\/?post_type=product&#038;p=11280"},"modified":"2025-12-27T19:46:18","modified_gmt":"2025-12-27T19:46:18","slug":"stenska-plosca-krizec-krozec","status":"publish","type":"product","link":"https:\/\/senzorika-varga.si\/en\/product\/stenska-plosca-krizec-krozec\/","title":{"rendered":"Stenska plo\u0161\u010da &#8211; kri\u017eec-kro\u017eec"},"content":{"rendered":"<p>Stenska plo\u0161\u010da za tradicionalno igro kri\u017ecev in krogov. Komplet vsebuje vrte\u010de se kvadratke s simboloma X in O ter abakus za \u0161tetje to\u010dk. Pomaga razvijati logi\u010dno mi\u0161ljenje, ustvarjalnost in izbolj\u0161uje domi\u0161ljijo, hkrati pa uri motori\u010dne sposobnosti. dimenzije: 45 x 4,5 x 50 cm; material: laminirana MDF plo\u0161\u010da v naravni in beli barvi; starost: 4+<\/p>","protected":false},"excerpt":{"rendered":"<p>Stenska plo\u0161\u010da za tradicionalno igro kri\u017ecev in krogov. Komplet vsebuje vrte\u010de se kvadratke s simboloma X in O ter abakus za \u0161tetje to\u010dk. Pomaga razvijati logi\u010dno mi\u0161ljenje, ustvarjalnost in izbolj\u0161uje domi\u0161ljijo, hkrati pa uri motori\u010dne sposobnosti. dimenzije: 45 x 4,5 x 50 cm; material: laminirana MDF plo\u0161\u010da v naravni in beli barvi; starost: 4+<\/p>","protected":false},"featured_media":12845,"menu_order":0,"comment_status":"open","ping_status":"closed","template":"","meta":[],"product_brand":[],"product_cat":[85],"product_tag":[],"class_list":{"0":"post-11280","1":"product","2":"type-product","3":"status-publish","4":"has-post-thumbnail","6":"product_cat-taktilne-stene","8":"first","9":"instock","10":"taxable","11":"shipping-taxable","12":"purchasable","13":"product-type-simple"},"jetpack_sharing_enabled":true,"_links":{"self":[{"href":"https:\/\/senzorika-varga.si\/en\/wp-json\/wp\/v2\/product\/11280","targetHints":{"allow":["GET"]}}],"collection":[{"href":"https:\/\/senzorika-varga.si\/en\/wp-json\/wp\/v2\/product"}],"about":[{"href":"https:\/\/senzorika-varga.si\/en\/wp-json\/wp\/v2\/types\/product"}],"replies":[{"embeddable":true,"href":"https:\/\/senzorika-varga.si\/en\/wp-json\/wp\/v2\/comments?post=11280"}],"version-history":[{"count":1,"href":"https:\/\/senzorika-varga.si\/en\/wp-json\/wp\/v2\/product\/11280\/revisions"}],"predecessor-version":[{"id":11281,"href":"https:\/\/senzorika-varga.si\/en\/wp-json\/wp\/v2\/product\/11280\/revisions\/11281"}],"wp:featuredmedia":[{"embeddable":true,"href":"https:\/\/senzorika-varga.si\/en\/wp-json\/wp\/v2\/media\/12845"}],"wp:attachment":[{"href":"https:\/\/senzorika-varga.si\/en\/wp-json\/wp\/v2\/media?parent=11280"}],"wp:term":[{"taxonomy":"product_brand","embeddable":true,"href":"https:\/\/senzorika-varga.si\/en\/wp-json\/wp\/v2\/product_brand?post=11280"},{"taxonomy":"product_cat","embeddable":true,"href":"https:\/\/senzorika-varga.si\/en\/wp-json\/wp\/v2\/product_cat?post=11280"},{"taxonomy":"product_tag","embeddable":true,"href":"https:\/\/senzorika-varga.si\/en\/wp-json\/wp\/v2\/product_tag?post=11280"}],"curies":[{"name":"wp","href":"https:\/\/api.w.org\/{rel}","templated":true}]}}