{"id":11262,"date":"2025-12-05T22:09:41","date_gmt":"2025-12-05T22:09:41","guid":{"rendered":"https:\/\/senzorika.ajvonidol.si\/?post_type=product&#038;p=11262"},"modified":"2025-12-27T19:45:57","modified_gmt":"2025-12-27T19:45:57","slug":"vlak-stenska-maksi-manipulativna-tabla","status":"publish","type":"product","link":"https:\/\/senzorika-varga.si\/en\/product\/vlak-stenska-maksi-manipulativna-tabla\/","title":{"rendered":"Vlak. Stenska maksi manipulativna tabla"},"content":{"rendered":"<p>Lesena plo\u0161\u010da, razdeljena na tri manipulativne in senzori\u010dne plo\u0161\u010de v obliki lokomotive in vagonov. Lokomotiva vklju\u010duje pisane zobnike, abakus, zvonec in ogledalo, kar je idealno za sprevodnika. Modri \u200b\u200bvagon ima drsnik za perlice, ksilofon in leseno strgalo, zeleni pa labirint z ovirami, ki jih mora majhen lesen vlak pre\u010dkati in raziskovati \u010dudesa sveta. Vsa kolesa so vgravirana z vzorci, kar otrokom omogo\u010da raziskovanje razli\u010dnih tekstur in opazovanje njihovega gibanja. Vsak od teh elementov podpira fino motoriko, razvija koordinacijo rok in o\u010di ter ustvarjalnost in domi\u0161ljijo. \u010cas, pre\u017eivet v skupnem odkrivanju teh delov, spodbuja socialne ve\u0161\u010dine in komunikacijo. Vlak lahko slu\u017ei tudi kot okras za igralnico.<\/p>\n<p>Dimenzije: 190 x 67 x 7 cm<\/p>\n<p>Starost: 18 mesecev+<\/p>","protected":false},"excerpt":{"rendered":"<p>Lesena plo\u0161\u010da, razdeljena na tri manipulativne in senzori\u010dne plo\u0161\u010de v obliki lokomotive in vagonov. Lokomotiva vklju\u010duje pisane zobnike, abakus, zvonec in ogledalo, kar je idealno za sprevodnika. Modri \u200b\u200bvagon ima drsnik za perlice, ksilofon in leseno strgalo, zeleni pa labirint z ovirami, ki jih mora majhen lesen vlak pre\u010dkati in raziskovati \u010dudesa sveta. Vsa kolesa so vgravirana z vzorci, kar otrokom omogo\u010da raziskovanje razli\u010dnih tekstur in opazovanje njihovega gibanja. Vsak od teh elementov podpira fino motoriko, razvija koordinacijo rok in o\u010di ter ustvarjalnost in domi\u0161ljijo. \u010cas, pre\u017eivet v skupnem odkrivanju teh delov, spodbuja socialne ve\u0161\u010dine in komunikacijo. Vlak lahko slu\u017ei tudi kot okras za igralnico.<\/p>\n<p>Dimenzije: 190 x 67 x 7 cm<\/p>\n<p>Starost: 18 mesecev+<\/p>","protected":false},"featured_media":12835,"menu_order":0,"comment_status":"open","ping_status":"closed","template":"","meta":[],"product_brand":[],"product_cat":[85],"product_tag":[],"class_list":{"0":"post-11262","1":"product","2":"type-product","3":"status-publish","4":"has-post-thumbnail","6":"product_cat-taktilne-stene","8":"first","9":"instock","10":"taxable","11":"shipping-taxable","12":"purchasable","13":"product-type-simple"},"jetpack_sharing_enabled":true,"_links":{"self":[{"href":"https:\/\/senzorika-varga.si\/en\/wp-json\/wp\/v2\/product\/11262","targetHints":{"allow":["GET"]}}],"collection":[{"href":"https:\/\/senzorika-varga.si\/en\/wp-json\/wp\/v2\/product"}],"about":[{"href":"https:\/\/senzorika-varga.si\/en\/wp-json\/wp\/v2\/types\/product"}],"replies":[{"embeddable":true,"href":"https:\/\/senzorika-varga.si\/en\/wp-json\/wp\/v2\/comments?post=11262"}],"version-history":[{"count":1,"href":"https:\/\/senzorika-varga.si\/en\/wp-json\/wp\/v2\/product\/11262\/revisions"}],"predecessor-version":[{"id":11263,"href":"https:\/\/senzorika-varga.si\/en\/wp-json\/wp\/v2\/product\/11262\/revisions\/11263"}],"wp:featuredmedia":[{"embeddable":true,"href":"https:\/\/senzorika-varga.si\/en\/wp-json\/wp\/v2\/media\/12835"}],"wp:attachment":[{"href":"https:\/\/senzorika-varga.si\/en\/wp-json\/wp\/v2\/media?parent=11262"}],"wp:term":[{"taxonomy":"product_brand","embeddable":true,"href":"https:\/\/senzorika-varga.si\/en\/wp-json\/wp\/v2\/product_brand?post=11262"},{"taxonomy":"product_cat","embeddable":true,"href":"https:\/\/senzorika-varga.si\/en\/wp-json\/wp\/v2\/product_cat?post=11262"},{"taxonomy":"product_tag","embeddable":true,"href":"https:\/\/senzorika-varga.si\/en\/wp-json\/wp\/v2\/product_tag?post=11262"}],"curies":[{"name":"wp","href":"https:\/\/api.w.org\/{rel}","templated":true}]}}