{"id":11256,"date":"2025-12-05T22:09:41","date_gmt":"2025-12-05T22:09:41","guid":{"rendered":"https:\/\/senzorika.ajvonidol.si\/?post_type=product&#038;p=11256"},"modified":"2025-12-27T19:45:56","modified_gmt":"2025-12-27T19:45:56","slug":"stenska-igraca-konj","status":"publish","type":"product","link":"https:\/\/senzorika-varga.si\/en\/product\/stenska-igraca-konj\/","title":{"rendered":"Stenska tabla Konj"},"content":{"rendered":"<p>Stenska igra\u010da z vrtljivimi zobniki in premikajo\u010dimi se \u017ei\u010dnatimi perlicami. Pritisnite leseno palico na levem koncu \u017eice in perlice lahko izstrelite na vrh \u017eice. Velikost: 36 x 4,5 x 55 cm<\/p>","protected":false},"excerpt":{"rendered":"<p>Stenska igra\u010da z vrtljivimi zobniki in premikajo\u010dimi se \u017ei\u010dnatimi perlicami. Pritisnite leseno palico na levem koncu \u017eice in perlice lahko izstrelite na vrh \u017eice. Velikost: 36 x 4,5 x 55 cm<\/p>","protected":false},"featured_media":12832,"menu_order":0,"comment_status":"open","ping_status":"closed","template":"","meta":[],"product_brand":[],"product_cat":[85],"product_tag":[],"class_list":{"0":"post-11256","1":"product","2":"type-product","3":"status-publish","4":"has-post-thumbnail","6":"product_cat-taktilne-stene","8":"first","9":"instock","10":"taxable","11":"shipping-taxable","12":"purchasable","13":"product-type-simple"},"jetpack_sharing_enabled":true,"_links":{"self":[{"href":"https:\/\/senzorika-varga.si\/en\/wp-json\/wp\/v2\/product\/11256","targetHints":{"allow":["GET"]}}],"collection":[{"href":"https:\/\/senzorika-varga.si\/en\/wp-json\/wp\/v2\/product"}],"about":[{"href":"https:\/\/senzorika-varga.si\/en\/wp-json\/wp\/v2\/types\/product"}],"replies":[{"embeddable":true,"href":"https:\/\/senzorika-varga.si\/en\/wp-json\/wp\/v2\/comments?post=11256"}],"version-history":[{"count":2,"href":"https:\/\/senzorika-varga.si\/en\/wp-json\/wp\/v2\/product\/11256\/revisions"}],"predecessor-version":[{"id":13096,"href":"https:\/\/senzorika-varga.si\/en\/wp-json\/wp\/v2\/product\/11256\/revisions\/13096"}],"wp:featuredmedia":[{"embeddable":true,"href":"https:\/\/senzorika-varga.si\/en\/wp-json\/wp\/v2\/media\/12832"}],"wp:attachment":[{"href":"https:\/\/senzorika-varga.si\/en\/wp-json\/wp\/v2\/media?parent=11256"}],"wp:term":[{"taxonomy":"product_brand","embeddable":true,"href":"https:\/\/senzorika-varga.si\/en\/wp-json\/wp\/v2\/product_brand?post=11256"},{"taxonomy":"product_cat","embeddable":true,"href":"https:\/\/senzorika-varga.si\/en\/wp-json\/wp\/v2\/product_cat?post=11256"},{"taxonomy":"product_tag","embeddable":true,"href":"https:\/\/senzorika-varga.si\/en\/wp-json\/wp\/v2\/product_tag?post=11256"}],"curies":[{"name":"wp","href":"https:\/\/api.w.org\/{rel}","templated":true}]}}