{"id":11250,"date":"2025-12-05T22:09:41","date_gmt":"2025-12-05T22:09:41","guid":{"rendered":"https:\/\/senzorika.ajvonidol.si\/?post_type=product&#038;p=11250"},"modified":"2025-12-27T19:45:53","modified_gmt":"2025-12-27T19:45:53","slug":"manipulativna-tabla-zobniki","status":"publish","type":"product","link":"https:\/\/senzorika-varga.si\/en\/product\/manipulativna-tabla-zobniki\/","title":{"rendered":"Manipulativna tabla &#8211; medved &#8211; zobniki"},"content":{"rendered":"<p>Manipulativne plo\u0161\u010de v obliki ljubkega medvedka, ki ponujajo razli\u010dne ro\u010dne dejavnosti. Prisotnost gibljivih delov spodbuja otrokov razvoj in spodbuja njegove \u010dute. Otrokom ne pomagajo le izbolj\u0161ati logi\u010dnega mi\u0161ljenja, vizualne in motori\u010dne koordinacije, temve\u010d tudi razvijajo samostojnost in pove\u010dujejo koncentracijo. Dejavnost z desko je vrtenje izbranega elementa, ki spro\u017ei drug element na plo\u0161\u010di. V kompletu so prilo\u017eeni pritrdilni elementi za namestitev plo\u0161\u010de na steno.<\/p>\n<p>Specifikacije izdelka: dimenzije: premer: 30 cm; gibljivi deli: 5 zobnikov, 3 ventilatorji; pritrdilni elementi: 2 x vijaka, 2 x stenski vlo\u017eki; material: les; starost: 18 mesecev +<\/p>","protected":false},"excerpt":{"rendered":"<p>Manipulativne plo\u0161\u010de v obliki ljubkega medvedka, ki ponujajo razli\u010dne ro\u010dne dejavnosti. Prisotnost gibljivih delov spodbuja otrokov razvoj in spodbuja njegove \u010dute. Otrokom ne pomagajo le izbolj\u0161ati logi\u010dnega mi\u0161ljenja, vizualne in motori\u010dne koordinacije, temve\u010d tudi razvijajo samostojnost in pove\u010dujejo koncentracijo. Dejavnost z desko je vrtenje izbranega elementa, ki spro\u017ei drug element na plo\u0161\u010di. V kompletu so prilo\u017eeni pritrdilni elementi za namestitev plo\u0161\u010de na steno.<\/p>\n<p>Specifikacije izdelka: dimenzije: premer: 30 cm; gibljivi deli: 5 zobnikov, 3 ventilatorji; pritrdilni elementi: 2 x vijaka, 2 x stenski vlo\u017eki; material: les; starost: 18 mesecev +<\/p>","protected":false},"featured_media":12829,"menu_order":0,"comment_status":"open","ping_status":"closed","template":"","meta":[],"product_brand":[],"product_cat":[85],"product_tag":[],"class_list":{"0":"post-11250","1":"product","2":"type-product","3":"status-publish","4":"has-post-thumbnail","6":"product_cat-taktilne-stene","8":"first","9":"instock","10":"taxable","11":"shipping-taxable","12":"purchasable","13":"product-type-simple"},"jetpack_sharing_enabled":true,"_links":{"self":[{"href":"https:\/\/senzorika-varga.si\/en\/wp-json\/wp\/v2\/product\/11250","targetHints":{"allow":["GET"]}}],"collection":[{"href":"https:\/\/senzorika-varga.si\/en\/wp-json\/wp\/v2\/product"}],"about":[{"href":"https:\/\/senzorika-varga.si\/en\/wp-json\/wp\/v2\/types\/product"}],"replies":[{"embeddable":true,"href":"https:\/\/senzorika-varga.si\/en\/wp-json\/wp\/v2\/comments?post=11250"}],"version-history":[{"count":2,"href":"https:\/\/senzorika-varga.si\/en\/wp-json\/wp\/v2\/product\/11250\/revisions"}],"predecessor-version":[{"id":13094,"href":"https:\/\/senzorika-varga.si\/en\/wp-json\/wp\/v2\/product\/11250\/revisions\/13094"}],"wp:featuredmedia":[{"embeddable":true,"href":"https:\/\/senzorika-varga.si\/en\/wp-json\/wp\/v2\/media\/12829"}],"wp:attachment":[{"href":"https:\/\/senzorika-varga.si\/en\/wp-json\/wp\/v2\/media?parent=11250"}],"wp:term":[{"taxonomy":"product_brand","embeddable":true,"href":"https:\/\/senzorika-varga.si\/en\/wp-json\/wp\/v2\/product_brand?post=11250"},{"taxonomy":"product_cat","embeddable":true,"href":"https:\/\/senzorika-varga.si\/en\/wp-json\/wp\/v2\/product_cat?post=11250"},{"taxonomy":"product_tag","embeddable":true,"href":"https:\/\/senzorika-varga.si\/en\/wp-json\/wp\/v2\/product_tag?post=11250"}],"curies":[{"name":"wp","href":"https:\/\/api.w.org\/{rel}","templated":true}]}}