{"id":11246,"date":"2025-12-05T22:09:41","date_gmt":"2025-12-05T22:09:41","guid":{"rendered":"https:\/\/senzorika.ajvonidol.si\/?post_type=product&#038;p=11246"},"modified":"2025-12-27T19:45:53","modified_gmt":"2025-12-27T19:45:53","slug":"manipulativna-tabla-medved-zabava-z-optiko","status":"publish","type":"product","link":"https:\/\/senzorika-varga.si\/en\/product\/manipulativna-tabla-medved-zabava-z-optiko\/","title":{"rendered":"Manipulativna tabla &#8211; medved &#8211; zabava z optiko"},"content":{"rendered":"<p>Manipulativne table v obliki ljubkega medvedka, ki ponujajo razli\u010dne ro\u010dne dejavnosti. Prisotnost gibljivih delov spodbuja otrokov razvoj in spodbuja njegove \u010dute. Otrokom ne pomagajo le izbolj\u0161ati logi\u010dnega mi\u0161ljenja, vizualne in motori\u010dne koordinacije, temve\u010d tudi razvijajo samostojnost in pove\u010dujejo koncentracijo. Dejavnost s tablo je sestavljena iz vrte\u010dih se diskov z natisnjenimi vzorci. Raznolikost vizualnih u\u010dinkov je odvisna od hitrosti vrtenja diskov. V kompletu so prilo\u017eeni pritrdilni elementi za namestitev plo\u0161\u010de na steno.<\/p>\n<p>Specifikacije izdelka: dimenzije: premer: 30 cm; gibljivi deli: 3 diski z natisnjenimi vzorci; pritrdilni elementi: 2 x vijaki, 2 x stenski vlo\u017eki; material: les; starost: 18 mesecev +<\/p>","protected":false},"excerpt":{"rendered":"<p>Manipulativne table v obliki ljubkega medvedka, ki ponujajo razli\u010dne ro\u010dne dejavnosti. Prisotnost gibljivih delov spodbuja otrokov razvoj in spodbuja njegove \u010dute. Otrokom ne pomagajo le izbolj\u0161ati logi\u010dnega mi\u0161ljenja, vizualne in motori\u010dne koordinacije, temve\u010d tudi razvijajo samostojnost in pove\u010dujejo koncentracijo. Dejavnost s tablo je sestavljena iz vrte\u010dih se diskov z natisnjenimi vzorci. Raznolikost vizualnih u\u010dinkov je odvisna od hitrosti vrtenja diskov. V kompletu so prilo\u017eeni pritrdilni elementi za namestitev plo\u0161\u010de na steno.<\/p>\n<p>Specifikacije izdelka: dimenzije: premer: 30 cm; gibljivi deli: 3 diski z natisnjenimi vzorci; pritrdilni elementi: 2 x vijaki, 2 x stenski vlo\u017eki; material: les; starost: 18 mesecev +<\/p>","protected":false},"featured_media":12826,"menu_order":0,"comment_status":"open","ping_status":"closed","template":"","meta":[],"product_brand":[],"product_cat":[85],"product_tag":[],"class_list":{"0":"post-11246","1":"product","2":"type-product","3":"status-publish","4":"has-post-thumbnail","6":"product_cat-taktilne-stene","8":"first","9":"instock","10":"taxable","11":"shipping-taxable","12":"purchasable","13":"product-type-simple"},"jetpack_sharing_enabled":true,"_links":{"self":[{"href":"https:\/\/senzorika-varga.si\/en\/wp-json\/wp\/v2\/product\/11246","targetHints":{"allow":["GET"]}}],"collection":[{"href":"https:\/\/senzorika-varga.si\/en\/wp-json\/wp\/v2\/product"}],"about":[{"href":"https:\/\/senzorika-varga.si\/en\/wp-json\/wp\/v2\/types\/product"}],"replies":[{"embeddable":true,"href":"https:\/\/senzorika-varga.si\/en\/wp-json\/wp\/v2\/comments?post=11246"}],"version-history":[{"count":1,"href":"https:\/\/senzorika-varga.si\/en\/wp-json\/wp\/v2\/product\/11246\/revisions"}],"predecessor-version":[{"id":11247,"href":"https:\/\/senzorika-varga.si\/en\/wp-json\/wp\/v2\/product\/11246\/revisions\/11247"}],"wp:featuredmedia":[{"embeddable":true,"href":"https:\/\/senzorika-varga.si\/en\/wp-json\/wp\/v2\/media\/12826"}],"wp:attachment":[{"href":"https:\/\/senzorika-varga.si\/en\/wp-json\/wp\/v2\/media?parent=11246"}],"wp:term":[{"taxonomy":"product_brand","embeddable":true,"href":"https:\/\/senzorika-varga.si\/en\/wp-json\/wp\/v2\/product_brand?post=11246"},{"taxonomy":"product_cat","embeddable":true,"href":"https:\/\/senzorika-varga.si\/en\/wp-json\/wp\/v2\/product_cat?post=11246"},{"taxonomy":"product_tag","embeddable":true,"href":"https:\/\/senzorika-varga.si\/en\/wp-json\/wp\/v2\/product_tag?post=11246"}],"curies":[{"name":"wp","href":"https:\/\/api.w.org\/{rel}","templated":true}]}}