{"id":11238,"date":"2025-12-05T22:09:39","date_gmt":"2025-12-05T22:09:39","guid":{"rendered":"https:\/\/senzorika.ajvonidol.si\/?post_type=product&#038;p=11238"},"modified":"2025-12-27T19:45:53","modified_gmt":"2025-12-27T19:45:53","slug":"manipulativna-tabla-jezek","status":"publish","type":"product","link":"https:\/\/senzorika-varga.si\/en\/product\/manipulativna-tabla-jezek\/","title":{"rendered":"Manipulativna tabla Je\u017eek"},"content":{"rendered":"<p>2 labirinta razli\u010dnih dol\u017ein; velikost: 62 x 50 cm; stenska obloga iz MDF s premi\u010dnimi manipulativnimi elementi<\/p>","protected":false},"excerpt":{"rendered":"<p>2 labirinta razli\u010dnih dol\u017ein; velikost: 62 x 50 cm; stenska obloga iz MDF s premi\u010dnimi manipulativnimi elementi<\/p>","protected":false},"featured_media":12822,"menu_order":0,"comment_status":"open","ping_status":"closed","template":"","meta":[],"product_brand":[],"product_cat":[85],"product_tag":[],"class_list":{"0":"post-11238","1":"product","2":"type-product","3":"status-publish","4":"has-post-thumbnail","6":"product_cat-taktilne-stene","8":"first","9":"instock","10":"taxable","11":"shipping-taxable","12":"purchasable","13":"product-type-simple"},"jetpack_sharing_enabled":true,"_links":{"self":[{"href":"https:\/\/senzorika-varga.si\/en\/wp-json\/wp\/v2\/product\/11238","targetHints":{"allow":["GET"]}}],"collection":[{"href":"https:\/\/senzorika-varga.si\/en\/wp-json\/wp\/v2\/product"}],"about":[{"href":"https:\/\/senzorika-varga.si\/en\/wp-json\/wp\/v2\/types\/product"}],"replies":[{"embeddable":true,"href":"https:\/\/senzorika-varga.si\/en\/wp-json\/wp\/v2\/comments?post=11238"}],"version-history":[{"count":1,"href":"https:\/\/senzorika-varga.si\/en\/wp-json\/wp\/v2\/product\/11238\/revisions"}],"predecessor-version":[{"id":11239,"href":"https:\/\/senzorika-varga.si\/en\/wp-json\/wp\/v2\/product\/11238\/revisions\/11239"}],"wp:featuredmedia":[{"embeddable":true,"href":"https:\/\/senzorika-varga.si\/en\/wp-json\/wp\/v2\/media\/12822"}],"wp:attachment":[{"href":"https:\/\/senzorika-varga.si\/en\/wp-json\/wp\/v2\/media?parent=11238"}],"wp:term":[{"taxonomy":"product_brand","embeddable":true,"href":"https:\/\/senzorika-varga.si\/en\/wp-json\/wp\/v2\/product_brand?post=11238"},{"taxonomy":"product_cat","embeddable":true,"href":"https:\/\/senzorika-varga.si\/en\/wp-json\/wp\/v2\/product_cat?post=11238"},{"taxonomy":"product_tag","embeddable":true,"href":"https:\/\/senzorika-varga.si\/en\/wp-json\/wp\/v2\/product_tag?post=11238"}],"curies":[{"name":"wp","href":"https:\/\/api.w.org\/{rel}","templated":true}]}}