{"id":11226,"date":"2025-12-05T22:09:39","date_gmt":"2025-12-05T22:09:39","guid":{"rendered":"https:\/\/senzorika.ajvonidol.si\/?post_type=product&#038;p=11226"},"modified":"2025-12-27T19:45:43","modified_gmt":"2025-12-27T19:45:43","slug":"manipulativna-zelva","status":"publish","type":"product","link":"https:\/\/senzorika-varga.si\/en\/product\/manipulativna-zelva\/","title":{"rendered":"Manipulativna tabla \u017eelva"},"content":{"rendered":"<p>Manipulativna plo\u0161\u010da v obliki \u017eelve z zobniki, lesenimi kroglicami na vrvici, zadrgo, vezalkami, zaponko na pasu, vrati s kavljem in zapahom. Monta\u017ea: na steno. Dimenzije: 47 x 60 cm; material: 12 mm MDF plo\u0161\u010da v mint barvi; starost: 3+<\/p>","protected":false},"excerpt":{"rendered":"<p>Manipulativna plo\u0161\u010da v obliki \u017eelve z zobniki, lesenimi kroglicami na vrvici, zadrgo, vezalkami, zaponko na pasu, vrati s kavljem in zapahom. Monta\u017ea: na steno. Dimenzije: 47 x 60 cm; material: 12 mm MDF plo\u0161\u010da v mint barvi; starost: 3+<\/p>","protected":false},"featured_media":12814,"menu_order":0,"comment_status":"open","ping_status":"closed","template":"","meta":[],"product_brand":[],"product_cat":[85],"product_tag":[],"class_list":{"0":"post-11226","1":"product","2":"type-product","3":"status-publish","4":"has-post-thumbnail","6":"product_cat-taktilne-stene","8":"first","9":"instock","10":"taxable","11":"shipping-taxable","12":"purchasable","13":"product-type-simple"},"jetpack_sharing_enabled":true,"_links":{"self":[{"href":"https:\/\/senzorika-varga.si\/en\/wp-json\/wp\/v2\/product\/11226","targetHints":{"allow":["GET"]}}],"collection":[{"href":"https:\/\/senzorika-varga.si\/en\/wp-json\/wp\/v2\/product"}],"about":[{"href":"https:\/\/senzorika-varga.si\/en\/wp-json\/wp\/v2\/types\/product"}],"replies":[{"embeddable":true,"href":"https:\/\/senzorika-varga.si\/en\/wp-json\/wp\/v2\/comments?post=11226"}],"version-history":[{"count":2,"href":"https:\/\/senzorika-varga.si\/en\/wp-json\/wp\/v2\/product\/11226\/revisions"}],"predecessor-version":[{"id":13088,"href":"https:\/\/senzorika-varga.si\/en\/wp-json\/wp\/v2\/product\/11226\/revisions\/13088"}],"wp:featuredmedia":[{"embeddable":true,"href":"https:\/\/senzorika-varga.si\/en\/wp-json\/wp\/v2\/media\/12814"}],"wp:attachment":[{"href":"https:\/\/senzorika-varga.si\/en\/wp-json\/wp\/v2\/media?parent=11226"}],"wp:term":[{"taxonomy":"product_brand","embeddable":true,"href":"https:\/\/senzorika-varga.si\/en\/wp-json\/wp\/v2\/product_brand?post=11226"},{"taxonomy":"product_cat","embeddable":true,"href":"https:\/\/senzorika-varga.si\/en\/wp-json\/wp\/v2\/product_cat?post=11226"},{"taxonomy":"product_tag","embeddable":true,"href":"https:\/\/senzorika-varga.si\/en\/wp-json\/wp\/v2\/product_tag?post=11226"}],"curies":[{"name":"wp","href":"https:\/\/api.w.org\/{rel}","templated":true}]}}