{"id":11200,"date":"2025-12-05T22:09:35","date_gmt":"2025-12-05T22:09:35","guid":{"rendered":"https:\/\/senzorika.ajvonidol.si\/?post_type=product&#038;p=11200"},"modified":"2025-12-27T19:45:39","modified_gmt":"2025-12-27T19:45:39","slug":"manipulativna-tabla-gozd","status":"publish","type":"product","link":"https:\/\/senzorika-varga.si\/en\/product\/manipulativna-tabla-gozd\/","title":{"rendered":"Manipulativna tabla &#8211; Gozd"},"content":{"rendered":"<p>Manipulacijska plo\u0161\u010da z gozdno tematiko. Opremljena je s 3 premi\u010dnimi elementi, 4 elementi s teksturo in 1 vrtljivim elementom. Plo\u0161\u010da je izdelana iz MDF plo\u0161\u010de s potiskom. Dimenzije: 130 x 79 cm.<\/p>","protected":false},"excerpt":{"rendered":"<p>Manipulacijska plo\u0161\u010da z gozdno tematiko. Opremljena je s 3 premi\u010dnimi elementi, 4 elementi s teksturo in 1 vrtljivim elementom. Plo\u0161\u010da je izdelana iz MDF plo\u0161\u010de s potiskom. Dimenzije: 130 x 79 cm.<\/p>","protected":false},"featured_media":12801,"menu_order":0,"comment_status":"open","ping_status":"closed","template":"","meta":[],"product_brand":[],"product_cat":[85],"product_tag":[],"class_list":{"0":"post-11200","1":"product","2":"type-product","3":"status-publish","4":"has-post-thumbnail","6":"product_cat-taktilne-stene","8":"first","9":"instock","10":"taxable","11":"shipping-taxable","12":"purchasable","13":"product-type-simple"},"jetpack_sharing_enabled":true,"_links":{"self":[{"href":"https:\/\/senzorika-varga.si\/en\/wp-json\/wp\/v2\/product\/11200","targetHints":{"allow":["GET"]}}],"collection":[{"href":"https:\/\/senzorika-varga.si\/en\/wp-json\/wp\/v2\/product"}],"about":[{"href":"https:\/\/senzorika-varga.si\/en\/wp-json\/wp\/v2\/types\/product"}],"replies":[{"embeddable":true,"href":"https:\/\/senzorika-varga.si\/en\/wp-json\/wp\/v2\/comments?post=11200"}],"version-history":[{"count":1,"href":"https:\/\/senzorika-varga.si\/en\/wp-json\/wp\/v2\/product\/11200\/revisions"}],"predecessor-version":[{"id":11201,"href":"https:\/\/senzorika-varga.si\/en\/wp-json\/wp\/v2\/product\/11200\/revisions\/11201"}],"wp:featuredmedia":[{"embeddable":true,"href":"https:\/\/senzorika-varga.si\/en\/wp-json\/wp\/v2\/media\/12801"}],"wp:attachment":[{"href":"https:\/\/senzorika-varga.si\/en\/wp-json\/wp\/v2\/media?parent=11200"}],"wp:term":[{"taxonomy":"product_brand","embeddable":true,"href":"https:\/\/senzorika-varga.si\/en\/wp-json\/wp\/v2\/product_brand?post=11200"},{"taxonomy":"product_cat","embeddable":true,"href":"https:\/\/senzorika-varga.si\/en\/wp-json\/wp\/v2\/product_cat?post=11200"},{"taxonomy":"product_tag","embeddable":true,"href":"https:\/\/senzorika-varga.si\/en\/wp-json\/wp\/v2\/product_tag?post=11200"}],"curies":[{"name":"wp","href":"https:\/\/api.w.org\/{rel}","templated":true}]}}