{"id":11198,"date":"2025-12-05T22:09:35","date_gmt":"2025-12-05T22:09:35","guid":{"rendered":"https:\/\/senzorika.ajvonidol.si\/?post_type=product&#038;p=11198"},"modified":"2025-12-27T19:45:39","modified_gmt":"2025-12-27T19:45:39","slug":"manipulativna-tabla-kralji","status":"publish","type":"product","link":"https:\/\/senzorika-varga.si\/en\/product\/manipulativna-tabla-kralji\/","title":{"rendered":"Manipulativna tabla &#8211; Kraljestvo"},"content":{"rendered":"<p>Manipulacijska plo\u0161\u010da s tematiko kraljestva. Opremljena je z 1 premi\u010dnim elementom, 6 elementi s teksturo in 4 vrtljivimi elementi. Plo\u0161\u010da je izdelana iz MDF plo\u0161\u010de s potiskom. Dimenzije: 130 x 79 cm.<\/p>","protected":false},"excerpt":{"rendered":"<p>Manipulacijska plo\u0161\u010da s tematiko kraljestva. Opremljena je z 1 premi\u010dnim elementom, 6 elementi s teksturo in 4 vrtljivimi elementi. Plo\u0161\u010da je izdelana iz MDF plo\u0161\u010de s potiskom. Dimenzije: 130 x 79 cm.<\/p>","protected":false},"featured_media":12800,"menu_order":0,"comment_status":"open","ping_status":"closed","template":"","meta":[],"product_brand":[],"product_cat":[85],"product_tag":[],"class_list":{"0":"post-11198","1":"product","2":"type-product","3":"status-publish","4":"has-post-thumbnail","6":"product_cat-taktilne-stene","8":"first","9":"instock","10":"taxable","11":"shipping-taxable","12":"purchasable","13":"product-type-simple"},"jetpack_sharing_enabled":true,"_links":{"self":[{"href":"https:\/\/senzorika-varga.si\/en\/wp-json\/wp\/v2\/product\/11198","targetHints":{"allow":["GET"]}}],"collection":[{"href":"https:\/\/senzorika-varga.si\/en\/wp-json\/wp\/v2\/product"}],"about":[{"href":"https:\/\/senzorika-varga.si\/en\/wp-json\/wp\/v2\/types\/product"}],"replies":[{"embeddable":true,"href":"https:\/\/senzorika-varga.si\/en\/wp-json\/wp\/v2\/comments?post=11198"}],"version-history":[{"count":2,"href":"https:\/\/senzorika-varga.si\/en\/wp-json\/wp\/v2\/product\/11198\/revisions"}],"predecessor-version":[{"id":13081,"href":"https:\/\/senzorika-varga.si\/en\/wp-json\/wp\/v2\/product\/11198\/revisions\/13081"}],"wp:featuredmedia":[{"embeddable":true,"href":"https:\/\/senzorika-varga.si\/en\/wp-json\/wp\/v2\/media\/12800"}],"wp:attachment":[{"href":"https:\/\/senzorika-varga.si\/en\/wp-json\/wp\/v2\/media?parent=11198"}],"wp:term":[{"taxonomy":"product_brand","embeddable":true,"href":"https:\/\/senzorika-varga.si\/en\/wp-json\/wp\/v2\/product_brand?post=11198"},{"taxonomy":"product_cat","embeddable":true,"href":"https:\/\/senzorika-varga.si\/en\/wp-json\/wp\/v2\/product_cat?post=11198"},{"taxonomy":"product_tag","embeddable":true,"href":"https:\/\/senzorika-varga.si\/en\/wp-json\/wp\/v2\/product_tag?post=11198"}],"curies":[{"name":"wp","href":"https:\/\/api.w.org\/{rel}","templated":true}]}}