{"id":11188,"date":"2025-12-05T22:09:35","date_gmt":"2025-12-05T22:09:35","guid":{"rendered":"https:\/\/senzorika.ajvonidol.si\/?post_type=product&#038;p=11188"},"modified":"2025-12-27T19:45:35","modified_gmt":"2025-12-27T19:45:35","slug":"manipulativna-senzoricna-stena","status":"publish","type":"product","link":"https:\/\/senzorika-varga.si\/en\/product\/manipulativna-senzoricna-stena\/","title":{"rendered":"Manipulativna senzori\u010dna stena ZEBRA in SLON"},"content":{"rendered":"<p>Stenska plo\u0161\u010da z manipulativnimi in senzori\u010dnimi aktivnostmi za igro in vadbo koordinacije med rokami in o\u010dmi. Opremljena z varnimi elementi, s katerimi bo otrok raziskoval svet z vsemi \u010dutili. Plo\u0161\u010de z zaobljenimi robovi se prodajajo lo\u010deno in vklju\u010dujejo: \u017eivali s teksturami, premi\u010dne figure in gusarsko kolo. 1 plo\u0161\u010da 130 x 79 cm; material: les, MDF plo\u0161\u010da; starost 3+<\/p>","protected":false},"excerpt":{"rendered":"<p>Stenska plo\u0161\u010da z manipulativnimi in senzori\u010dnimi aktivnostmi za igro in vadbo koordinacije med rokami in o\u010dmi. Opremljena z varnimi elementi, s katerimi bo otrok raziskoval svet z vsemi \u010dutili. Plo\u0161\u010de z zaobljenimi robovi se prodajajo lo\u010deno in vklju\u010dujejo: \u017eivali s teksturami, premi\u010dne figure in gusarsko kolo. 1 plo\u0161\u010da 130 x 79 cm; material: les, MDF plo\u0161\u010da; starost 3+<\/p>","protected":false},"featured_media":12795,"menu_order":0,"comment_status":"open","ping_status":"closed","template":"","meta":[],"product_brand":[],"product_cat":[85],"product_tag":[],"class_list":{"0":"post-11188","1":"product","2":"type-product","3":"status-publish","4":"has-post-thumbnail","6":"product_cat-taktilne-stene","8":"first","9":"instock","10":"taxable","11":"shipping-taxable","12":"purchasable","13":"product-type-simple"},"jetpack_sharing_enabled":true,"_links":{"self":[{"href":"https:\/\/senzorika-varga.si\/en\/wp-json\/wp\/v2\/product\/11188","targetHints":{"allow":["GET"]}}],"collection":[{"href":"https:\/\/senzorika-varga.si\/en\/wp-json\/wp\/v2\/product"}],"about":[{"href":"https:\/\/senzorika-varga.si\/en\/wp-json\/wp\/v2\/types\/product"}],"replies":[{"embeddable":true,"href":"https:\/\/senzorika-varga.si\/en\/wp-json\/wp\/v2\/comments?post=11188"}],"version-history":[{"count":2,"href":"https:\/\/senzorika-varga.si\/en\/wp-json\/wp\/v2\/product\/11188\/revisions"}],"predecessor-version":[{"id":13076,"href":"https:\/\/senzorika-varga.si\/en\/wp-json\/wp\/v2\/product\/11188\/revisions\/13076"}],"wp:featuredmedia":[{"embeddable":true,"href":"https:\/\/senzorika-varga.si\/en\/wp-json\/wp\/v2\/media\/12795"}],"wp:attachment":[{"href":"https:\/\/senzorika-varga.si\/en\/wp-json\/wp\/v2\/media?parent=11188"}],"wp:term":[{"taxonomy":"product_brand","embeddable":true,"href":"https:\/\/senzorika-varga.si\/en\/wp-json\/wp\/v2\/product_brand?post=11188"},{"taxonomy":"product_cat","embeddable":true,"href":"https:\/\/senzorika-varga.si\/en\/wp-json\/wp\/v2\/product_cat?post=11188"},{"taxonomy":"product_tag","embeddable":true,"href":"https:\/\/senzorika-varga.si\/en\/wp-json\/wp\/v2\/product_tag?post=11188"}],"curies":[{"name":"wp","href":"https:\/\/api.w.org\/{rel}","templated":true}]}}