{"id":11184,"date":"2025-12-05T22:09:31","date_gmt":"2025-12-05T22:09:31","guid":{"rendered":"https:\/\/senzorika.ajvonidol.si\/?post_type=product&#038;p=11184"},"modified":"2025-12-27T19:45:28","modified_gmt":"2025-12-27T19:45:28","slug":"gasilski-avto-2","status":"publish","type":"product","link":"https:\/\/senzorika-varga.si\/en\/product\/gasilski-avto-2\/","title":{"rendered":"Gasilski avto"},"content":{"rendered":"<p>Manipulativni koti\u010dek Fire Ttuck je izobra\u017eevalna igra\u010da, ki otrokom ponuja obilo razvojnih mo\u017enosti.<\/p>\n<p>Gasilsko vozilo s pomo\u010djo zanimivih dejavnosti podpira razvoj fine in grobe motorike. Natan\u010dna manipulacija z majhnimi, namensko zasnovanimi elementi izbolj\u0161uje koordinacijo rok in o\u010di ter ro\u010dno spretnost, medtem ko upravljanje ve\u010djih dodatkov, kot sta lestev in gasilska cev, vklju\u010duje celotno telo, krepi mi\u0161ice in izbolj\u0161uje splo\u0161no telesno pripravljenost.<\/p>\n<p>Poleg tega je ta igra\u010da odli\u010dno orodje za u\u010denje sodelovanja in komunikacije. Ko otroci igrajo vloge gasilcev, se u\u010dijo delati v ekipi, usklajevati svoja prizadevanja in u\u010dinkovito komunicirati.<\/p>\n<p>Material: Les, plastika<\/p>\n<p>Dimenzije: 150 x 86 x 108 cm<\/p>\n<p>Starost: 3+<\/p>","protected":false},"excerpt":{"rendered":"<p>Manipulativni koti\u010dek Fire Ttuck je izobra\u017eevalna igra\u010da, ki otrokom ponuja obilo razvojnih mo\u017enosti.<\/p>\n<p>Gasilsko vozilo s pomo\u010djo zanimivih dejavnosti podpira razvoj fine in grobe motorike. Natan\u010dna manipulacija z majhnimi, namensko zasnovanimi elementi izbolj\u0161uje koordinacijo rok in o\u010di ter ro\u010dno spretnost, medtem ko upravljanje ve\u010djih dodatkov, kot sta lestev in gasilska cev, vklju\u010duje celotno telo, krepi mi\u0161ice in izbolj\u0161uje splo\u0161no telesno pripravljenost.<\/p>\n<p>Poleg tega je ta igra\u010da odli\u010dno orodje za u\u010denje sodelovanja in komunikacije. Ko otroci igrajo vloge gasilcev, se u\u010dijo delati v ekipi, usklajevati svoja prizadevanja in u\u010dinkovito komunicirati.<\/p>\n<p>Material: Les, plastika<\/p>\n<p>Dimenzije: 150 x 86 x 108 cm<\/p>\n<p>Starost: 3+<\/p>","protected":false},"featured_media":12790,"menu_order":0,"comment_status":"open","ping_status":"closed","template":"","meta":[],"product_brand":[],"product_cat":[85],"product_tag":[],"class_list":{"0":"post-11184","1":"product","2":"type-product","3":"status-publish","4":"has-post-thumbnail","6":"product_cat-taktilne-stene","8":"first","9":"instock","10":"taxable","11":"shipping-taxable","12":"purchasable","13":"product-type-simple"},"jetpack_sharing_enabled":true,"_links":{"self":[{"href":"https:\/\/senzorika-varga.si\/en\/wp-json\/wp\/v2\/product\/11184","targetHints":{"allow":["GET"]}}],"collection":[{"href":"https:\/\/senzorika-varga.si\/en\/wp-json\/wp\/v2\/product"}],"about":[{"href":"https:\/\/senzorika-varga.si\/en\/wp-json\/wp\/v2\/types\/product"}],"replies":[{"embeddable":true,"href":"https:\/\/senzorika-varga.si\/en\/wp-json\/wp\/v2\/comments?post=11184"}],"version-history":[{"count":1,"href":"https:\/\/senzorika-varga.si\/en\/wp-json\/wp\/v2\/product\/11184\/revisions"}],"predecessor-version":[{"id":11185,"href":"https:\/\/senzorika-varga.si\/en\/wp-json\/wp\/v2\/product\/11184\/revisions\/11185"}],"wp:featuredmedia":[{"embeddable":true,"href":"https:\/\/senzorika-varga.si\/en\/wp-json\/wp\/v2\/media\/12790"}],"wp:attachment":[{"href":"https:\/\/senzorika-varga.si\/en\/wp-json\/wp\/v2\/media?parent=11184"}],"wp:term":[{"taxonomy":"product_brand","embeddable":true,"href":"https:\/\/senzorika-varga.si\/en\/wp-json\/wp\/v2\/product_brand?post=11184"},{"taxonomy":"product_cat","embeddable":true,"href":"https:\/\/senzorika-varga.si\/en\/wp-json\/wp\/v2\/product_cat?post=11184"},{"taxonomy":"product_tag","embeddable":true,"href":"https:\/\/senzorika-varga.si\/en\/wp-json\/wp\/v2\/product_tag?post=11184"}],"curies":[{"name":"wp","href":"https:\/\/api.w.org\/{rel}","templated":true}]}}