{"id":11180,"date":"2025-12-05T22:09:31","date_gmt":"2025-12-05T22:09:31","guid":{"rendered":"https:\/\/senzorika.ajvonidol.si\/?post_type=product&#038;p=11180"},"modified":"2025-12-27T19:45:24","modified_gmt":"2025-12-27T19:45:24","slug":"manipulativni-grad","status":"publish","type":"product","link":"https:\/\/senzorika-varga.si\/en\/product\/manipulativni-grad\/","title":{"rendered":"Manipulativni grad"},"content":{"rendered":"<p>Grad iz vezane plo\u0161\u010de ponuja \u0161tevilne mo\u017enosti ustvarjalne in privla\u010dne manipulativne igre. Med premi\u010dnimi deli so zobniki, odpirajo\u010de se okno z mo\u017enostjo zapiranja, vrtljivi elementi, razli\u010dno oblikovani labirinti in mre\u017ea nad vhodom v grad. Poleg tega je grad opremljen s teksturiranimi fragmenti in ogledali, ki spodbujajo vid. Ta manipulativni grad zaradi premi\u010dnih delov v otrocih prebuja radovednost in razvija njihovo domi\u0161ljijo skozi igro z igranjem vlog. Dimenzije: 75 x 110 x 75 cm.<\/p>","protected":false},"excerpt":{"rendered":"<p>Grad iz vezane plo\u0161\u010de ponuja \u0161tevilne mo\u017enosti ustvarjalne in privla\u010dne manipulativne igre. Med premi\u010dnimi deli so zobniki, odpirajo\u010de se okno z mo\u017enostjo zapiranja, vrtljivi elementi, razli\u010dno oblikovani labirinti in mre\u017ea nad vhodom v grad. Poleg tega je grad opremljen s teksturiranimi fragmenti in ogledali, ki spodbujajo vid. Ta manipulativni grad zaradi premi\u010dnih delov v otrocih prebuja radovednost in razvija njihovo domi\u0161ljijo skozi igro z igranjem vlog. Dimenzije: 75 x 110 x 75 cm.<\/p>","protected":false},"featured_media":12788,"menu_order":0,"comment_status":"open","ping_status":"closed","template":"","meta":[],"product_brand":[],"product_cat":[85],"product_tag":[],"class_list":{"0":"post-11180","1":"product","2":"type-product","3":"status-publish","4":"has-post-thumbnail","6":"product_cat-taktilne-stene","8":"first","9":"instock","10":"taxable","11":"shipping-taxable","12":"purchasable","13":"product-type-simple"},"jetpack_sharing_enabled":true,"_links":{"self":[{"href":"https:\/\/senzorika-varga.si\/en\/wp-json\/wp\/v2\/product\/11180","targetHints":{"allow":["GET"]}}],"collection":[{"href":"https:\/\/senzorika-varga.si\/en\/wp-json\/wp\/v2\/product"}],"about":[{"href":"https:\/\/senzorika-varga.si\/en\/wp-json\/wp\/v2\/types\/product"}],"replies":[{"embeddable":true,"href":"https:\/\/senzorika-varga.si\/en\/wp-json\/wp\/v2\/comments?post=11180"}],"version-history":[{"count":1,"href":"https:\/\/senzorika-varga.si\/en\/wp-json\/wp\/v2\/product\/11180\/revisions"}],"predecessor-version":[{"id":11181,"href":"https:\/\/senzorika-varga.si\/en\/wp-json\/wp\/v2\/product\/11180\/revisions\/11181"}],"wp:featuredmedia":[{"embeddable":true,"href":"https:\/\/senzorika-varga.si\/en\/wp-json\/wp\/v2\/media\/12788"}],"wp:attachment":[{"href":"https:\/\/senzorika-varga.si\/en\/wp-json\/wp\/v2\/media?parent=11180"}],"wp:term":[{"taxonomy":"product_brand","embeddable":true,"href":"https:\/\/senzorika-varga.si\/en\/wp-json\/wp\/v2\/product_brand?post=11180"},{"taxonomy":"product_cat","embeddable":true,"href":"https:\/\/senzorika-varga.si\/en\/wp-json\/wp\/v2\/product_cat?post=11180"},{"taxonomy":"product_tag","embeddable":true,"href":"https:\/\/senzorika-varga.si\/en\/wp-json\/wp\/v2\/product_tag?post=11180"}],"curies":[{"name":"wp","href":"https:\/\/api.w.org\/{rel}","templated":true}]}}