{"id":11178,"date":"2025-12-05T22:09:31","date_gmt":"2025-12-05T22:09:31","guid":{"rendered":"https:\/\/senzorika.ajvonidol.si\/?post_type=product&#038;p=11178"},"modified":"2025-12-27T19:45:24","modified_gmt":"2025-12-27T19:45:24","slug":"manipulativna-hisa","status":"publish","type":"product","link":"https:\/\/senzorika-varga.si\/en\/product\/manipulativna-hisa\/","title":{"rendered":"Manipulativna hi\u0161a"},"content":{"rendered":"<p>Prostostoje\u010di igralni koti\u010dek; dimenzije: 120 x 120 x 120 cm.<\/p>\n<p>Njegov okvir je izdelan iz 12 mm MDF plo\u0161\u010de v rde\u010di\/modri\/rumeni barvi. Igralni koti\u010dek ponuja dovolj prostora, da lahko ve\u010d otrok hkrati stoji ob stenah, dostopen pa je tudi osebam na invalidskih vozi\u010dkih. Dvostranski mozaik z lesenimi obro\u010dki (v 4 barvah) spodbuja sodelovanje v \u0161tevilnih skupinskih dejavnostih. Lesene, nastavljive steze slu\u017eijo kot poti za lesene kroglice, dvostranski labirint, \u0161tevni okvir in ura pa pomagajo pri u\u010denju prepoznavanja razli\u010dnih ritmov, barv in oblik. Zahvaljujo\u010d njim se lahko mal\u010dki nau\u010dijo \u0161teti in brati \u010das. Lune in zvezde, vklesane v strop, ustvarjajo pravlji\u010dno vzdu\u0161je. Konstrukcija sten omogo\u010da, da jih namestite na obe strani.<\/p>\n<p>Hi\u0161a je sestavljena iz 468 lesenih obro\u010dkov (premer: 4,7 cm), 3 lesenih kroglic (premer: 7 cm), ure, blazinic za navijanje (premer: 30 cm) in \u0161tevnega okvirja velikosti 40 x 40 s 100 perlicami.<\/p>","protected":false},"excerpt":{"rendered":"<p>Prostostoje\u010di igralni koti\u010dek; dimenzije: 120 x 120 x 120 cm.<\/p>\n<p>Njegov okvir je izdelan iz 12 mm MDF plo\u0161\u010de v rde\u010di\/modri\/rumeni barvi. Igralni koti\u010dek ponuja dovolj prostora, da lahko ve\u010d otrok hkrati stoji ob stenah, dostopen pa je tudi osebam na invalidskih vozi\u010dkih. Dvostranski mozaik z lesenimi obro\u010dki (v 4 barvah) spodbuja sodelovanje v \u0161tevilnih skupinskih dejavnostih. Lesene, nastavljive steze slu\u017eijo kot poti za lesene kroglice, dvostranski labirint, \u0161tevni okvir in ura pa pomagajo pri u\u010denju prepoznavanja razli\u010dnih ritmov, barv in oblik. Zahvaljujo\u010d njim se lahko mal\u010dki nau\u010dijo \u0161teti in brati \u010das. Lune in zvezde, vklesane v strop, ustvarjajo pravlji\u010dno vzdu\u0161je. Konstrukcija sten omogo\u010da, da jih namestite na obe strani.<\/p>\n<p>Hi\u0161a je sestavljena iz 468 lesenih obro\u010dkov (premer: 4,7 cm), 3 lesenih kroglic (premer: 7 cm), ure, blazinic za navijanje (premer: 30 cm) in \u0161tevnega okvirja velikosti 40 x 40 s 100 perlicami.<\/p>","protected":false},"featured_media":12787,"menu_order":0,"comment_status":"open","ping_status":"closed","template":"","meta":[],"product_brand":[],"product_cat":[85],"product_tag":[],"class_list":{"0":"post-11178","1":"product","2":"type-product","3":"status-publish","4":"has-post-thumbnail","6":"product_cat-taktilne-stene","8":"first","9":"instock","10":"taxable","11":"shipping-taxable","12":"purchasable","13":"product-type-simple"},"jetpack_sharing_enabled":true,"_links":{"self":[{"href":"https:\/\/senzorika-varga.si\/en\/wp-json\/wp\/v2\/product\/11178","targetHints":{"allow":["GET"]}}],"collection":[{"href":"https:\/\/senzorika-varga.si\/en\/wp-json\/wp\/v2\/product"}],"about":[{"href":"https:\/\/senzorika-varga.si\/en\/wp-json\/wp\/v2\/types\/product"}],"replies":[{"embeddable":true,"href":"https:\/\/senzorika-varga.si\/en\/wp-json\/wp\/v2\/comments?post=11178"}],"version-history":[{"count":1,"href":"https:\/\/senzorika-varga.si\/en\/wp-json\/wp\/v2\/product\/11178\/revisions"}],"predecessor-version":[{"id":11179,"href":"https:\/\/senzorika-varga.si\/en\/wp-json\/wp\/v2\/product\/11178\/revisions\/11179"}],"wp:featuredmedia":[{"embeddable":true,"href":"https:\/\/senzorika-varga.si\/en\/wp-json\/wp\/v2\/media\/12787"}],"wp:attachment":[{"href":"https:\/\/senzorika-varga.si\/en\/wp-json\/wp\/v2\/media?parent=11178"}],"wp:term":[{"taxonomy":"product_brand","embeddable":true,"href":"https:\/\/senzorika-varga.si\/en\/wp-json\/wp\/v2\/product_brand?post=11178"},{"taxonomy":"product_cat","embeddable":true,"href":"https:\/\/senzorika-varga.si\/en\/wp-json\/wp\/v2\/product_cat?post=11178"},{"taxonomy":"product_tag","embeddable":true,"href":"https:\/\/senzorika-varga.si\/en\/wp-json\/wp\/v2\/product_tag?post=11178"}],"curies":[{"name":"wp","href":"https:\/\/api.w.org\/{rel}","templated":true}]}}