{"id":11174,"date":"2025-12-05T22:09:31","date_gmt":"2025-12-05T22:09:31","guid":{"rendered":"https:\/\/senzorika.ajvonidol.si\/?post_type=product&#038;p=11174"},"modified":"2025-12-27T19:45:24","modified_gmt":"2025-12-27T19:45:24","slug":"interaktivni-kiosk-medved","status":"publish","type":"product","link":"https:\/\/senzorika-varga.si\/en\/product\/interaktivni-kiosk-medved\/","title":{"rendered":"Interaktivni kiosk Medved"},"content":{"rendered":"<p>Multimedijski kiosk je stojalo za tablico v obliki medvedka, namenjeno posebej otrokom. Pohi\u0161tvo bo odli\u010dno zapolnilo prostor v igralnih koti\u010dkih in zagotovilo izobra\u017eevalno zabavo za najmlaj\u0161e. Kiosk, opremljen z enostavno uporabnim 14-pal\u010dnim tabli\u010dnim ra\u010dunalnikom Android 10 Point Touch, je bil zelo skrbno zasnovan. Belo ogrodje je izdelano iz laminirane iverne plo\u0161\u010de, sprednja stran v obliki medvedka pa iz MDF plo\u0161\u010de. \/90 cm x 40 cm x 130 cm.<\/p>","protected":false},"excerpt":{"rendered":"<p>Multimedijski kiosk je stojalo za tablico v obliki medvedka, namenjeno posebej otrokom. Pohi\u0161tvo bo odli\u010dno zapolnilo prostor v igralnih koti\u010dkih in zagotovilo izobra\u017eevalno zabavo za najmlaj\u0161e. Kiosk, opremljen z enostavno uporabnim 14-pal\u010dnim tabli\u010dnim ra\u010dunalnikom Android 10 Point Touch, je bil zelo skrbno zasnovan. Belo ogrodje je izdelano iz laminirane iverne plo\u0161\u010de, sprednja stran v obliki medvedka pa iz MDF plo\u0161\u010de. \/90 cm x 40 cm x 130 cm.<\/p>","protected":false},"featured_media":12784,"menu_order":0,"comment_status":"open","ping_status":"closed","template":"","meta":[],"product_brand":[],"product_cat":[85],"product_tag":[],"class_list":{"0":"post-11174","1":"product","2":"type-product","3":"status-publish","4":"has-post-thumbnail","6":"product_cat-taktilne-stene","8":"first","9":"instock","10":"taxable","11":"shipping-taxable","12":"purchasable","13":"product-type-simple"},"jetpack_sharing_enabled":true,"_links":{"self":[{"href":"https:\/\/senzorika-varga.si\/en\/wp-json\/wp\/v2\/product\/11174","targetHints":{"allow":["GET"]}}],"collection":[{"href":"https:\/\/senzorika-varga.si\/en\/wp-json\/wp\/v2\/product"}],"about":[{"href":"https:\/\/senzorika-varga.si\/en\/wp-json\/wp\/v2\/types\/product"}],"replies":[{"embeddable":true,"href":"https:\/\/senzorika-varga.si\/en\/wp-json\/wp\/v2\/comments?post=11174"}],"version-history":[{"count":1,"href":"https:\/\/senzorika-varga.si\/en\/wp-json\/wp\/v2\/product\/11174\/revisions"}],"predecessor-version":[{"id":11175,"href":"https:\/\/senzorika-varga.si\/en\/wp-json\/wp\/v2\/product\/11174\/revisions\/11175"}],"wp:featuredmedia":[{"embeddable":true,"href":"https:\/\/senzorika-varga.si\/en\/wp-json\/wp\/v2\/media\/12784"}],"wp:attachment":[{"href":"https:\/\/senzorika-varga.si\/en\/wp-json\/wp\/v2\/media?parent=11174"}],"wp:term":[{"taxonomy":"product_brand","embeddable":true,"href":"https:\/\/senzorika-varga.si\/en\/wp-json\/wp\/v2\/product_brand?post=11174"},{"taxonomy":"product_cat","embeddable":true,"href":"https:\/\/senzorika-varga.si\/en\/wp-json\/wp\/v2\/product_cat?post=11174"},{"taxonomy":"product_tag","embeddable":true,"href":"https:\/\/senzorika-varga.si\/en\/wp-json\/wp\/v2\/product_tag?post=11174"}],"curies":[{"name":"wp","href":"https:\/\/api.w.org\/{rel}","templated":true}]}}