{"id":11154,"date":"2025-12-05T22:09:29","date_gmt":"2025-12-05T22:09:29","guid":{"rendered":"https:\/\/senzorika.ajvonidol.si\/?post_type=product&#038;p=11154"},"modified":"2025-12-27T19:45:21","modified_gmt":"2025-12-27T19:45:21","slug":"vzmetnice-za-ograjevanje-za-malcke","status":"publish","type":"product","link":"https:\/\/senzorika-varga.si\/en\/product\/vzmetnice-za-ograjevanje-za-malcke\/","title":{"rendered":"Vzmetnice za ograje mal\u010dkov"},"content":{"rendered":"<p>Modre vzmetnice Crib Partil so prekrite s PVC tkanino brez ftalatov, odporno proti obrabi, in napolnjene z visoko elasti\u010dno poliuretansko peno, kar zagotavlja odli\u010dno re\u0161itev za udobje in varnost med po\u010ditkom. Vzmetnice so povezane z mo\u010dnim je\u017ekom, kar omogo\u010da enostavno zlaganje in razstavljanje. Nedrse\u010da spodnja stran iz teksturirane PVC tkanine prepre\u010duje drsenje vzmetnice in zagotavlja stabilnost med uporabo.<\/p>\n<p>Dimenzije razgrnjene vzmetnice: 300 x 100 cm;<\/p>\n<p>Dimenzije enojne vzmetnice: 100 x 100 cm;<\/p>\n<p>Debelina vzmetnice: 3 cm.<\/p>","protected":false},"excerpt":{"rendered":"<p>Modre vzmetnice Crib Partil so prekrite s PVC tkanino brez ftalatov, odporno proti obrabi, in napolnjene z visoko elasti\u010dno poliuretansko peno, kar zagotavlja odli\u010dno re\u0161itev za udobje in varnost med po\u010ditkom. Vzmetnice so povezane z mo\u010dnim je\u017ekom, kar omogo\u010da enostavno zlaganje in razstavljanje. Nedrse\u010da spodnja stran iz teksturirane PVC tkanine prepre\u010duje drsenje vzmetnice in zagotavlja stabilnost med uporabo.<\/p>\n<p>Dimenzije razgrnjene vzmetnice: 300 x 100 cm;<\/p>\n<p>Dimenzije enojne vzmetnice: 100 x 100 cm;<\/p>\n<p>Debelina vzmetnice: 3 cm.<\/p>","protected":false},"featured_media":12772,"menu_order":0,"comment_status":"open","ping_status":"closed","template":"","meta":[],"product_brand":[],"product_cat":[85],"product_tag":[],"class_list":{"0":"post-11154","1":"product","2":"type-product","3":"status-publish","4":"has-post-thumbnail","6":"product_cat-taktilne-stene","8":"first","9":"instock","10":"taxable","11":"shipping-taxable","12":"purchasable","13":"product-type-simple"},"jetpack_sharing_enabled":true,"_links":{"self":[{"href":"https:\/\/senzorika-varga.si\/en\/wp-json\/wp\/v2\/product\/11154","targetHints":{"allow":["GET"]}}],"collection":[{"href":"https:\/\/senzorika-varga.si\/en\/wp-json\/wp\/v2\/product"}],"about":[{"href":"https:\/\/senzorika-varga.si\/en\/wp-json\/wp\/v2\/types\/product"}],"replies":[{"embeddable":true,"href":"https:\/\/senzorika-varga.si\/en\/wp-json\/wp\/v2\/comments?post=11154"}],"version-history":[{"count":2,"href":"https:\/\/senzorika-varga.si\/en\/wp-json\/wp\/v2\/product\/11154\/revisions"}],"predecessor-version":[{"id":13073,"href":"https:\/\/senzorika-varga.si\/en\/wp-json\/wp\/v2\/product\/11154\/revisions\/13073"}],"wp:featuredmedia":[{"embeddable":true,"href":"https:\/\/senzorika-varga.si\/en\/wp-json\/wp\/v2\/media\/12772"}],"wp:attachment":[{"href":"https:\/\/senzorika-varga.si\/en\/wp-json\/wp\/v2\/media?parent=11154"}],"wp:term":[{"taxonomy":"product_brand","embeddable":true,"href":"https:\/\/senzorika-varga.si\/en\/wp-json\/wp\/v2\/product_brand?post=11154"},{"taxonomy":"product_cat","embeddable":true,"href":"https:\/\/senzorika-varga.si\/en\/wp-json\/wp\/v2\/product_cat?post=11154"},{"taxonomy":"product_tag","embeddable":true,"href":"https:\/\/senzorika-varga.si\/en\/wp-json\/wp\/v2\/product_tag?post=11154"}],"curies":[{"name":"wp","href":"https:\/\/api.w.org\/{rel}","templated":true}]}}