{"id":11152,"date":"2025-12-05T22:09:29","date_gmt":"2025-12-05T22:09:29","guid":{"rendered":"https:\/\/senzorika.ajvonidol.si\/?post_type=product&#038;p=11152"},"modified":"2025-12-27T19:45:21","modified_gmt":"2025-12-27T19:45:21","slug":"kot-za-ograjevanje-za-malcke","status":"publish","type":"product","link":"https:\/\/senzorika-varga.si\/en\/product\/kot-za-ograjevanje-za-malcke\/","title":{"rendered":"Kotna ograja za mal\u010dke"},"content":{"rendered":"<p>Ve\u010delementna kotna lesena igralna ograja z vrati in razli\u010dnimi okrasnimi plo\u0161\u010dami (vklju\u010dno z labirintom, manipulativno obrobo, varnimi akrilnimi ogledali in vrtljivim kolesom). Plo\u0161\u010de so spojene z vti\u010dnimi spojniki. Plo\u0161\u010de in spojniki so izdelani iz MDF plo\u0161\u010de. 8 plo\u0161\u010d, vsaka V 60 &#8211; 80 cm, \u0160 80 cm.<\/p>","protected":false},"excerpt":{"rendered":"<p>Ve\u010delementna kotna lesena igralna ograja z vrati in razli\u010dnimi okrasnimi plo\u0161\u010dami (vklju\u010dno z labirintom, manipulativno obrobo, varnimi akrilnimi ogledali in vrtljivim kolesom). Plo\u0161\u010de so spojene z vti\u010dnimi spojniki. Plo\u0161\u010de in spojniki so izdelani iz MDF plo\u0161\u010de. 8 plo\u0161\u010d, vsaka V 60 &#8211; 80 cm, \u0160 80 cm.<\/p>","protected":false},"featured_media":12769,"menu_order":0,"comment_status":"open","ping_status":"closed","template":"","meta":[],"product_brand":[],"product_cat":[85],"product_tag":[],"class_list":{"0":"post-11152","1":"product","2":"type-product","3":"status-publish","4":"has-post-thumbnail","6":"product_cat-taktilne-stene","8":"first","9":"instock","10":"taxable","11":"shipping-taxable","12":"purchasable","13":"product-type-simple"},"jetpack_sharing_enabled":true,"_links":{"self":[{"href":"https:\/\/senzorika-varga.si\/en\/wp-json\/wp\/v2\/product\/11152","targetHints":{"allow":["GET"]}}],"collection":[{"href":"https:\/\/senzorika-varga.si\/en\/wp-json\/wp\/v2\/product"}],"about":[{"href":"https:\/\/senzorika-varga.si\/en\/wp-json\/wp\/v2\/types\/product"}],"replies":[{"embeddable":true,"href":"https:\/\/senzorika-varga.si\/en\/wp-json\/wp\/v2\/comments?post=11152"}],"version-history":[{"count":2,"href":"https:\/\/senzorika-varga.si\/en\/wp-json\/wp\/v2\/product\/11152\/revisions"}],"predecessor-version":[{"id":13072,"href":"https:\/\/senzorika-varga.si\/en\/wp-json\/wp\/v2\/product\/11152\/revisions\/13072"}],"wp:featuredmedia":[{"embeddable":true,"href":"https:\/\/senzorika-varga.si\/en\/wp-json\/wp\/v2\/media\/12769"}],"wp:attachment":[{"href":"https:\/\/senzorika-varga.si\/en\/wp-json\/wp\/v2\/media?parent=11152"}],"wp:term":[{"taxonomy":"product_brand","embeddable":true,"href":"https:\/\/senzorika-varga.si\/en\/wp-json\/wp\/v2\/product_brand?post=11152"},{"taxonomy":"product_cat","embeddable":true,"href":"https:\/\/senzorika-varga.si\/en\/wp-json\/wp\/v2\/product_cat?post=11152"},{"taxonomy":"product_tag","embeddable":true,"href":"https:\/\/senzorika-varga.si\/en\/wp-json\/wp\/v2\/product_tag?post=11152"}],"curies":[{"name":"wp","href":"https:\/\/api.w.org\/{rel}","templated":true}]}}