{"id":11150,"date":"2025-12-05T22:09:29","date_gmt":"2025-12-05T22:09:29","guid":{"rendered":"https:\/\/senzorika.ajvonidol.si\/?post_type=product&#038;p=11150"},"modified":"2025-12-27T19:45:18","modified_gmt":"2025-12-27T19:45:18","slug":"glasbena-delavnica-igra-na-prostem","status":"publish","type":"product","link":"https:\/\/senzorika-varga.si\/en\/product\/glasbena-delavnica-igra-na-prostem\/","title":{"rendered":"Glasbena delavnica &#8211; igra na prostem"},"content":{"rendered":"<p>Ta glasbeni igralni komplet se osredoto\u010da na igranje glasbil in skupno ustvarjanje glasbe. Lahko je dragocen pri glasbeni terapiji in pri delu z otroki s posebnimi izobra\u017eevalnimi potrebami. Je lahko dostopen z vseh strani, velikost instrumentov pa spodbuja telesno aktivnost. Na sve\u017eem zraku. Mo\u017enost postavitve igralnega kompleta na prostem omogo\u010da aktivno glasbeno igro na prostem. Dimenzije kompleta: 130 x 120 x 165 cm; material: impregniran in lakiran finski bor;<\/p>\n<p>25 x \u017eelezni vetrni zvon\u010dek s kovinskim zvokom; 1 x zvon\u010dek s 13 sinteti\u010dnimi vlaknenimi plo\u0161\u010dami; 8 x \u017eelezni zvon\u010dek z gumbom; 8 x glasbene cevi; 2 x vise\u010da \u017eelezna tolkala; 2 x tolkala; starost: 3+<\/p>","protected":false},"excerpt":{"rendered":"<p>Ta glasbeni igralni komplet se osredoto\u010da na igranje glasbil in skupno ustvarjanje glasbe. Lahko je dragocen pri glasbeni terapiji in pri delu z otroki s posebnimi izobra\u017eevalnimi potrebami. Je lahko dostopen z vseh strani, velikost instrumentov pa spodbuja telesno aktivnost. Na sve\u017eem zraku. Mo\u017enost postavitve igralnega kompleta na prostem omogo\u010da aktivno glasbeno igro na prostem. Dimenzije kompleta: 130 x 120 x 165 cm; material: impregniran in lakiran finski bor;<\/p>\n<p>25 x \u017eelezni vetrni zvon\u010dek s kovinskim zvokom; 1 x zvon\u010dek s 13 sinteti\u010dnimi vlaknenimi plo\u0161\u010dami; 8 x \u017eelezni zvon\u010dek z gumbom; 8 x glasbene cevi; 2 x vise\u010da \u017eelezna tolkala; 2 x tolkala; starost: 3+<\/p>","protected":false},"featured_media":12767,"menu_order":0,"comment_status":"open","ping_status":"closed","template":"","meta":[],"product_brand":[],"product_cat":[85],"product_tag":[],"class_list":{"0":"post-11150","1":"product","2":"type-product","3":"status-publish","4":"has-post-thumbnail","6":"product_cat-taktilne-stene","8":"first","9":"instock","10":"taxable","11":"shipping-taxable","12":"purchasable","13":"product-type-simple"},"jetpack_sharing_enabled":true,"_links":{"self":[{"href":"https:\/\/senzorika-varga.si\/en\/wp-json\/wp\/v2\/product\/11150","targetHints":{"allow":["GET"]}}],"collection":[{"href":"https:\/\/senzorika-varga.si\/en\/wp-json\/wp\/v2\/product"}],"about":[{"href":"https:\/\/senzorika-varga.si\/en\/wp-json\/wp\/v2\/types\/product"}],"replies":[{"embeddable":true,"href":"https:\/\/senzorika-varga.si\/en\/wp-json\/wp\/v2\/comments?post=11150"}],"version-history":[{"count":1,"href":"https:\/\/senzorika-varga.si\/en\/wp-json\/wp\/v2\/product\/11150\/revisions"}],"predecessor-version":[{"id":11151,"href":"https:\/\/senzorika-varga.si\/en\/wp-json\/wp\/v2\/product\/11150\/revisions\/11151"}],"wp:featuredmedia":[{"embeddable":true,"href":"https:\/\/senzorika-varga.si\/en\/wp-json\/wp\/v2\/media\/12767"}],"wp:attachment":[{"href":"https:\/\/senzorika-varga.si\/en\/wp-json\/wp\/v2\/media?parent=11150"}],"wp:term":[{"taxonomy":"product_brand","embeddable":true,"href":"https:\/\/senzorika-varga.si\/en\/wp-json\/wp\/v2\/product_brand?post=11150"},{"taxonomy":"product_cat","embeddable":true,"href":"https:\/\/senzorika-varga.si\/en\/wp-json\/wp\/v2\/product_cat?post=11150"},{"taxonomy":"product_tag","embeddable":true,"href":"https:\/\/senzorika-varga.si\/en\/wp-json\/wp\/v2\/product_tag?post=11150"}],"curies":[{"name":"wp","href":"https:\/\/api.w.org\/{rel}","templated":true}]}}