{"id":11148,"date":"2025-12-05T22:09:29","date_gmt":"2025-12-05T22:09:29","guid":{"rendered":"https:\/\/senzorika.ajvonidol.si\/?post_type=product&#038;p=11148"},"modified":"2025-12-27T19:45:18","modified_gmt":"2025-12-27T19:45:18","slug":"lesena-kuhinja-igra-na-prostem","status":"publish","type":"product","link":"https:\/\/senzorika-varga.si\/en\/product\/lesena-kuhinja-igra-na-prostem\/","title":{"rendered":"Lesena kuhinja &#8211; igra na prostem"},"content":{"rendered":"<p>Kuhinjski igralni komplet z delovno plo\u0161\u010do in pomivalnim koritom. Igra\u010da pe\u010dica ima na vratih tablo za pisanje s kredo. Dva valjarja med uporabo oddajata zvoke. Streha \u0161\u010diti pred soncem. Dimenzije kompleta: 100 x 48 x 136 cm; material: impregniran in lakiran finski bor.<\/p>\n<p>1 x lonec z dvema ro\u010dajema, dimenzije: 15,5 x 5,5 cm, iz nerjave\u010dega jekla; 1 x ponev, dimenzije: 22,5 x 13,6 x 4,5 cm, iz nerjave\u010dega jekla; 1 x zajemalka, dimenzije: 5,5 x 2,8 x 19 cm, iz nerjave\u010dega jekla; 1 x \u017elica za peno, dimenzije: 45 x 50 x 161 cm, iz nerjave\u010dega jekla; 1 x velika posoda iz nerjave\u010dega jekla; 2 x majhna posoda iz nerjave\u010dega jekla; starost: 3+<\/p>","protected":false},"excerpt":{"rendered":"<p>Kuhinjski igralni komplet z delovno plo\u0161\u010do in pomivalnim koritom. Igra\u010da pe\u010dica ima na vratih tablo za pisanje s kredo. Dva valjarja med uporabo oddajata zvoke. Streha \u0161\u010diti pred soncem. Dimenzije kompleta: 100 x 48 x 136 cm; material: impregniran in lakiran finski bor.<\/p>\n<p>1 x lonec z dvema ro\u010dajema, dimenzije: 15,5 x 5,5 cm, iz nerjave\u010dega jekla; 1 x ponev, dimenzije: 22,5 x 13,6 x 4,5 cm, iz nerjave\u010dega jekla; 1 x zajemalka, dimenzije: 5,5 x 2,8 x 19 cm, iz nerjave\u010dega jekla; 1 x \u017elica za peno, dimenzije: 45 x 50 x 161 cm, iz nerjave\u010dega jekla; 1 x velika posoda iz nerjave\u010dega jekla; 2 x majhna posoda iz nerjave\u010dega jekla; starost: 3+<\/p>","protected":false},"featured_media":12764,"menu_order":0,"comment_status":"open","ping_status":"closed","template":"","meta":[],"product_brand":[],"product_cat":[85],"product_tag":[],"class_list":{"0":"post-11148","1":"product","2":"type-product","3":"status-publish","4":"has-post-thumbnail","6":"product_cat-taktilne-stene","8":"first","9":"instock","10":"taxable","11":"shipping-taxable","12":"purchasable","13":"product-type-simple"},"jetpack_sharing_enabled":true,"_links":{"self":[{"href":"https:\/\/senzorika-varga.si\/en\/wp-json\/wp\/v2\/product\/11148","targetHints":{"allow":["GET"]}}],"collection":[{"href":"https:\/\/senzorika-varga.si\/en\/wp-json\/wp\/v2\/product"}],"about":[{"href":"https:\/\/senzorika-varga.si\/en\/wp-json\/wp\/v2\/types\/product"}],"replies":[{"embeddable":true,"href":"https:\/\/senzorika-varga.si\/en\/wp-json\/wp\/v2\/comments?post=11148"}],"version-history":[{"count":1,"href":"https:\/\/senzorika-varga.si\/en\/wp-json\/wp\/v2\/product\/11148\/revisions"}],"predecessor-version":[{"id":11149,"href":"https:\/\/senzorika-varga.si\/en\/wp-json\/wp\/v2\/product\/11148\/revisions\/11149"}],"wp:featuredmedia":[{"embeddable":true,"href":"https:\/\/senzorika-varga.si\/en\/wp-json\/wp\/v2\/media\/12764"}],"wp:attachment":[{"href":"https:\/\/senzorika-varga.si\/en\/wp-json\/wp\/v2\/media?parent=11148"}],"wp:term":[{"taxonomy":"product_brand","embeddable":true,"href":"https:\/\/senzorika-varga.si\/en\/wp-json\/wp\/v2\/product_brand?post=11148"},{"taxonomy":"product_cat","embeddable":true,"href":"https:\/\/senzorika-varga.si\/en\/wp-json\/wp\/v2\/product_cat?post=11148"},{"taxonomy":"product_tag","embeddable":true,"href":"https:\/\/senzorika-varga.si\/en\/wp-json\/wp\/v2\/product_tag?post=11148"}],"curies":[{"name":"wp","href":"https:\/\/api.w.org\/{rel}","templated":true}]}}