{"id":11146,"date":"2025-12-05T22:09:28","date_gmt":"2025-12-05T22:09:28","guid":{"rendered":"https:\/\/senzorika.ajvonidol.si\/?post_type=product&#038;p=11146"},"modified":"2025-12-27T19:45:18","modified_gmt":"2025-12-27T19:45:18","slug":"leseno-kuhinjsko-korito-igra-na-prostem","status":"publish","type":"product","link":"https:\/\/senzorika-varga.si\/en\/product\/leseno-kuhinjsko-korito-igra-na-prostem\/","title":{"rendered":"Leseno kuhinjsko korito &#8211; igra na prostem"},"content":{"rendered":"<p>Igralni komplet s preprostim vodovodom in umivalnikom. \u010crpalka lahko ustvari tok vode iz pipe, ki nato te\u010de v posodo na spodnji polici. Umivalnik se lahko uporablja za senzori\u010dno igro, za umivanje rok po igri zunaj ali za \u010di\u0161\u010denje po pikniku na prostem. Dimenzije kompleta: 70 x 50 x 103 cm; material: impregniran in lakiran finski bor.<\/p>\n<p>1 x pomivalno korito iz nerjave\u010dega jekla, dimenzije: 37 x 31 x 15 cm; 1 x lonec z dvema ro\u010dajema, dimenzije: 15,5 x 5,5 cm, iz nerjave\u010dega jekla; 1 x ponev, dimenzije: 22,5 x 13,6 x 4,5 cm, iz nerjave\u010dega jekla; 1 x zajemalka, dimenzije: 5,5 x 2,8 x 19 cm, iz nerjave\u010dega jekla; 1 x \u017elica za peno, dimenzije: 45 x 50 x 161 cm, iz nerjave\u010dega jekla; plasti\u010dna posoda za vodo, ki lahko sprejme 50 l vode, dimenzije: 48 x 35,4 x 25,8 cm; starost: 3+<\/p>","protected":false},"excerpt":{"rendered":"<p>Igralni komplet s preprostim vodovodom in umivalnikom. \u010crpalka lahko ustvari tok vode iz pipe, ki nato te\u010de v posodo na spodnji polici. Umivalnik se lahko uporablja za senzori\u010dno igro, za umivanje rok po igri zunaj ali za \u010di\u0161\u010denje po pikniku na prostem. Dimenzije kompleta: 70 x 50 x 103 cm; material: impregniran in lakiran finski bor.<\/p>\n<p>1 x pomivalno korito iz nerjave\u010dega jekla, dimenzije: 37 x 31 x 15 cm; 1 x lonec z dvema ro\u010dajema, dimenzije: 15,5 x 5,5 cm, iz nerjave\u010dega jekla; 1 x ponev, dimenzije: 22,5 x 13,6 x 4,5 cm, iz nerjave\u010dega jekla; 1 x zajemalka, dimenzije: 5,5 x 2,8 x 19 cm, iz nerjave\u010dega jekla; 1 x \u017elica za peno, dimenzije: 45 x 50 x 161 cm, iz nerjave\u010dega jekla; plasti\u010dna posoda za vodo, ki lahko sprejme 50 l vode, dimenzije: 48 x 35,4 x 25,8 cm; starost: 3+<\/p>","protected":false},"featured_media":12759,"menu_order":0,"comment_status":"open","ping_status":"closed","template":"","meta":[],"product_brand":[],"product_cat":[85],"product_tag":[],"class_list":{"0":"post-11146","1":"product","2":"type-product","3":"status-publish","4":"has-post-thumbnail","6":"product_cat-taktilne-stene","8":"first","9":"instock","10":"taxable","11":"shipping-taxable","12":"purchasable","13":"product-type-simple"},"jetpack_sharing_enabled":true,"_links":{"self":[{"href":"https:\/\/senzorika-varga.si\/en\/wp-json\/wp\/v2\/product\/11146","targetHints":{"allow":["GET"]}}],"collection":[{"href":"https:\/\/senzorika-varga.si\/en\/wp-json\/wp\/v2\/product"}],"about":[{"href":"https:\/\/senzorika-varga.si\/en\/wp-json\/wp\/v2\/types\/product"}],"replies":[{"embeddable":true,"href":"https:\/\/senzorika-varga.si\/en\/wp-json\/wp\/v2\/comments?post=11146"}],"version-history":[{"count":1,"href":"https:\/\/senzorika-varga.si\/en\/wp-json\/wp\/v2\/product\/11146\/revisions"}],"predecessor-version":[{"id":11147,"href":"https:\/\/senzorika-varga.si\/en\/wp-json\/wp\/v2\/product\/11146\/revisions\/11147"}],"wp:featuredmedia":[{"embeddable":true,"href":"https:\/\/senzorika-varga.si\/en\/wp-json\/wp\/v2\/media\/12759"}],"wp:attachment":[{"href":"https:\/\/senzorika-varga.si\/en\/wp-json\/wp\/v2\/media?parent=11146"}],"wp:term":[{"taxonomy":"product_brand","embeddable":true,"href":"https:\/\/senzorika-varga.si\/en\/wp-json\/wp\/v2\/product_brand?post=11146"},{"taxonomy":"product_cat","embeddable":true,"href":"https:\/\/senzorika-varga.si\/en\/wp-json\/wp\/v2\/product_cat?post=11146"},{"taxonomy":"product_tag","embeddable":true,"href":"https:\/\/senzorika-varga.si\/en\/wp-json\/wp\/v2\/product_tag?post=11146"}],"curies":[{"name":"wp","href":"https:\/\/api.w.org\/{rel}","templated":true}]}}