{"id":11144,"date":"2025-12-05T22:09:26","date_gmt":"2025-12-05T22:09:26","guid":{"rendered":"https:\/\/senzorika.ajvonidol.si\/?post_type=product&#038;p=11144"},"modified":"2025-12-27T19:45:17","modified_gmt":"2025-12-27T19:45:17","slug":"igralnica-v-pekarni","status":"publish","type":"product","link":"https:\/\/senzorika-varga.si\/en\/product\/igralnica-v-pekarni\/","title":{"rendered":"Igralnica v pekarni"},"content":{"rendered":"<p>Majhna pekarna s pultom, vhodom z zaveso in platneno streho. Vendar pa se ta igralnica lahko kadar koli preoblikuje tudi v trgovino, po\u0161to ali sla\u0161\u010di\u010darno.<\/p>\n<p>dim.: 98 x 92 x 115 cm;<\/p>\n<p>material: plastika, blago;<\/p>\n<p>starost: 3+<\/p>","protected":false},"excerpt":{"rendered":"<p>Majhna pekarna s pultom, vhodom z zaveso in platneno streho. Vendar pa se ta igralnica lahko kadar koli preoblikuje tudi v trgovino, po\u0161to ali sla\u0161\u010di\u010darno.<\/p>\n<p>dim.: 98 x 92 x 115 cm;<\/p>\n<p>material: plastika, blago;<\/p>\n<p>starost: 3+<\/p>","protected":false},"featured_media":12752,"menu_order":0,"comment_status":"open","ping_status":"closed","template":"","meta":[],"product_brand":[],"product_cat":[85],"product_tag":[],"class_list":{"0":"post-11144","1":"product","2":"type-product","3":"status-publish","4":"has-post-thumbnail","6":"product_cat-taktilne-stene","8":"first","9":"instock","10":"taxable","11":"shipping-taxable","12":"purchasable","13":"product-type-simple"},"jetpack_sharing_enabled":true,"_links":{"self":[{"href":"https:\/\/senzorika-varga.si\/en\/wp-json\/wp\/v2\/product\/11144","targetHints":{"allow":["GET"]}}],"collection":[{"href":"https:\/\/senzorika-varga.si\/en\/wp-json\/wp\/v2\/product"}],"about":[{"href":"https:\/\/senzorika-varga.si\/en\/wp-json\/wp\/v2\/types\/product"}],"replies":[{"embeddable":true,"href":"https:\/\/senzorika-varga.si\/en\/wp-json\/wp\/v2\/comments?post=11144"}],"version-history":[{"count":1,"href":"https:\/\/senzorika-varga.si\/en\/wp-json\/wp\/v2\/product\/11144\/revisions"}],"predecessor-version":[{"id":11145,"href":"https:\/\/senzorika-varga.si\/en\/wp-json\/wp\/v2\/product\/11144\/revisions\/11145"}],"wp:featuredmedia":[{"embeddable":true,"href":"https:\/\/senzorika-varga.si\/en\/wp-json\/wp\/v2\/media\/12752"}],"wp:attachment":[{"href":"https:\/\/senzorika-varga.si\/en\/wp-json\/wp\/v2\/media?parent=11144"}],"wp:term":[{"taxonomy":"product_brand","embeddable":true,"href":"https:\/\/senzorika-varga.si\/en\/wp-json\/wp\/v2\/product_brand?post=11144"},{"taxonomy":"product_cat","embeddable":true,"href":"https:\/\/senzorika-varga.si\/en\/wp-json\/wp\/v2\/product_cat?post=11144"},{"taxonomy":"product_tag","embeddable":true,"href":"https:\/\/senzorika-varga.si\/en\/wp-json\/wp\/v2\/product_tag?post=11144"}],"curies":[{"name":"wp","href":"https:\/\/api.w.org\/{rel}","templated":true}]}}