{"id":11142,"date":"2025-12-05T22:09:26","date_gmt":"2025-12-05T22:09:26","guid":{"rendered":"https:\/\/senzorika.ajvonidol.si\/?post_type=product&#038;p=11142"},"modified":"2025-12-27T19:45:17","modified_gmt":"2025-12-27T19:45:17","slug":"lesen-peskovnik","status":"publish","type":"product","link":"https:\/\/senzorika-varga.si\/en\/product\/lesen-peskovnik\/","title":{"rendered":"Lesen peskovnik"},"content":{"rendered":"<p>Peskovnik iz borovega lesa je prevle\u010den z za\u0161\u010ditno impregnacijo, ki zagotavlja vzdr\u017eljivost v vseh vremenskih razmerah. Ponujamo prevleko za za\u0161\u010dito notranjosti peskovnika, model SB0002 (naprodaj lo\u010deno).<\/p>\n<p>Specifikacije izdelka:<\/p>\n<p>Dimenzije: 2,4 x 2,4 m<\/p>\n<p>Prostornina: 1,2 m3<\/p>\n<p>Vi\u0161ina: pribli\u017eno 21 cm<\/p>","protected":false},"excerpt":{"rendered":"<p>Peskovnik iz borovega lesa je prevle\u010den z za\u0161\u010ditno impregnacijo, ki zagotavlja vzdr\u017eljivost v vseh vremenskih razmerah. Ponujamo prevleko za za\u0161\u010dito notranjosti peskovnika, model SB0002 (naprodaj lo\u010deno).<\/p>\n<p>Specifikacije izdelka:<\/p>\n<p>Dimenzije: 2,4 x 2,4 m<\/p>\n<p>Prostornina: 1,2 m3<\/p>\n<p>Vi\u0161ina: pribli\u017eno 21 cm<\/p>","protected":false},"featured_media":12751,"menu_order":0,"comment_status":"open","ping_status":"closed","template":"","meta":[],"product_brand":[],"product_cat":[85],"product_tag":[],"class_list":{"0":"post-11142","1":"product","2":"type-product","3":"status-publish","4":"has-post-thumbnail","6":"product_cat-taktilne-stene","8":"first","9":"instock","10":"taxable","11":"shipping-taxable","12":"purchasable","13":"product-type-simple"},"jetpack_sharing_enabled":true,"_links":{"self":[{"href":"https:\/\/senzorika-varga.si\/en\/wp-json\/wp\/v2\/product\/11142","targetHints":{"allow":["GET"]}}],"collection":[{"href":"https:\/\/senzorika-varga.si\/en\/wp-json\/wp\/v2\/product"}],"about":[{"href":"https:\/\/senzorika-varga.si\/en\/wp-json\/wp\/v2\/types\/product"}],"replies":[{"embeddable":true,"href":"https:\/\/senzorika-varga.si\/en\/wp-json\/wp\/v2\/comments?post=11142"}],"version-history":[{"count":1,"href":"https:\/\/senzorika-varga.si\/en\/wp-json\/wp\/v2\/product\/11142\/revisions"}],"predecessor-version":[{"id":11143,"href":"https:\/\/senzorika-varga.si\/en\/wp-json\/wp\/v2\/product\/11142\/revisions\/11143"}],"wp:featuredmedia":[{"embeddable":true,"href":"https:\/\/senzorika-varga.si\/en\/wp-json\/wp\/v2\/media\/12751"}],"wp:attachment":[{"href":"https:\/\/senzorika-varga.si\/en\/wp-json\/wp\/v2\/media?parent=11142"}],"wp:term":[{"taxonomy":"product_brand","embeddable":true,"href":"https:\/\/senzorika-varga.si\/en\/wp-json\/wp\/v2\/product_brand?post=11142"},{"taxonomy":"product_cat","embeddable":true,"href":"https:\/\/senzorika-varga.si\/en\/wp-json\/wp\/v2\/product_cat?post=11142"},{"taxonomy":"product_tag","embeddable":true,"href":"https:\/\/senzorika-varga.si\/en\/wp-json\/wp\/v2\/product_tag?post=11142"}],"curies":[{"name":"wp","href":"https:\/\/api.w.org\/{rel}","templated":true}]}}