{"id":11134,"date":"2025-12-05T22:09:26","date_gmt":"2025-12-05T22:09:26","guid":{"rendered":"https:\/\/senzorika.ajvonidol.si\/?post_type=product&#038;p=11134"},"modified":"2025-12-27T19:45:17","modified_gmt":"2025-12-27T19:45:17","slug":"majhen-lesen-peskovnik-s-ponjavo-in-podstavkom","status":"publish","type":"product","link":"https:\/\/senzorika-varga.si\/en\/product\/majhen-lesen-peskovnik-s-ponjavo-in-podstavkom\/","title":{"rendered":"Majhen lesen peskovnik s ponjavo in podstavkom"},"content":{"rendered":"<p>Majhen lesen peskovnik s ponjavo in podlogo za tla je prakti\u010dna re\u0161itev za ustvarjalno igro na prostem. Konstrukcija je izdelana iz naravnega borovega lesa, znanega po svoji vzdr\u017eljivosti in estetski privla\u010dnosti, zaradi \u010desar je idealen dodatek k vsakemu zunanjemu prostoru. Komplet vklju\u010duje za\u0161\u010ditno ponjavo in \u010drno podlogo za tla, ki zagotavljata za\u0161\u010dito pred vremenskimi vplivi in \u200b\u200bstabilnost tal.<\/p>\n<p>Ta peskovnik podpira razvoj fine motorike, ustvarjalnosti in socialnih ve\u0161\u010din s skupinsko igro. Njegova dobro zasnovana oblika in funkcionalnost otrokom omogo\u010data varno gradnjo, kopanje in ustvarjanje pe\u0161\u010denih struktur, kar spodbuja domi\u0161ljijo in ro\u010dno spretnost.<\/p>\n<p>Dimenzije: 110 x 110 x 22,75 cm<\/p>\n<p>Material: Borov les<\/p>\n<p>Sestavni deli kompleta: Navpi\u010dne deske (106,5 x 10,5 x 1,75 cm \u2013 4 kosi), navpi\u010dne deske (110 x 10,5 x 1,75 cm \u2013 4 kosi), sede\u017ene deske (113 x 10,5 x 1,75 cm \u2013 2 kosa), opore (21 x 4 x 4 cm \u2013 4 kosi), vijaki (M5 x 3,5 cm)<\/p>","protected":false},"excerpt":{"rendered":"<p>Majhen lesen peskovnik s ponjavo in podlogo za tla je prakti\u010dna re\u0161itev za ustvarjalno igro na prostem. Konstrukcija je izdelana iz naravnega borovega lesa, znanega po svoji vzdr\u017eljivosti in estetski privla\u010dnosti, zaradi \u010desar je idealen dodatek k vsakemu zunanjemu prostoru. Komplet vklju\u010duje za\u0161\u010ditno ponjavo in \u010drno podlogo za tla, ki zagotavljata za\u0161\u010dito pred vremenskimi vplivi in \u200b\u200bstabilnost tal.<\/p>\n<p>Ta peskovnik podpira razvoj fine motorike, ustvarjalnosti in socialnih ve\u0161\u010din s skupinsko igro. Njegova dobro zasnovana oblika in funkcionalnost otrokom omogo\u010data varno gradnjo, kopanje in ustvarjanje pe\u0161\u010denih struktur, kar spodbuja domi\u0161ljijo in ro\u010dno spretnost.<\/p>\n<p>Dimenzije: 110 x 110 x 22,75 cm<\/p>\n<p>Material: Borov les<\/p>\n<p>Sestavni deli kompleta: Navpi\u010dne deske (106,5 x 10,5 x 1,75 cm \u2013 4 kosi), navpi\u010dne deske (110 x 10,5 x 1,75 cm \u2013 4 kosi), sede\u017ene deske (113 x 10,5 x 1,75 cm \u2013 2 kosa), opore (21 x 4 x 4 cm \u2013 4 kosi), vijaki (M5 x 3,5 cm)<\/p>","protected":false},"featured_media":12742,"menu_order":0,"comment_status":"open","ping_status":"closed","template":"","meta":[],"product_brand":[],"product_cat":[85],"product_tag":[],"class_list":{"0":"post-11134","1":"product","2":"type-product","3":"status-publish","4":"has-post-thumbnail","6":"product_cat-taktilne-stene","8":"first","9":"instock","10":"taxable","11":"shipping-taxable","12":"purchasable","13":"product-type-simple"},"jetpack_sharing_enabled":true,"_links":{"self":[{"href":"https:\/\/senzorika-varga.si\/en\/wp-json\/wp\/v2\/product\/11134","targetHints":{"allow":["GET"]}}],"collection":[{"href":"https:\/\/senzorika-varga.si\/en\/wp-json\/wp\/v2\/product"}],"about":[{"href":"https:\/\/senzorika-varga.si\/en\/wp-json\/wp\/v2\/types\/product"}],"replies":[{"embeddable":true,"href":"https:\/\/senzorika-varga.si\/en\/wp-json\/wp\/v2\/comments?post=11134"}],"version-history":[{"count":1,"href":"https:\/\/senzorika-varga.si\/en\/wp-json\/wp\/v2\/product\/11134\/revisions"}],"predecessor-version":[{"id":11135,"href":"https:\/\/senzorika-varga.si\/en\/wp-json\/wp\/v2\/product\/11134\/revisions\/11135"}],"wp:featuredmedia":[{"embeddable":true,"href":"https:\/\/senzorika-varga.si\/en\/wp-json\/wp\/v2\/media\/12742"}],"wp:attachment":[{"href":"https:\/\/senzorika-varga.si\/en\/wp-json\/wp\/v2\/media?parent=11134"}],"wp:term":[{"taxonomy":"product_brand","embeddable":true,"href":"https:\/\/senzorika-varga.si\/en\/wp-json\/wp\/v2\/product_brand?post=11134"},{"taxonomy":"product_cat","embeddable":true,"href":"https:\/\/senzorika-varga.si\/en\/wp-json\/wp\/v2\/product_cat?post=11134"},{"taxonomy":"product_tag","embeddable":true,"href":"https:\/\/senzorika-varga.si\/en\/wp-json\/wp\/v2\/product_tag?post=11134"}],"curies":[{"name":"wp","href":"https:\/\/api.w.org\/{rel}","templated":true}]}}