{"id":11112,"date":"2025-12-05T22:09:23","date_gmt":"2025-12-05T22:09:23","guid":{"rendered":"https:\/\/senzorika.ajvonidol.si\/?post_type=product&#038;p=11112"},"modified":"2025-12-27T19:45:12","modified_gmt":"2025-12-27T19:45:12","slug":"igralni-tunel-2","status":"publish","type":"product","link":"https:\/\/senzorika-varga.si\/en\/product\/igralni-tunel-2\/","title":{"rendered":"Igralni tunel"},"content":{"rendered":"<p>Dolg igralni tunel za razvoj gib\u010dnosti in spodbujanje domi\u0161ljije. Izdelan je iz trpe\u017ene tkanine, idealen tako za notranjo kot zunanjo uporabo. Prilo\u017eena je vre\u010da z vrvico za zategovanje. D 270 cm; obseg 100 cm<\/p>","protected":false},"excerpt":{"rendered":"<p>Dolg igralni tunel za razvoj gib\u010dnosti in spodbujanje domi\u0161ljije. Izdelan je iz trpe\u017ene tkanine, idealen tako za notranjo kot zunanjo uporabo. Prilo\u017eena je vre\u010da z vrvico za zategovanje. D 270 cm; obseg 100 cm<\/p>","protected":false},"featured_media":12730,"menu_order":0,"comment_status":"open","ping_status":"closed","template":"","meta":[],"product_brand":[],"product_cat":[106,101,67,105],"product_tag":[],"class_list":{"0":"post-11112","1":"product","2":"type-product","3":"status-publish","4":"has-post-thumbnail","6":"product_cat-gibanje","7":"product_cat-motorika","8":"product_cat-ravnotezje","9":"product_cat-terapija","11":"first","12":"instock","13":"taxable","14":"shipping-taxable","15":"purchasable","16":"product-type-simple"},"jetpack_sharing_enabled":true,"_links":{"self":[{"href":"https:\/\/senzorika-varga.si\/en\/wp-json\/wp\/v2\/product\/11112","targetHints":{"allow":["GET"]}}],"collection":[{"href":"https:\/\/senzorika-varga.si\/en\/wp-json\/wp\/v2\/product"}],"about":[{"href":"https:\/\/senzorika-varga.si\/en\/wp-json\/wp\/v2\/types\/product"}],"replies":[{"embeddable":true,"href":"https:\/\/senzorika-varga.si\/en\/wp-json\/wp\/v2\/comments?post=11112"}],"version-history":[{"count":1,"href":"https:\/\/senzorika-varga.si\/en\/wp-json\/wp\/v2\/product\/11112\/revisions"}],"predecessor-version":[{"id":11113,"href":"https:\/\/senzorika-varga.si\/en\/wp-json\/wp\/v2\/product\/11112\/revisions\/11113"}],"wp:featuredmedia":[{"embeddable":true,"href":"https:\/\/senzorika-varga.si\/en\/wp-json\/wp\/v2\/media\/12730"}],"wp:attachment":[{"href":"https:\/\/senzorika-varga.si\/en\/wp-json\/wp\/v2\/media?parent=11112"}],"wp:term":[{"taxonomy":"product_brand","embeddable":true,"href":"https:\/\/senzorika-varga.si\/en\/wp-json\/wp\/v2\/product_brand?post=11112"},{"taxonomy":"product_cat","embeddable":true,"href":"https:\/\/senzorika-varga.si\/en\/wp-json\/wp\/v2\/product_cat?post=11112"},{"taxonomy":"product_tag","embeddable":true,"href":"https:\/\/senzorika-varga.si\/en\/wp-json\/wp\/v2\/product_tag?post=11112"}],"curies":[{"name":"wp","href":"https:\/\/api.w.org\/{rel}","templated":true}]}}