{"id":11108,"date":"2025-12-05T22:09:22","date_gmt":"2025-12-05T22:09:22","guid":{"rendered":"https:\/\/senzorika.ajvonidol.si\/?post_type=product&#038;p=11108"},"modified":"2025-12-27T19:45:09","modified_gmt":"2025-12-27T19:45:09","slug":"prozoren-igralni-tunel","status":"publish","type":"product","link":"https:\/\/senzorika-varga.si\/en\/product\/prozoren-igralni-tunel\/","title":{"rendered":"Prozoren igralni tunel"},"content":{"rendered":"<p>Z lezenjem noter in ven otrok razvija motori\u010dne sposobnosti. Prozorna tkanina zagotavlja udobno igro in terapijo za \u010dustveno motene ali avtisti\u010dne otroke. Izdelek ni treba sestavljati, po igri pa ga je mogo\u010de takoj skraj\u0161ati in shraniti v okroglo torbo za prena\u0161anje. Dimenzije: 60 x 180 cm; starost: 3+ let<\/p>","protected":false},"excerpt":{"rendered":"<p>Z lezenjem noter in ven otrok razvija motori\u010dne sposobnosti. Prozorna tkanina zagotavlja udobno igro in terapijo za \u010dustveno motene ali avtisti\u010dne otroke. Izdelek ni treba sestavljati, po igri pa ga je mogo\u010de takoj skraj\u0161ati in shraniti v okroglo torbo za prena\u0161anje. Dimenzije: 60 x 180 cm; starost: 3+ let<\/p>","protected":false},"featured_media":12728,"menu_order":0,"comment_status":"open","ping_status":"closed","template":"","meta":[],"product_brand":[],"product_cat":[106,101,67,105],"product_tag":[],"class_list":{"0":"post-11108","1":"product","2":"type-product","3":"status-publish","4":"has-post-thumbnail","6":"product_cat-gibanje","7":"product_cat-motorika","8":"product_cat-ravnotezje","9":"product_cat-terapija","11":"first","12":"instock","13":"taxable","14":"shipping-taxable","15":"purchasable","16":"product-type-simple"},"jetpack_sharing_enabled":true,"_links":{"self":[{"href":"https:\/\/senzorika-varga.si\/en\/wp-json\/wp\/v2\/product\/11108","targetHints":{"allow":["GET"]}}],"collection":[{"href":"https:\/\/senzorika-varga.si\/en\/wp-json\/wp\/v2\/product"}],"about":[{"href":"https:\/\/senzorika-varga.si\/en\/wp-json\/wp\/v2\/types\/product"}],"replies":[{"embeddable":true,"href":"https:\/\/senzorika-varga.si\/en\/wp-json\/wp\/v2\/comments?post=11108"}],"version-history":[{"count":1,"href":"https:\/\/senzorika-varga.si\/en\/wp-json\/wp\/v2\/product\/11108\/revisions"}],"predecessor-version":[{"id":11109,"href":"https:\/\/senzorika-varga.si\/en\/wp-json\/wp\/v2\/product\/11108\/revisions\/11109"}],"wp:featuredmedia":[{"embeddable":true,"href":"https:\/\/senzorika-varga.si\/en\/wp-json\/wp\/v2\/media\/12728"}],"wp:attachment":[{"href":"https:\/\/senzorika-varga.si\/en\/wp-json\/wp\/v2\/media?parent=11108"}],"wp:term":[{"taxonomy":"product_brand","embeddable":true,"href":"https:\/\/senzorika-varga.si\/en\/wp-json\/wp\/v2\/product_brand?post=11108"},{"taxonomy":"product_cat","embeddable":true,"href":"https:\/\/senzorika-varga.si\/en\/wp-json\/wp\/v2\/product_cat?post=11108"},{"taxonomy":"product_tag","embeddable":true,"href":"https:\/\/senzorika-varga.si\/en\/wp-json\/wp\/v2\/product_tag?post=11108"}],"curies":[{"name":"wp","href":"https:\/\/api.w.org\/{rel}","templated":true}]}}