{"id":11096,"date":"2025-12-05T22:09:20","date_gmt":"2025-12-05T22:09:20","guid":{"rendered":"https:\/\/senzorika.ajvonidol.si\/?post_type=product&#038;p=11096"},"modified":"2025-12-27T19:45:09","modified_gmt":"2025-12-27T19:45:09","slug":"padalsko-octa","status":"publish","type":"product","link":"https:\/\/senzorika-varga.si\/en\/product\/padalsko-octa\/","title":{"rendered":"Padalsko Octa"},"content":{"rendered":"<p>\u0160esterokotno padalo iz \u0161tiribarvne poliestrske tkanine in osmih barvnih panelov z dvema ro\u010dajema na vsakem panelu. Odli\u010den zabaven izdelek za izbolj\u0161anje podpornih dejavnosti, koordinacije o\u010di in rok. Velikost: 3,5 m<\/p>","protected":false},"excerpt":{"rendered":"<p>\u0160esterokotno padalo iz \u0161tiribarvne poliestrske tkanine in osmih barvnih panelov z dvema ro\u010dajema na vsakem panelu. Odli\u010den zabaven izdelek za izbolj\u0161anje podpornih dejavnosti, koordinacije o\u010di in rok. Velikost: 3,5 m<\/p>","protected":false},"featured_media":12720,"menu_order":0,"comment_status":"open","ping_status":"closed","template":"","meta":[],"product_brand":[],"product_cat":[106,101,67,105],"product_tag":[],"class_list":{"0":"post-11096","1":"product","2":"type-product","3":"status-publish","4":"has-post-thumbnail","6":"product_cat-gibanje","7":"product_cat-motorika","8":"product_cat-ravnotezje","9":"product_cat-terapija","11":"first","12":"instock","13":"taxable","14":"shipping-taxable","15":"purchasable","16":"product-type-simple"},"jetpack_sharing_enabled":true,"_links":{"self":[{"href":"https:\/\/senzorika-varga.si\/en\/wp-json\/wp\/v2\/product\/11096","targetHints":{"allow":["GET"]}}],"collection":[{"href":"https:\/\/senzorika-varga.si\/en\/wp-json\/wp\/v2\/product"}],"about":[{"href":"https:\/\/senzorika-varga.si\/en\/wp-json\/wp\/v2\/types\/product"}],"replies":[{"embeddable":true,"href":"https:\/\/senzorika-varga.si\/en\/wp-json\/wp\/v2\/comments?post=11096"}],"version-history":[{"count":1,"href":"https:\/\/senzorika-varga.si\/en\/wp-json\/wp\/v2\/product\/11096\/revisions"}],"predecessor-version":[{"id":11097,"href":"https:\/\/senzorika-varga.si\/en\/wp-json\/wp\/v2\/product\/11096\/revisions\/11097"}],"wp:featuredmedia":[{"embeddable":true,"href":"https:\/\/senzorika-varga.si\/en\/wp-json\/wp\/v2\/media\/12720"}],"wp:attachment":[{"href":"https:\/\/senzorika-varga.si\/en\/wp-json\/wp\/v2\/media?parent=11096"}],"wp:term":[{"taxonomy":"product_brand","embeddable":true,"href":"https:\/\/senzorika-varga.si\/en\/wp-json\/wp\/v2\/product_brand?post=11096"},{"taxonomy":"product_cat","embeddable":true,"href":"https:\/\/senzorika-varga.si\/en\/wp-json\/wp\/v2\/product_cat?post=11096"},{"taxonomy":"product_tag","embeddable":true,"href":"https:\/\/senzorika-varga.si\/en\/wp-json\/wp\/v2\/product_tag?post=11096"}],"curies":[{"name":"wp","href":"https:\/\/api.w.org\/{rel}","templated":true}]}}