{"id":11094,"date":"2025-12-05T22:09:20","date_gmt":"2025-12-05T22:09:20","guid":{"rendered":"https:\/\/senzorika.ajvonidol.si\/?post_type=product&#038;p=11094"},"modified":"2025-12-27T19:45:09","modified_gmt":"2025-12-27T19:45:09","slug":"padalsko-recta","status":"publish","type":"product","link":"https:\/\/senzorika-varga.si\/en\/product\/padalsko-recta\/","title":{"rendered":"Padalsko Recta"},"content":{"rendered":"<p>Dolgo padalo pravokotne oblike iz \u0161estbarvne poliestrske tkanine. Robovi so oja\u010dani s trakom in imajo 34 ro\u010dajev. Odli\u010den zabaven izdelek za izbolj\u0161anje podpornih dejavnosti in igre. Velikost: 8 x 1 m<\/p>","protected":false},"excerpt":{"rendered":"<p>Dolgo padalo pravokotne oblike iz \u0161estbarvne poliestrske tkanine. Robovi so oja\u010dani s trakom in imajo 34 ro\u010dajev. Odli\u010den zabaven izdelek za izbolj\u0161anje podpornih dejavnosti in igre. Velikost: 8 x 1 m<\/p>","protected":false},"featured_media":12719,"menu_order":0,"comment_status":"open","ping_status":"closed","template":"","meta":[],"product_brand":[],"product_cat":[106,101,67,105],"product_tag":[],"class_list":{"0":"post-11094","1":"product","2":"type-product","3":"status-publish","4":"has-post-thumbnail","6":"product_cat-gibanje","7":"product_cat-motorika","8":"product_cat-ravnotezje","9":"product_cat-terapija","11":"first","12":"instock","13":"taxable","14":"shipping-taxable","15":"purchasable","16":"product-type-simple"},"jetpack_sharing_enabled":true,"_links":{"self":[{"href":"https:\/\/senzorika-varga.si\/en\/wp-json\/wp\/v2\/product\/11094","targetHints":{"allow":["GET"]}}],"collection":[{"href":"https:\/\/senzorika-varga.si\/en\/wp-json\/wp\/v2\/product"}],"about":[{"href":"https:\/\/senzorika-varga.si\/en\/wp-json\/wp\/v2\/types\/product"}],"replies":[{"embeddable":true,"href":"https:\/\/senzorika-varga.si\/en\/wp-json\/wp\/v2\/comments?post=11094"}],"version-history":[{"count":1,"href":"https:\/\/senzorika-varga.si\/en\/wp-json\/wp\/v2\/product\/11094\/revisions"}],"predecessor-version":[{"id":11095,"href":"https:\/\/senzorika-varga.si\/en\/wp-json\/wp\/v2\/product\/11094\/revisions\/11095"}],"wp:featuredmedia":[{"embeddable":true,"href":"https:\/\/senzorika-varga.si\/en\/wp-json\/wp\/v2\/media\/12719"}],"wp:attachment":[{"href":"https:\/\/senzorika-varga.si\/en\/wp-json\/wp\/v2\/media?parent=11094"}],"wp:term":[{"taxonomy":"product_brand","embeddable":true,"href":"https:\/\/senzorika-varga.si\/en\/wp-json\/wp\/v2\/product_brand?post=11094"},{"taxonomy":"product_cat","embeddable":true,"href":"https:\/\/senzorika-varga.si\/en\/wp-json\/wp\/v2\/product_cat?post=11094"},{"taxonomy":"product_tag","embeddable":true,"href":"https:\/\/senzorika-varga.si\/en\/wp-json\/wp\/v2\/product_tag?post=11094"}],"curies":[{"name":"wp","href":"https:\/\/api.w.org\/{rel}","templated":true}]}}