{"id":1107,"date":"2025-11-03T21:50:59","date_gmt":"2025-11-03T21:50:59","guid":{"rendered":"https:\/\/senzorika.ajvonidol.si\/?post_type=product&#038;p=1107"},"modified":"2025-12-31T08:36:42","modified_gmt":"2025-12-31T08:36:42","slug":"resnonacni-tresoci-pocivalnik","status":"publish","type":"product","link":"https:\/\/senzorika-varga.si\/en\/product\/resnonacni-tresoci-pocivalnik\/","title":{"rendered":"Resnona\u010dni treso\u010di po\u010divalnik"},"content":{"rendered":"<div>\n<p><!--block-->Trese se na ritem. Dokupiti je potrebno resonan\u010dni oja\u010devalnik 9RSX, lahko tudi zvo\u010dnike 9RSPK.<\/p>\n<p>Opremljen z varnostnim izklopom, je zasnovan za delovanje in prepre\u010devanje pregrevanja enote. Resonan\u010dni predmeti najbolje delujejo z glasbo, ki ima dober bas in ne sprostitvene glasbe, preizkusite na\u0161 Resonan\u010dni CD 9RSCD.<\/p>\n<\/div>","protected":false},"excerpt":{"rendered":"<p>Resnona\u010dni treso\u010di po\u010divalnik<\/p>","protected":false},"featured_media":9155,"menu_order":0,"comment_status":"open","ping_status":"closed","template":"","meta":[],"product_brand":[],"product_cat":[130,88,92,125],"product_tag":[],"class_list":{"0":"post-1107","1":"product","2":"type-product","3":"status-publish","4":"has-post-thumbnail","6":"product_cat-mehki-predmeti","7":"product_cat-pripomocki-za-sluh","8":"product_cat-resonance","9":"product_cat-snoezelen","11":"first","12":"instock","13":"taxable","14":"shipping-taxable","15":"purchasable","16":"product-type-simple"},"jetpack_sharing_enabled":true,"_links":{"self":[{"href":"https:\/\/senzorika-varga.si\/en\/wp-json\/wp\/v2\/product\/1107","targetHints":{"allow":["GET"]}}],"collection":[{"href":"https:\/\/senzorika-varga.si\/en\/wp-json\/wp\/v2\/product"}],"about":[{"href":"https:\/\/senzorika-varga.si\/en\/wp-json\/wp\/v2\/types\/product"}],"replies":[{"embeddable":true,"href":"https:\/\/senzorika-varga.si\/en\/wp-json\/wp\/v2\/comments?post=1107"}],"version-history":[{"count":4,"href":"https:\/\/senzorika-varga.si\/en\/wp-json\/wp\/v2\/product\/1107\/revisions"}],"predecessor-version":[{"id":9791,"href":"https:\/\/senzorika-varga.si\/en\/wp-json\/wp\/v2\/product\/1107\/revisions\/9791"}],"wp:featuredmedia":[{"embeddable":true,"href":"https:\/\/senzorika-varga.si\/en\/wp-json\/wp\/v2\/media\/9155"}],"wp:attachment":[{"href":"https:\/\/senzorika-varga.si\/en\/wp-json\/wp\/v2\/media?parent=1107"}],"wp:term":[{"taxonomy":"product_brand","embeddable":true,"href":"https:\/\/senzorika-varga.si\/en\/wp-json\/wp\/v2\/product_brand?post=1107"},{"taxonomy":"product_cat","embeddable":true,"href":"https:\/\/senzorika-varga.si\/en\/wp-json\/wp\/v2\/product_cat?post=1107"},{"taxonomy":"product_tag","embeddable":true,"href":"https:\/\/senzorika-varga.si\/en\/wp-json\/wp\/v2\/product_tag?post=1107"}],"curies":[{"name":"wp","href":"https:\/\/api.w.org\/{rel}","templated":true}]}}