{"id":11054,"date":"2025-12-05T22:09:14","date_gmt":"2025-12-05T22:09:14","guid":{"rendered":"https:\/\/senzorika.ajvonidol.si\/?post_type=product&#038;p=11054"},"modified":"2025-12-27T19:45:02","modified_gmt":"2025-12-27T19:45:02","slug":"zlozljiva-lestev","status":"publish","type":"product","link":"https:\/\/senzorika-varga.si\/en\/product\/zlozljiva-lestev\/","title":{"rendered":"Zlo\u017eljiva lestev"},"content":{"rendered":"<p>Zlo\u017eljiva lestev je vsestransko orodje, ki podpira razvoj telesne pripravljenosti v izobra\u017eevalnih okoljih. Pomaga pri razvoju koordinacije, agilnosti in hitrosti ter vklju\u010duje zabavne elemente v telesne vaje. Zahvaljujo\u010d zlo\u017eljivi zasnovi je lestev enostavna za shranjevanje in transport, kar omogo\u010da hitro in priro\u010dno pripravo na razli\u010dne dejavnosti. Trdna konstrukcija zagotavlja stabilnost, nastavljiv razmik med pre\u010dkami pa omogo\u010da prilagajanje stopnje te\u017eavnosti potrebam uporabnikov. Zlo\u017ei se lahko tudi v obliko, primerno za vaje skakanja.<\/p>\n<p>Material: Plastika<\/p>\n<p>Skupna dol\u017eina (zlo\u017eena): 500 cm<\/p>\n<p>Velikost elementa: 50 cm<\/p>\n<p>Starost: 3+<\/p>","protected":false},"excerpt":{"rendered":"<p>Zlo\u017eljiva lestev je vsestransko orodje, ki podpira razvoj telesne pripravljenosti v izobra\u017eevalnih okoljih. Pomaga pri razvoju koordinacije, agilnosti in hitrosti ter vklju\u010duje zabavne elemente v telesne vaje. Zahvaljujo\u010d zlo\u017eljivi zasnovi je lestev enostavna za shranjevanje in transport, kar omogo\u010da hitro in priro\u010dno pripravo na razli\u010dne dejavnosti. Trdna konstrukcija zagotavlja stabilnost, nastavljiv razmik med pre\u010dkami pa omogo\u010da prilagajanje stopnje te\u017eavnosti potrebam uporabnikov. Zlo\u017ei se lahko tudi v obliko, primerno za vaje skakanja.<\/p>\n<p>Material: Plastika<\/p>\n<p>Skupna dol\u017eina (zlo\u017eena): 500 cm<\/p>\n<p>Velikost elementa: 50 cm<\/p>\n<p>Starost: 3+<\/p>","protected":false},"featured_media":12693,"menu_order":0,"comment_status":"open","ping_status":"closed","template":"","meta":[],"product_brand":[],"product_cat":[106,101,67,105],"product_tag":[],"class_list":{"0":"post-11054","1":"product","2":"type-product","3":"status-publish","4":"has-post-thumbnail","6":"product_cat-gibanje","7":"product_cat-motorika","8":"product_cat-ravnotezje","9":"product_cat-terapija","11":"first","12":"instock","13":"taxable","14":"shipping-taxable","15":"purchasable","16":"product-type-simple"},"jetpack_sharing_enabled":true,"_links":{"self":[{"href":"https:\/\/senzorika-varga.si\/en\/wp-json\/wp\/v2\/product\/11054","targetHints":{"allow":["GET"]}}],"collection":[{"href":"https:\/\/senzorika-varga.si\/en\/wp-json\/wp\/v2\/product"}],"about":[{"href":"https:\/\/senzorika-varga.si\/en\/wp-json\/wp\/v2\/types\/product"}],"replies":[{"embeddable":true,"href":"https:\/\/senzorika-varga.si\/en\/wp-json\/wp\/v2\/comments?post=11054"}],"version-history":[{"count":1,"href":"https:\/\/senzorika-varga.si\/en\/wp-json\/wp\/v2\/product\/11054\/revisions"}],"predecessor-version":[{"id":11055,"href":"https:\/\/senzorika-varga.si\/en\/wp-json\/wp\/v2\/product\/11054\/revisions\/11055"}],"wp:featuredmedia":[{"embeddable":true,"href":"https:\/\/senzorika-varga.si\/en\/wp-json\/wp\/v2\/media\/12693"}],"wp:attachment":[{"href":"https:\/\/senzorika-varga.si\/en\/wp-json\/wp\/v2\/media?parent=11054"}],"wp:term":[{"taxonomy":"product_brand","embeddable":true,"href":"https:\/\/senzorika-varga.si\/en\/wp-json\/wp\/v2\/product_brand?post=11054"},{"taxonomy":"product_cat","embeddable":true,"href":"https:\/\/senzorika-varga.si\/en\/wp-json\/wp\/v2\/product_cat?post=11054"},{"taxonomy":"product_tag","embeddable":true,"href":"https:\/\/senzorika-varga.si\/en\/wp-json\/wp\/v2\/product_tag?post=11054"}],"curies":[{"name":"wp","href":"https:\/\/api.w.org\/{rel}","templated":true}]}}