{"id":11048,"date":"2025-12-05T22:09:14","date_gmt":"2025-12-05T22:09:14","guid":{"rendered":"https:\/\/senzorika.ajvonidol.si\/?post_type=product&#038;p=11048"},"modified":"2025-12-27T19:44:59","modified_gmt":"2025-12-27T19:44:59","slug":"senzoricna-ravnotezna-gred","status":"publish","type":"product","link":"https:\/\/senzorika-varga.si\/en\/product\/senzoricna-ravnotezna-gred\/","title":{"rendered":"Senzori\u010dna ravnote\u017ena gred"},"content":{"rendered":"<p>Modularna gred za ravnote\u017eje, sestavljena iz \u0161estih zamenljivih modulov, je zasnovana za vsestransko spodbujanje ob\u010dutka za ravnote\u017eje in razvoj motori\u010dne koordinacije. Vsak modul ima dve kontrastni teksturi \u2013 eno trdo, ki zagotavlja stabilne in izrazite ob\u010dutke pod nogami, in drugo mehko, ki omogo\u010da ne\u017enej\u0161o stimulacijo. Ko uporabniki hodijo po povr\u0161ini grede, aktivirajo vse mi\u0161i\u010dne skupine, vadijo propriocepcijo in izbolj\u0161ujejo posturalno stabilnost. Razli\u010dne teksture \u2013 od trde in hrapave do mehke in pro\u017ene \u2013 intenzivirajo stimulacijo senzori\u010dnih receptorjev v stopalih, kar vpliva na regulacijo mi\u0161i\u010dnega tonusa in koordinacijo. Grede za ravnote\u017eje so idealno orodje za senzori\u010dno terapijo, ki omogo\u010da razvoj motori\u010dnih funkcij, prilagojenih individualnim potrebam uporabnika.<\/p>\n<p>Dimenzije: dol\u017eina enega modula: 60 cm<\/p>\n<p>Material: bukov les<\/p>\n<p>Teksture: himalajska sol, krzno, trava, ekspandirana glina, pluta, \u010di\u010derika, vijaki, pena, le\u010da<\/p>","protected":false},"excerpt":{"rendered":"<p>Modularna gred za ravnote\u017eje, sestavljena iz \u0161estih zamenljivih modulov, je zasnovana za vsestransko spodbujanje ob\u010dutka za ravnote\u017eje in razvoj motori\u010dne koordinacije. Vsak modul ima dve kontrastni teksturi \u2013 eno trdo, ki zagotavlja stabilne in izrazite ob\u010dutke pod nogami, in drugo mehko, ki omogo\u010da ne\u017enej\u0161o stimulacijo. Ko uporabniki hodijo po povr\u0161ini grede, aktivirajo vse mi\u0161i\u010dne skupine, vadijo propriocepcijo in izbolj\u0161ujejo posturalno stabilnost. Razli\u010dne teksture \u2013 od trde in hrapave do mehke in pro\u017ene \u2013 intenzivirajo stimulacijo senzori\u010dnih receptorjev v stopalih, kar vpliva na regulacijo mi\u0161i\u010dnega tonusa in koordinacijo. Grede za ravnote\u017eje so idealno orodje za senzori\u010dno terapijo, ki omogo\u010da razvoj motori\u010dnih funkcij, prilagojenih individualnim potrebam uporabnika.<\/p>\n<p>Dimenzije: dol\u017eina enega modula: 60 cm<\/p>\n<p>Material: bukov les<\/p>\n<p>Teksture: himalajska sol, krzno, trava, ekspandirana glina, pluta, \u010di\u010derika, vijaki, pena, le\u010da<\/p>","protected":false},"featured_media":12687,"menu_order":0,"comment_status":"open","ping_status":"closed","template":"","meta":[],"product_brand":[],"product_cat":[106,101,67,105],"product_tag":[],"class_list":{"0":"post-11048","1":"product","2":"type-product","3":"status-publish","4":"has-post-thumbnail","6":"product_cat-gibanje","7":"product_cat-motorika","8":"product_cat-ravnotezje","9":"product_cat-terapija","11":"first","12":"instock","13":"taxable","14":"shipping-taxable","15":"purchasable","16":"product-type-simple"},"jetpack_sharing_enabled":true,"_links":{"self":[{"href":"https:\/\/senzorika-varga.si\/en\/wp-json\/wp\/v2\/product\/11048","targetHints":{"allow":["GET"]}}],"collection":[{"href":"https:\/\/senzorika-varga.si\/en\/wp-json\/wp\/v2\/product"}],"about":[{"href":"https:\/\/senzorika-varga.si\/en\/wp-json\/wp\/v2\/types\/product"}],"replies":[{"embeddable":true,"href":"https:\/\/senzorika-varga.si\/en\/wp-json\/wp\/v2\/comments?post=11048"}],"version-history":[{"count":1,"href":"https:\/\/senzorika-varga.si\/en\/wp-json\/wp\/v2\/product\/11048\/revisions"}],"predecessor-version":[{"id":11049,"href":"https:\/\/senzorika-varga.si\/en\/wp-json\/wp\/v2\/product\/11048\/revisions\/11049"}],"wp:featuredmedia":[{"embeddable":true,"href":"https:\/\/senzorika-varga.si\/en\/wp-json\/wp\/v2\/media\/12687"}],"wp:attachment":[{"href":"https:\/\/senzorika-varga.si\/en\/wp-json\/wp\/v2\/media?parent=11048"}],"wp:term":[{"taxonomy":"product_brand","embeddable":true,"href":"https:\/\/senzorika-varga.si\/en\/wp-json\/wp\/v2\/product_brand?post=11048"},{"taxonomy":"product_cat","embeddable":true,"href":"https:\/\/senzorika-varga.si\/en\/wp-json\/wp\/v2\/product_cat?post=11048"},{"taxonomy":"product_tag","embeddable":true,"href":"https:\/\/senzorika-varga.si\/en\/wp-json\/wp\/v2\/product_tag?post=11048"}],"curies":[{"name":"wp","href":"https:\/\/api.w.org\/{rel}","templated":true}]}}