{"id":11038,"date":"2025-12-05T22:09:12","date_gmt":"2025-12-05T22:09:12","guid":{"rendered":"https:\/\/senzorika.ajvonidol.si\/?post_type=product&#038;p=11038"},"modified":"2025-12-27T19:44:58","modified_gmt":"2025-12-27T19:44:58","slug":"zibelka","status":"publish","type":"product","link":"https:\/\/senzorika-varga.si\/en\/product\/zibelka\/","title":{"rendered":"Zibelka"},"content":{"rendered":"<p>Zibelka je ve\u010dnamenski izdelek. V standardni postavitvi ima obliko zibelke. Obrnjena na glavo lahko deluje kot most \u010dez teko\u010do reko. Postavljena ob strani lahko slu\u017ei na primer kot pult trgovine ali ograja. 78 x 41 x 36 cm<\/p>","protected":false},"excerpt":{"rendered":"<p>Zibelka je ve\u010dnamenski izdelek. V standardni postavitvi ima obliko zibelke. Obrnjena na glavo lahko deluje kot most \u010dez teko\u010do reko. Postavljena ob strani lahko slu\u017ei na primer kot pult trgovine ali ograja. 78 x 41 x 36 cm<\/p>","protected":false},"featured_media":12682,"menu_order":0,"comment_status":"open","ping_status":"closed","template":"","meta":[],"product_brand":[],"product_cat":[106,101,67,105],"product_tag":[],"class_list":{"0":"post-11038","1":"product","2":"type-product","3":"status-publish","4":"has-post-thumbnail","6":"product_cat-gibanje","7":"product_cat-motorika","8":"product_cat-ravnotezje","9":"product_cat-terapija","11":"first","12":"instock","13":"taxable","14":"shipping-taxable","15":"purchasable","16":"product-type-simple"},"jetpack_sharing_enabled":true,"_links":{"self":[{"href":"https:\/\/senzorika-varga.si\/en\/wp-json\/wp\/v2\/product\/11038","targetHints":{"allow":["GET"]}}],"collection":[{"href":"https:\/\/senzorika-varga.si\/en\/wp-json\/wp\/v2\/product"}],"about":[{"href":"https:\/\/senzorika-varga.si\/en\/wp-json\/wp\/v2\/types\/product"}],"replies":[{"embeddable":true,"href":"https:\/\/senzorika-varga.si\/en\/wp-json\/wp\/v2\/comments?post=11038"}],"version-history":[{"count":1,"href":"https:\/\/senzorika-varga.si\/en\/wp-json\/wp\/v2\/product\/11038\/revisions"}],"predecessor-version":[{"id":11039,"href":"https:\/\/senzorika-varga.si\/en\/wp-json\/wp\/v2\/product\/11038\/revisions\/11039"}],"wp:featuredmedia":[{"embeddable":true,"href":"https:\/\/senzorika-varga.si\/en\/wp-json\/wp\/v2\/media\/12682"}],"wp:attachment":[{"href":"https:\/\/senzorika-varga.si\/en\/wp-json\/wp\/v2\/media?parent=11038"}],"wp:term":[{"taxonomy":"product_brand","embeddable":true,"href":"https:\/\/senzorika-varga.si\/en\/wp-json\/wp\/v2\/product_brand?post=11038"},{"taxonomy":"product_cat","embeddable":true,"href":"https:\/\/senzorika-varga.si\/en\/wp-json\/wp\/v2\/product_cat?post=11038"},{"taxonomy":"product_tag","embeddable":true,"href":"https:\/\/senzorika-varga.si\/en\/wp-json\/wp\/v2\/product_tag?post=11038"}],"curies":[{"name":"wp","href":"https:\/\/api.w.org\/{rel}","templated":true}]}}