{"id":11032,"date":"2025-12-05T22:09:12","date_gmt":"2025-12-05T22:09:12","guid":{"rendered":"https:\/\/senzorika.ajvonidol.si\/?post_type=product&#038;p=11032"},"modified":"2025-12-27T19:44:58","modified_gmt":"2025-12-27T19:44:58","slug":"lestev-s-plezalno-steno","status":"publish","type":"product","link":"https:\/\/senzorika-varga.si\/en\/product\/lestev-s-plezalno-steno\/","title":{"rendered":"Lestev s plezalno steno"},"content":{"rendered":"<p>Plezalna lestev s steno je leseno gimnasti\u010dno orodje, ki ponuja zabavno in vsestransko telesno rast. Izdelana je iz visokokakovostnega bukovega lesa in vezane plo\u0161\u010de ter zagotavlja varnost med uporabo. Ta oprema podpira razvoj grobih motori\u010dnih sposobnosti, izbolj\u0161uje ravnote\u017eje in krepi koordinacijo.<\/p>\n<p>Material: Bukov les, vezana plo\u0161\u010da<\/p>\n<p>Starost: 18 mesecev +<\/p>\n<p>Dimenzije: 74 x 80,6 x 58 cm<\/p>","protected":false},"excerpt":{"rendered":"<p>Plezalna lestev s steno je leseno gimnasti\u010dno orodje, ki ponuja zabavno in vsestransko telesno rast. Izdelana je iz visokokakovostnega bukovega lesa in vezane plo\u0161\u010de ter zagotavlja varnost med uporabo. Ta oprema podpira razvoj grobih motori\u010dnih sposobnosti, izbolj\u0161uje ravnote\u017eje in krepi koordinacijo.<\/p>\n<p>Material: Bukov les, vezana plo\u0161\u010da<\/p>\n<p>Starost: 18 mesecev +<\/p>\n<p>Dimenzije: 74 x 80,6 x 58 cm<\/p>","protected":false},"featured_media":12675,"menu_order":0,"comment_status":"open","ping_status":"closed","template":"","meta":[],"product_brand":[],"product_cat":[106,101,67,105],"product_tag":[],"class_list":{"0":"post-11032","1":"product","2":"type-product","3":"status-publish","4":"has-post-thumbnail","6":"product_cat-gibanje","7":"product_cat-motorika","8":"product_cat-ravnotezje","9":"product_cat-terapija","11":"first","12":"instock","13":"taxable","14":"shipping-taxable","15":"purchasable","16":"product-type-simple"},"jetpack_sharing_enabled":true,"_links":{"self":[{"href":"https:\/\/senzorika-varga.si\/en\/wp-json\/wp\/v2\/product\/11032","targetHints":{"allow":["GET"]}}],"collection":[{"href":"https:\/\/senzorika-varga.si\/en\/wp-json\/wp\/v2\/product"}],"about":[{"href":"https:\/\/senzorika-varga.si\/en\/wp-json\/wp\/v2\/types\/product"}],"replies":[{"embeddable":true,"href":"https:\/\/senzorika-varga.si\/en\/wp-json\/wp\/v2\/comments?post=11032"}],"version-history":[{"count":1,"href":"https:\/\/senzorika-varga.si\/en\/wp-json\/wp\/v2\/product\/11032\/revisions"}],"predecessor-version":[{"id":11033,"href":"https:\/\/senzorika-varga.si\/en\/wp-json\/wp\/v2\/product\/11032\/revisions\/11033"}],"wp:featuredmedia":[{"embeddable":true,"href":"https:\/\/senzorika-varga.si\/en\/wp-json\/wp\/v2\/media\/12675"}],"wp:attachment":[{"href":"https:\/\/senzorika-varga.si\/en\/wp-json\/wp\/v2\/media?parent=11032"}],"wp:term":[{"taxonomy":"product_brand","embeddable":true,"href":"https:\/\/senzorika-varga.si\/en\/wp-json\/wp\/v2\/product_brand?post=11032"},{"taxonomy":"product_cat","embeddable":true,"href":"https:\/\/senzorika-varga.si\/en\/wp-json\/wp\/v2\/product_cat?post=11032"},{"taxonomy":"product_tag","embeddable":true,"href":"https:\/\/senzorika-varga.si\/en\/wp-json\/wp\/v2\/product_tag?post=11032"}],"curies":[{"name":"wp","href":"https:\/\/api.w.org\/{rel}","templated":true}]}}