{"id":1103,"date":"2025-11-03T21:50:59","date_gmt":"2025-11-03T21:50:59","guid":{"rendered":"https:\/\/senzorika.ajvonidol.si\/?post_type=product&#038;p=1103"},"modified":"2026-01-05T12:01:08","modified_gmt":"2026-01-05T12:01:08","slug":"barvni-stolp-12","status":"publish","type":"product","link":"https:\/\/senzorika-varga.si\/en\/product\/barvni-stolp-12\/","title":{"rendered":"Barvni stolp &#8211; 1,2m"},"content":{"rendered":"<div><!--block-->Tihi stolp mehke svetlobe (brez vode in mehur\u010dkov), ne\u017eno spreminja barve.&nbsp;<\/p>\n<p>Barvni stolp je primeren v okoljih, kjer \u017eelite imeti popolno ti\u0161ino. Barve po\u010dasi prehajajo v vse mavri\u010dne barve.&nbsp; Barve lahko uravnavate z stikalom. Lahko ga za\u010dasno nadzirate z na\u0161o aplikacijo ali na\u0161imi razli\u010dnimi krmilniki\/stikali. Krmilna enota na sliki ni prilo\u017eena.<\/p>\n<p>Lahko ga postavite na podstavek (ni vklju\u010den v ceno), tako da je cev za\u0161\u010ditena in hkrati dobite \u010dudovito povr\u0161ino za sedenje\/le\u017eanje.<\/p>\n<p>Prednost: ni potrebno vzdr\u017eevanja kot je potreben za vodni stolp.<\/p><\/div>","protected":false},"excerpt":{"rendered":"<p>Barvni stolp &#8211; 1,2m<\/p>","protected":false},"featured_media":8590,"menu_order":0,"comment_status":"open","ping_status":"closed","template":"","meta":[],"product_brand":[],"product_cat":[71,70,125,68,128],"product_tag":[],"class_list":{"0":"post-1103","1":"product","2":"type-product","3":"status-publish","4":"has-post-thumbnail","6":"product_cat-barve","7":"product_cat-gledanje","8":"product_cat-snoezelen","9":"product_cat-vizualni-pripomocki","10":"product_cat-vodni-stolpi","12":"first","13":"instock","14":"taxable","15":"shipping-taxable","16":"purchasable","17":"product-type-simple"},"jetpack_sharing_enabled":true,"_links":{"self":[{"href":"https:\/\/senzorika-varga.si\/en\/wp-json\/wp\/v2\/product\/1103","targetHints":{"allow":["GET"]}}],"collection":[{"href":"https:\/\/senzorika-varga.si\/en\/wp-json\/wp\/v2\/product"}],"about":[{"href":"https:\/\/senzorika-varga.si\/en\/wp-json\/wp\/v2\/types\/product"}],"replies":[{"embeddable":true,"href":"https:\/\/senzorika-varga.si\/en\/wp-json\/wp\/v2\/comments?post=1103"}],"version-history":[{"count":1,"href":"https:\/\/senzorika-varga.si\/en\/wp-json\/wp\/v2\/product\/1103\/revisions"}],"predecessor-version":[{"id":1104,"href":"https:\/\/senzorika-varga.si\/en\/wp-json\/wp\/v2\/product\/1103\/revisions\/1104"}],"wp:featuredmedia":[{"embeddable":true,"href":"https:\/\/senzorika-varga.si\/en\/wp-json\/wp\/v2\/media\/8590"}],"wp:attachment":[{"href":"https:\/\/senzorika-varga.si\/en\/wp-json\/wp\/v2\/media?parent=1103"}],"wp:term":[{"taxonomy":"product_brand","embeddable":true,"href":"https:\/\/senzorika-varga.si\/en\/wp-json\/wp\/v2\/product_brand?post=1103"},{"taxonomy":"product_cat","embeddable":true,"href":"https:\/\/senzorika-varga.si\/en\/wp-json\/wp\/v2\/product_cat?post=1103"},{"taxonomy":"product_tag","embeddable":true,"href":"https:\/\/senzorika-varga.si\/en\/wp-json\/wp\/v2\/product_tag?post=1103"}],"curies":[{"name":"wp","href":"https:\/\/api.w.org\/{rel}","templated":true}]}}