{"id":11028,"date":"2025-12-05T22:09:12","date_gmt":"2025-12-05T22:09:12","guid":{"rendered":"https:\/\/senzorika.ajvonidol.si\/?post_type=product&#038;p=11028"},"modified":"2025-12-27T19:44:55","modified_gmt":"2025-12-27T19:44:55","slug":"dvojna-ploscad-na-valjckih","status":"publish","type":"product","link":"https:\/\/senzorika-varga.si\/en\/product\/dvojna-ploscad-na-valjckih\/","title":{"rendered":"Dvojna plo\u0161\u010dad na valj\u010dkih"},"content":{"rendered":"<p>Dvojna valj\u010dna plo\u0161\u010dad, uporabna pri razli\u010dnih terapevtskih dejavnostih. Izdelana je iz brezove vezane plo\u0161\u010de. Dimenzije: enega elementa: 134 x 64 x 17 cm. Dimenzije: dveh skupaj spojenih valjev: 268 x 66 x 17 cm. Prevladujo\u010da barva izdelka je siva.<\/p>","protected":false},"excerpt":{"rendered":"<p>Dvojna valj\u010dna plo\u0161\u010dad, uporabna pri razli\u010dnih terapevtskih dejavnostih. Izdelana je iz brezove vezane plo\u0161\u010de. Dimenzije: enega elementa: 134 x 64 x 17 cm. Dimenzije: dveh skupaj spojenih valjev: 268 x 66 x 17 cm. Prevladujo\u010da barva izdelka je siva.<\/p>","protected":false},"featured_media":12668,"menu_order":0,"comment_status":"open","ping_status":"closed","template":"","meta":[],"product_brand":[],"product_cat":[106,101,67,105],"product_tag":[],"class_list":{"0":"post-11028","1":"product","2":"type-product","3":"status-publish","4":"has-post-thumbnail","6":"product_cat-gibanje","7":"product_cat-motorika","8":"product_cat-ravnotezje","9":"product_cat-terapija","11":"first","12":"instock","13":"taxable","14":"shipping-taxable","15":"purchasable","16":"product-type-simple"},"jetpack_sharing_enabled":true,"_links":{"self":[{"href":"https:\/\/senzorika-varga.si\/en\/wp-json\/wp\/v2\/product\/11028","targetHints":{"allow":["GET"]}}],"collection":[{"href":"https:\/\/senzorika-varga.si\/en\/wp-json\/wp\/v2\/product"}],"about":[{"href":"https:\/\/senzorika-varga.si\/en\/wp-json\/wp\/v2\/types\/product"}],"replies":[{"embeddable":true,"href":"https:\/\/senzorika-varga.si\/en\/wp-json\/wp\/v2\/comments?post=11028"}],"version-history":[{"count":1,"href":"https:\/\/senzorika-varga.si\/en\/wp-json\/wp\/v2\/product\/11028\/revisions"}],"predecessor-version":[{"id":11029,"href":"https:\/\/senzorika-varga.si\/en\/wp-json\/wp\/v2\/product\/11028\/revisions\/11029"}],"wp:featuredmedia":[{"embeddable":true,"href":"https:\/\/senzorika-varga.si\/en\/wp-json\/wp\/v2\/media\/12668"}],"wp:attachment":[{"href":"https:\/\/senzorika-varga.si\/en\/wp-json\/wp\/v2\/media?parent=11028"}],"wp:term":[{"taxonomy":"product_brand","embeddable":true,"href":"https:\/\/senzorika-varga.si\/en\/wp-json\/wp\/v2\/product_brand?post=11028"},{"taxonomy":"product_cat","embeddable":true,"href":"https:\/\/senzorika-varga.si\/en\/wp-json\/wp\/v2\/product_cat?post=11028"},{"taxonomy":"product_tag","embeddable":true,"href":"https:\/\/senzorika-varga.si\/en\/wp-json\/wp\/v2\/product_tag?post=11028"}],"curies":[{"name":"wp","href":"https:\/\/api.w.org\/{rel}","templated":true}]}}