{"id":11026,"date":"2025-12-05T22:09:11","date_gmt":"2025-12-05T22:09:11","guid":{"rendered":"https:\/\/senzorika.ajvonidol.si\/?post_type=product&#038;p=11026"},"modified":"2025-12-27T19:44:55","modified_gmt":"2025-12-27T19:44:55","slug":"gimnasticna-kocka","status":"publish","type":"product","link":"https:\/\/senzorika-varga.si\/en\/product\/gimnasticna-kocka\/","title":{"rendered":"Gimnasti\u010dna kocka"},"content":{"rendered":"<p>Ta gimnasti\u010dna naprava je sestavljena iz razli\u010dnih plezalnih sten. Na sredini konstrukcije je prosti prostor, ki lahko slu\u017ei kot predor v oviri. Izdelana iz brezove vezane plo\u0161\u010de; 105 x 105 x 105 cm \/ razli\u010dne plezalne stene \/ mo\u017enost pritrditve lestev<\/p>","protected":false},"excerpt":{"rendered":"<p>Ta gimnasti\u010dna naprava je sestavljena iz razli\u010dnih plezalnih sten. Na sredini konstrukcije je prosti prostor, ki lahko slu\u017ei kot predor v oviri. Izdelana iz brezove vezane plo\u0161\u010de; 105 x 105 x 105 cm \/ razli\u010dne plezalne stene \/ mo\u017enost pritrditve lestev<\/p>","protected":false},"featured_media":12667,"menu_order":0,"comment_status":"open","ping_status":"closed","template":"","meta":[],"product_brand":[],"product_cat":[106,101,67,105],"product_tag":[],"class_list":{"0":"post-11026","1":"product","2":"type-product","3":"status-publish","4":"has-post-thumbnail","6":"product_cat-gibanje","7":"product_cat-motorika","8":"product_cat-ravnotezje","9":"product_cat-terapija","11":"first","12":"instock","13":"taxable","14":"shipping-taxable","15":"purchasable","16":"product-type-simple"},"jetpack_sharing_enabled":true,"_links":{"self":[{"href":"https:\/\/senzorika-varga.si\/en\/wp-json\/wp\/v2\/product\/11026","targetHints":{"allow":["GET"]}}],"collection":[{"href":"https:\/\/senzorika-varga.si\/en\/wp-json\/wp\/v2\/product"}],"about":[{"href":"https:\/\/senzorika-varga.si\/en\/wp-json\/wp\/v2\/types\/product"}],"replies":[{"embeddable":true,"href":"https:\/\/senzorika-varga.si\/en\/wp-json\/wp\/v2\/comments?post=11026"}],"version-history":[{"count":1,"href":"https:\/\/senzorika-varga.si\/en\/wp-json\/wp\/v2\/product\/11026\/revisions"}],"predecessor-version":[{"id":11027,"href":"https:\/\/senzorika-varga.si\/en\/wp-json\/wp\/v2\/product\/11026\/revisions\/11027"}],"wp:featuredmedia":[{"embeddable":true,"href":"https:\/\/senzorika-varga.si\/en\/wp-json\/wp\/v2\/media\/12667"}],"wp:attachment":[{"href":"https:\/\/senzorika-varga.si\/en\/wp-json\/wp\/v2\/media?parent=11026"}],"wp:term":[{"taxonomy":"product_brand","embeddable":true,"href":"https:\/\/senzorika-varga.si\/en\/wp-json\/wp\/v2\/product_brand?post=11026"},{"taxonomy":"product_cat","embeddable":true,"href":"https:\/\/senzorika-varga.si\/en\/wp-json\/wp\/v2\/product_cat?post=11026"},{"taxonomy":"product_tag","embeddable":true,"href":"https:\/\/senzorika-varga.si\/en\/wp-json\/wp\/v2\/product_tag?post=11026"}],"curies":[{"name":"wp","href":"https:\/\/api.w.org\/{rel}","templated":true}]}}