{"id":11018,"date":"2025-12-05T22:09:10","date_gmt":"2025-12-05T22:09:10","guid":{"rendered":"https:\/\/senzorika.ajvonidol.si\/?post_type=product&#038;p=11018"},"modified":"2025-12-27T19:44:47","modified_gmt":"2025-12-27T19:44:47","slug":"gimnasticni-trikotnik","status":"publish","type":"product","link":"https:\/\/senzorika-varga.si\/en\/product\/gimnasticni-trikotnik\/","title":{"rendered":"Gimnasti\u010dni trikotnik"},"content":{"rendered":"<p>Gimnasti\u010dni trikotnik iz vodoodporne barvane vezane plo\u0161\u010de. Vsaka stran omogo\u010da izbolj\u0161anje koordinacije. Mo\u017ene so 3 aktivnosti: plezalna stena, plezalni avtomobil\u010dek in lestev; 104 x 117 x 93 cm<\/p>","protected":false},"excerpt":{"rendered":"<p>Gimnasti\u010dni trikotnik iz vodoodporne barvane vezane plo\u0161\u010de. Vsaka stran omogo\u010da izbolj\u0161anje koordinacije. Mo\u017ene so 3 aktivnosti: plezalna stena, plezalni avtomobil\u010dek in lestev; 104 x 117 x 93 cm<\/p>","protected":false},"featured_media":12661,"menu_order":0,"comment_status":"open","ping_status":"closed","template":"","meta":[],"product_brand":[],"product_cat":[106,101,67,105],"product_tag":[],"class_list":{"0":"post-11018","1":"product","2":"type-product","3":"status-publish","4":"has-post-thumbnail","6":"product_cat-gibanje","7":"product_cat-motorika","8":"product_cat-ravnotezje","9":"product_cat-terapija","11":"first","12":"instock","13":"taxable","14":"shipping-taxable","15":"purchasable","16":"product-type-simple"},"jetpack_sharing_enabled":true,"_links":{"self":[{"href":"https:\/\/senzorika-varga.si\/en\/wp-json\/wp\/v2\/product\/11018","targetHints":{"allow":["GET"]}}],"collection":[{"href":"https:\/\/senzorika-varga.si\/en\/wp-json\/wp\/v2\/product"}],"about":[{"href":"https:\/\/senzorika-varga.si\/en\/wp-json\/wp\/v2\/types\/product"}],"replies":[{"embeddable":true,"href":"https:\/\/senzorika-varga.si\/en\/wp-json\/wp\/v2\/comments?post=11018"}],"version-history":[{"count":1,"href":"https:\/\/senzorika-varga.si\/en\/wp-json\/wp\/v2\/product\/11018\/revisions"}],"predecessor-version":[{"id":11019,"href":"https:\/\/senzorika-varga.si\/en\/wp-json\/wp\/v2\/product\/11018\/revisions\/11019"}],"wp:featuredmedia":[{"embeddable":true,"href":"https:\/\/senzorika-varga.si\/en\/wp-json\/wp\/v2\/media\/12661"}],"wp:attachment":[{"href":"https:\/\/senzorika-varga.si\/en\/wp-json\/wp\/v2\/media?parent=11018"}],"wp:term":[{"taxonomy":"product_brand","embeddable":true,"href":"https:\/\/senzorika-varga.si\/en\/wp-json\/wp\/v2\/product_brand?post=11018"},{"taxonomy":"product_cat","embeddable":true,"href":"https:\/\/senzorika-varga.si\/en\/wp-json\/wp\/v2\/product_cat?post=11018"},{"taxonomy":"product_tag","embeddable":true,"href":"https:\/\/senzorika-varga.si\/en\/wp-json\/wp\/v2\/product_tag?post=11018"}],"curies":[{"name":"wp","href":"https:\/\/api.w.org\/{rel}","templated":true}]}}